{"id":1427,"date":"2025-12-22T07:27:25","date_gmt":"2025-12-22T07:27:25","guid":{"rendered":"https:\/\/piperspinuk.org\/app-2\/"},"modified":"2025-12-22T09:56:31","modified_gmt":"2025-12-22T09:56:31","slug":"app","status":"publish","type":"page","link":"https:\/\/piperspinuk.org\/de\/app\/","title":{"rendered":"App"},"content":{"rendered":"<h1>Piperspin App: Spiele f\u00fcr iOS und Android<\/h1>\n<p>Die Piperspin App ist ein hochwertiges und sicheres Handyspiel, das entwickelt wurde, um die Anforderungen der Spieler unseres Casinos zu erf\u00fcllen. Piperspin Casino verf\u00fcgt \u00fcber die neueste Technologie, sodass Benutzer unabh\u00e4ngig davon, ob sie ein Smartphone oder ein Tablet verwenden, problemlos auf ihre bevorzugten Online-Casinospiele und Slots zugreifen k\u00f6nnen. Die Piperspin App ist der neueste Trend im Bereich der mobilen Spiele, bei dem Geschwindigkeit, Sicherheit und Komfort im Vordergrund stehen.<\/p>\n<p>Piperspin Casino setzt immer wieder neue Ma\u00dfst\u00e4be im Bereich des mobilen Gl\u00fccksspiels. Deshalb kombinieren wir die neuesten Technologien mit einem benutzerfreundlichen Design. Unsere Spiele lassen sich problemlos \u00fcber unsere PWA oder mithilfe von Desktop-Software spielen. Spieler haben Zugang zu einem spannenden, sicheren und leistungsstarken Spielerlebnis, das mit den Ger\u00e4ten ihrer Wahl kompatibel ist.<\/p>\n<div class=\"banner-wrap\" aria-label=\"Banner\"><img src=\"https:\/\/piperspinuk.org\/wp-content\/uploads\/2025\/12\/TOwKZNmxqjNhxfrdqEkN.webp\" class=\"w-100 d-none d-lg-block img-pc main-banner-img\" alt=\"Piperspin desktop banner\" fetchpriority=\"high\" decoding=\"async\"><img src=\"https:\/\/piperspinuk.org\/wp-content\/uploads\/2025\/12\/Piperspin-mobile-banner.webp\" class=\"w-100 d-none d-md-block d-lg-none main-banner-img\" alt=\"Piperspin mobile banner\" fetchpriority=\"high\" decoding=\"async\"><img src=\"https:\/\/piperspinuk.org\/wp-content\/uploads\/2025\/12\/Piperspin-mobile-banner.webp\" class=\"w-100 d-md-none\" alt=\"Piperspin mobile banner\" fetchpriority=\"high\" decoding=\"async\"><div class=\"banner-description\">\n<div class=\"banner-title\">Willkommensboni<\/div>\n<p class=\"banner-header-title\">1500 \u20ac<\/p>\n<div class=\"banner-header-AdditionalText\">+ 250 Freispiele<\/div>\n<button data-item=\"homepage_banner_link\" class=\"goto m-button m-gradient-border m-button--primary m-button--large banner-button btn-orange\">\n            <div class=\"m-button-content\">\n                <span>Jetzt anmelden<\/span>\n                <span><\/span>\n            <\/div>\n        <\/button>\n<\/div>\n<div class=\"WelcomePack\">\n<p><img loading=\"lazy\" decoding=\"async\" class=\"alignnone wp-image-1339 size-full\" src=\"https:\/\/piperspinuk.org\/wp-content\/uploads\/2025\/12\/welcome-crown.svg\" alt=\"crown\" width=\"25\" height=\"26\" \/><\/p>\n<div class=\"WelcomePack-Info\">W\u00f6chentlicher Cashback von bis zu 25 %<\/div>\n<p><img loading=\"lazy\" decoding=\"async\" class=\"alignnone wp-image-1339 size-full\" src=\"https:\/\/piperspinuk.org\/wp-content\/uploads\/2025\/12\/welcome-crown.svg\" alt=\"crown\" width=\"25\" height=\"26\" \/><\/p>\n<\/div>\n<\/div>\n<h2>Mobile Erfahrung bei Piper Spin<\/h2>\n<p>Die Piperspin App ist als PWA verf\u00fcgbar und bietet ein leistungsstarkes mobiles Casino-Erlebnis. Wir konkurrieren mit den herk\u00f6mmlichen Desktop- (und Telefon-)Apps. Sie verf\u00fcgt \u00fcber eine benutzerfreundliche Oberfl\u00e4che, die f\u00fcr Touchscreens optimiert ist, sodass der Benutzer leicht navigieren und alles finden kann. Ihre leistungsstarke Architektur sorgt f\u00fcr schnelles Laden, unterbrechungsfreies Gameplay und hochwertige Grafiken, was die Piperspin App zur besten Option f\u00fcr unsere gesch\u00e4tzten Spieler macht, die \u00fcberall und jederzeit unterhalten werden m\u00f6chten.<\/p>\n<p>Die Piperspin App ist auch besser als das Spielen auf einem PC, da sie sofort zug\u00e4nglich ist und keine langen Downloads oder Installationen erfordert. Sie verf\u00fcgt \u00fcber ein responsives Design, das sich an jede Ger\u00e4tebildschirmgr\u00f6\u00dfe anpassen l\u00e4sst und somit sicherstellt, dass das Erlebnis auf Smartphones und Tablets gleich ist. Die Anwendung ist au\u00dferdem benutzerfreundlich, sodass die Spieler mit zus\u00e4tzlichen Schutzma\u00dfnahmen, die sensible Informationen sichern, Einzahlungen, Auszahlungen und Bonusanspr\u00fcche \u00fcber ihr Mobiltelefon vornehmen k\u00f6nnen. Sie werden keine Unannehmlichkeiten versp\u00fcren.<\/p>\n<p><div class=\"scrollable-content-wrap my-5\"><div class=\"scrollable-content-inner\"><h2>Piperspin iOS Casino App<\/h2>\n<p>Die Piperspin Casino iOS-Anwendung ist auch f\u00fcr Safari und andere kompatible Browser optimiert, sodass Nutzer von Apple-Ger\u00e4ten ein sicheres und zufriedenstellendes Erlebnis genie\u00dfen k\u00f6nnen. Die Installation der Piperspin App ist nicht kompliziert:<\/p>\n<ol>\n<li>Der Benutzer meldet sich auf der Hauptseite bei seinem Konto an.<\/li>\n<li>Klicken Sie auf die Schaltfl\u00e4che \u201eInstallieren\u201c.<\/li>\n<li>Beantworten Sie dann einfache Fragen und Anweisungen, um die App zum Startbildschirm hinzuzuf\u00fcgen.<\/li>\n<\/ol>\n<p>Nach der Installation sehen Sie als Erstes das Symbol Piperspin Casino, \u00fcber das Sie auf die Bibliothek mit Online-Slots und Casinospielen zugreifen k\u00f6nnen.<\/p>\n<p>Die iOS-Version verf\u00fcgt \u00fcber gr\u00f6\u00dfere, stilvolle, touchfreundliche Schaltfl\u00e4chen und Wischfunktionen f\u00fcr eine einfache Navigation. Die Spieler werden \u00fcber Push-Benachrichtigungen \u00fcber neue Spiele, Sonderboni und Sonderveranstaltungen von Piperspin Casino auf dem Laufenden gehalten.<\/p>\n<p>Die Anwendung entspricht den Richtlinien von Apple, und die Umgebung ist sicher; die Privatsph\u00e4re und Sicherheit der Benutzer sind gew\u00e4hrleistet, ohne dass die Leistung beeintr\u00e4chtigt wird. Die zus\u00e4tzlichen Sicherheitsfunktionen erm\u00f6glichen ein reibungsloses Spielvergn\u00fcgen und gew\u00e4hrleisten die Sicherheit der Benutzer.<\/p>\n<p><img loading=\"lazy\" decoding=\"async\" src=\"https:\/\/piperspinuk.org\/wp-content\/uploads\/2025\/12\/Piperspin-iOS-App.webp\" alt=\"Piperspin iOS App\" width=\"1248\" height=\"536\" \/><\/p>\n<\/div><\/div><div style=\"clear: both\"><\/div><div class=\"d-flex justify-content-center\"><button data-item=\"decouvrez_link\" data-group=\"website_links\" class=\"goto fw-bold rounded-pill btn btn-orange\" aria-label=\"Laden Sie die Piperspin-App herunter\" >Laden Sie die Piperspin-App herunter<\/button><\/div><div class=\"scrollable-content-wrap my-5\"><div class=\"scrollable-content-inner\"><h2>Piperspin Android Casino App<\/h2>\n<p>Piperspin Casino verf\u00fcgt auch \u00fcber eine Android-App, die ebenfalls in Form einer progressiven Webanwendung (PWA) vorliegt, sodass der Nutzer ein hochwertiges Spielerlebnis ohne umfangreiche Downloads genie\u00dfen kann.<\/p>\n<p>Um die Piperspin App zu installieren, muss ein Spieler auf seinem Android-Ger\u00e4t auf die Hauptseite gehen, zum App-Bereich scrollen und auf die Schaltfl\u00e4che tippen. Sie tr\u00e4gt die Bezeichnung \u201eCasino App\u201c.<\/p>\n<p>Nach den Anweisungen k\u00f6nnen Sie die Anwendung einfach auf dem Startbildschirm anheften und erhalten so ein Symbol, \u00fcber das Sie mit einem einzigen Fingertipp auf die gesamte Spielebibliothek und die Kontoverwaltungsoptionen zugreifen k\u00f6nnen.<\/p>\n<p>Die Piper Spin PWA-Funktionalit\u00e4t garantiert, dass unsere ausgefallene App stets mit den neuesten Sicherheitspatches und Funktionen aktualisiert werden kann und wird. Sie k\u00f6nnen unsere ber\u00fchrungsempfindliche Benutzeroberfl\u00e4che auf jedem Bildschirm genie\u00dfen, mit einer einfachen Navigation und reaktionsschnellen Spielfunktionen auf Smartphones und Tablets.<\/p>\n<p>Die Piperspin PWA bietet ein mobiles Casino, das vielseitig und tats\u00e4chlich portabel ist. Es bietet Spielern ein gro\u00dfartiges Spielerlebnis, ohne dass gro\u00dfe Downloads oder manuelle Software-Updates erforderlich sind.<\/p>\n<h3>APK<\/h3>\n<p>F\u00fcr diejenigen, die Piperspin APK-Dateien bevorzugen, empfehlen wir, sich \u00fcber die PWA mit dem Casino zu verbinden. Diese ist sicherer und wird automatisch aktualisiert. So bleiben die Spieler immer auf dem neuesten Stand und technische Probleme und Sicherheitsrisiken werden minimiert.<\/p>\n<p>Der PWA-Ansatz hilft uns, Sicherheitsrisiken und manuelle Updates zu vermeiden, indem APK-Downloads und damit verbundene Sicherheitsprobleme vermieden werden.<\/p>\n<p><img loading=\"lazy\" decoding=\"async\" src=\"https:\/\/piperspinuk.org\/wp-content\/uploads\/2025\/12\/Piperspin-Android-App.webp\" alt=\"Piperspin Android App\" width=\"1248\" height=\"536\" \/><\/p>\n<\/div><\/div><div style=\"clear: both\"><\/div><div class=\"d-flex justify-content-center\"><button data-item=\"decouvrez_link\" data-group=\"website_links\" class=\"goto fw-bold rounded-pill btn btn-orange\" aria-label=\"Piperspin herunterladen\" >Piperspin herunterladen<\/button><\/div><div class=\"scrollable-content-wrap my-5\"><div class=\"scrollable-content-inner\"><h2>Apps f\u00fcr Windows und macOS herunterladen<\/h2>\n<p>Spieler, die gerne auf Desktop-Computern spielen, k\u00f6nnen die Piperspin Software herunterladen, die unter Windows und Mac OS l\u00e4uft. Die Desktop-App verf\u00fcgt \u00fcber integrierte Funktionen f\u00fcr bessere 3D-Grafiken, supercoole Audioeffekte und eine geeignete, einfache und dunkle Benutzeroberfl\u00e4che, die an gro\u00dfe Bildschirme angepasst ist. Sie bietet alle Optionen der mobilen Anwendung. Sie erhalten einen Live Chat Service, ein Tool zur Konto\u00fcberpr\u00fcfung und Zugriff auf die gesamte Auswahl an Internet-Slots und Casino-Spielen.<\/p>\n<p>Die Desktop-Version kann mit g\u00e4ngigen Browsern wie Google Chrome, Mozilla Firefox, Safari und Microsoft Edge verwendet werden. Dies kommt den Spielern zugute, die auf den meisten Ger\u00e4ten und Betriebssystemen ein reibungsloses Spielerlebnis genie\u00dfen k\u00f6nnen.<\/p>\n<p>Vergleichen wir:<\/p>\n<table>\n<tbody>\n<tr>\n<td>Funktion<\/td>\n<td>PWA<\/td>\n<td>G\u00e4ngige APKs<\/td>\n<\/tr>\n<tr>\n<td>Installation<\/td>\n<td>Installation \u00fcber den Browser (Zum Startbildschirm hinzuf\u00fcgen), kein App Store erforderlich<\/td>\n<td>\u00dcber Google Play installiert oder per Sideloading \u00fcbertragen; erfordert die Genehmigung des App Stores<\/td>\n<\/tr>\n<tr>\n<td>Aktualisierungsprozess<\/td>\n<td>Automatische Aktualisierung, kein manueller Eingriff erforderlich<\/td>\n<td>Erfordert manuelle Updates oder Updates aus dem App Store; der Benutzer muss neue Versionen herunterladen.<\/td>\n<\/tr>\n<tr>\n<td>Entwicklung und Wartung<\/td>\n<td>Eine Codebasis f\u00fcr alle Plattformen; einfachere Updates<\/td>\n<td>Separate Codebasen f\u00fcr Android, iOS usw.; komplexere Wartung<\/td>\n<\/tr>\n<tr>\n<td>Ger\u00e4tezugriff<\/td>\n<td>Eingeschr\u00e4nkter Zugriff auf Ger\u00e4tefunktionen (z. B. GPS, Kamera, Benachrichtigungen)<\/td>\n<td>Voller Zugriff auf Ger\u00e4tehardware und Systemfunktionen<\/td>\n<\/tr>\n<\/tbody>\n<\/table>\n<p>Diese Tabelle hilft Ihnen, die Unterschiede und Vorteile der Piper Spin PWA zu erkennen.<\/p>\n<p><img loading=\"lazy\" decoding=\"async\" src=\"https:\/\/piperspinuk.org\/wp-content\/uploads\/2025\/12\/Piperspin-Desktop.webp\" alt=\"Piperspin Desktop\" width=\"1248\" height=\"536\" \/><\/p>\n<\/div><\/div><div style=\"clear: both\"><\/div><div class=\"d-flex justify-content-center\"><button data-item=\"decouvrez_link\" data-group=\"website_links\" class=\"goto fw-bold rounded-pill btn btn-orange\" aria-label=\"Laden Sie die Piperspin-App herunter\" >Laden Sie die Piperspin-App herunter<\/button><\/div><div class=\"scrollable-content-wrap my-5\"><div class=\"scrollable-content-inner\"><h2>H\u00e4ufig gestellte Fragen<\/h2>\n<h3>Bietet die Piper Spin Casino App Kundensupport an?<\/h3>\n<p>Piperspin Casino bietet Kundensupport in Form eines Live Chat, der nicht nur innerhalb der App, sondern auch auf der offiziellen Website verf\u00fcgbar ist. Das Support Team steht rund um die Uhr zur Verf\u00fcgung, um technische Probleme, den Verifizierungsprozess und alle Fragen zu kl\u00e4ren, die auftreten k\u00f6nnen, damit der Spielablauf nicht beeintr\u00e4chtigt wird.<\/p>\n<h3>Ist die Erstellung eines Kontos erforderlich, um die Piper Spin App zu nutzen?<\/h3>\n<p>Um all dies nutzen zu k\u00f6nnen, einschlie\u00dflich Einzahlungen, Auszahlungen und Spielbetrieb, sind eine Registrierung und Verifizierung erforderlich. Der Vorgang ist schnell und sicher und dient dazu, die Daten der Spieler zu sch\u00fctzen und ihnen einen einfachen Zugang zu den Dienstleistungen des Casinos zu erm\u00f6glichen.<\/p>\n<h3>Sind alle Spiele in der Piperspin App verf\u00fcgbar?<\/h3>\n<p>Die mobile App erm\u00f6glicht den Zugriff auf die meisten Online-Slots und Casinospiele, die im Piper Spin Casino verf\u00fcgbar sind. Unsere mobile Plattform bietet eine riesige Bibliothek, die den meisten Vorlieben der Spieler gerecht wird.<\/p>\n<h3>Wie kann ich die Piperspin Casino App aktualisieren?<\/h3>\n<p>Piperspin Casino ist eine \u00fcberzeugende App, die eine PWA nutzt, die automatisch aktualisiert wird und die neuesten Funktionen und Sicherheitsverbesserungen bereitstellt. Der Browser oder das installierte Symbol werden verwendet, um auf das Casino zuzugreifen und den Benutzern die neueste Version zur Verf\u00fcgung zu stellen.<\/p>\n<\/div><\/div><\/p>\n","protected":false},"excerpt":{"rendered":"<p>Piperspin App: Spiele f\u00fcr iOS und Android Die Piperspin App ist ein hochwertiges und sicheres Handyspiel, das entwickelt wurde, um die Anforderungen der Spieler unseres Casinos zu erf\u00fcllen. Piperspin Casino verf\u00fcgt \u00fcber die neueste Technologie, sodass Benutzer unabh\u00e4ngig davon, ob sie ein Smartphone oder ein Tablet verwenden, problemlos auf ihre bevorzugten Online-Casinospiele und Slots zugreifen [&hellip;]<\/p>\n","protected":false},"author":1,"featured_media":0,"parent":0,"menu_order":0,"comment_status":"closed","ping_status":"closed","template":"template-builder.php","meta":{"_acf_changed":false,"inline_featured_image":false,"footnotes":""},"class_list":["post-1427","page","type-page","status-publish","hentry"],"acf":[],"yoast_head":"<!-- This site is optimized with the Yoast SEO plugin v27.3 - https:\/\/yoast.com\/product\/yoast-seo-wordpress\/ -->\n<title>Piperspin App | iOS- und Android-Plattformen<\/title>\n<meta name=\"description\" content=\"Die Piperspin-App bietet reibungsloses Casino-Gaming auf Android, iOS, Windows und macOS mit synchronisierten Konten, regelm\u00e4\u00dfigen Updates und integriertem Kundensupport f\u00fcr ein stressfreies Erlebnis.\" \/>\n<meta name=\"robots\" content=\"index, follow, max-snippet:-1, max-image-preview:large, max-video-preview:-1\" \/>\n<link rel=\"canonical\" href=\"https:\/\/piperspinuk.org\/de\/app\/\" \/>\n<meta property=\"og:locale\" content=\"de_DE\" \/>\n<meta property=\"og:type\" content=\"article\" \/>\n<meta property=\"og:title\" content=\"Piperspin App | iOS- und Android-Plattformen\" \/>\n<meta property=\"og:description\" content=\"Die Piperspin-App bietet reibungsloses Casino-Gaming auf Android, iOS, Windows und macOS mit synchronisierten Konten, regelm\u00e4\u00dfigen Updates und integriertem Kundensupport f\u00fcr ein stressfreies Erlebnis.\" \/>\n<meta property=\"og:url\" content=\"https:\/\/piperspinuk.org\/de\/app\/\" \/>\n<meta property=\"og:site_name\" content=\"piperspin\" \/>\n<meta property=\"article:modified_time\" content=\"2025-12-22T09:56:31+00:00\" \/>\n<meta name=\"twitter:card\" content=\"summary_large_image\" \/>\n<meta name=\"twitter:label1\" content=\"Gesch\u00e4tzte Lesezeit\" \/>\n\t<meta name=\"twitter:data1\" content=\"2\u00a0Minuten\" \/>\n<script type=\"application\/ld+json\" class=\"yoast-schema-graph\">{\"@context\":\"https:\\\/\\\/schema.org\",\"@graph\":[{\"@type\":\"WebPage\",\"@id\":\"https:\\\/\\\/piperspinuk.org\\\/de\\\/app\\\/\",\"url\":\"https:\\\/\\\/piperspinuk.org\\\/de\\\/app\\\/\",\"name\":\"Piperspin App | iOS- und Android-Plattformen\",\"isPartOf\":{\"@id\":\"https:\\\/\\\/piperspinuk.org\\\/de\\\/#website\"},\"datePublished\":\"2025-12-22T07:27:25+00:00\",\"dateModified\":\"2025-12-22T09:56:31+00:00\",\"description\":\"Die Piperspin-App bietet reibungsloses Casino-Gaming auf Android, iOS, Windows und macOS mit synchronisierten Konten, regelm\u00e4\u00dfigen Updates und integriertem Kundensupport f\u00fcr ein stressfreies Erlebnis.\",\"breadcrumb\":{\"@id\":\"https:\\\/\\\/piperspinuk.org\\\/de\\\/app\\\/#breadcrumb\"},\"inLanguage\":\"de\",\"potentialAction\":[{\"@type\":\"ReadAction\",\"target\":[\"https:\\\/\\\/piperspinuk.org\\\/de\\\/app\\\/\"]}]},{\"@type\":\"BreadcrumbList\",\"@id\":\"https:\\\/\\\/piperspinuk.org\\\/de\\\/app\\\/#breadcrumb\",\"itemListElement\":[{\"@type\":\"ListItem\",\"position\":1,\"name\":\"Piperspin\",\"item\":\"https:\\\/\\\/piperspinuk.org\\\/de\\\/\"},{\"@type\":\"ListItem\",\"position\":2,\"name\":\"App\"}]},{\"@type\":\"WebSite\",\"@id\":\"https:\\\/\\\/piperspinuk.org\\\/de\\\/#website\",\"url\":\"https:\\\/\\\/piperspinuk.org\\\/de\\\/\",\"name\":\"Piperspin\",\"description\":\"\",\"publisher\":{\"@id\":\"https:\\\/\\\/piperspinuk.org\\\/de\\\/#organization\"},\"potentialAction\":[{\"@type\":\"SearchAction\",\"target\":{\"@type\":\"EntryPoint\",\"urlTemplate\":\"https:\\\/\\\/piperspinuk.org\\\/de\\\/?s={search_term_string}\"},\"query-input\":{\"@type\":\"PropertyValueSpecification\",\"valueRequired\":true,\"valueName\":\"search_term_string\"}}],\"inLanguage\":\"de\"},{\"@type\":\"Organization\",\"@id\":\"https:\\\/\\\/piperspinuk.org\\\/de\\\/#organization\",\"name\":\"Piperspin\",\"url\":\"https:\\\/\\\/piperspinuk.org\\\/de\\\/\",\"logo\":{\"@type\":\"ImageObject\",\"inLanguage\":\"de\",\"@id\":\"https:\\\/\\\/piperspinuk.org\\\/de\\\/#\\\/schema\\\/logo\\\/image\\\/\",\"url\":\"https:\\\/\\\/piperspinuk.org\\\/wp-content\\\/uploads\\\/2025\\\/12\\\/Piperspin-desktop-logo.webp\",\"contentUrl\":\"https:\\\/\\\/piperspinuk.org\\\/wp-content\\\/uploads\\\/2025\\\/12\\\/Piperspin-desktop-logo.webp\",\"width\":208,\"height\":49,\"caption\":\"Piperspin\"},\"image\":{\"@id\":\"https:\\\/\\\/piperspinuk.org\\\/de\\\/#\\\/schema\\\/logo\\\/image\\\/\"}}]}<\/script>\n<!-- \/ Yoast SEO plugin. -->","yoast_head_json":{"title":"Piperspin App | iOS- und Android-Plattformen","description":"Die Piperspin-App bietet reibungsloses Casino-Gaming auf Android, iOS, Windows und macOS mit synchronisierten Konten, regelm\u00e4\u00dfigen Updates und integriertem Kundensupport f\u00fcr ein stressfreies Erlebnis.","robots":{"index":"index","follow":"follow","max-snippet":"max-snippet:-1","max-image-preview":"max-image-preview:large","max-video-preview":"max-video-preview:-1"},"canonical":"https:\/\/piperspinuk.org\/de\/app\/","og_locale":"de_DE","og_type":"article","og_title":"Piperspin App | iOS- und Android-Plattformen","og_description":"Die Piperspin-App bietet reibungsloses Casino-Gaming auf Android, iOS, Windows und macOS mit synchronisierten Konten, regelm\u00e4\u00dfigen Updates und integriertem Kundensupport f\u00fcr ein stressfreies Erlebnis.","og_url":"https:\/\/piperspinuk.org\/de\/app\/","og_site_name":"piperspin","article_modified_time":"2025-12-22T09:56:31+00:00","twitter_card":"summary_large_image","twitter_misc":{"Gesch\u00e4tzte Lesezeit":"2\u00a0Minuten"},"schema":{"@context":"https:\/\/schema.org","@graph":[{"@type":"WebPage","@id":"https:\/\/piperspinuk.org\/de\/app\/","url":"https:\/\/piperspinuk.org\/de\/app\/","name":"Piperspin App | iOS- und Android-Plattformen","isPartOf":{"@id":"https:\/\/piperspinuk.org\/de\/#website"},"datePublished":"2025-12-22T07:27:25+00:00","dateModified":"2025-12-22T09:56:31+00:00","description":"Die Piperspin-App bietet reibungsloses Casino-Gaming auf Android, iOS, Windows und macOS mit synchronisierten Konten, regelm\u00e4\u00dfigen Updates und integriertem Kundensupport f\u00fcr ein stressfreies Erlebnis.","breadcrumb":{"@id":"https:\/\/piperspinuk.org\/de\/app\/#breadcrumb"},"inLanguage":"de","potentialAction":[{"@type":"ReadAction","target":["https:\/\/piperspinuk.org\/de\/app\/"]}]},{"@type":"BreadcrumbList","@id":"https:\/\/piperspinuk.org\/de\/app\/#breadcrumb","itemListElement":[{"@type":"ListItem","position":1,"name":"Piperspin","item":"https:\/\/piperspinuk.org\/de\/"},{"@type":"ListItem","position":2,"name":"App"}]},{"@type":"WebSite","@id":"https:\/\/piperspinuk.org\/de\/#website","url":"https:\/\/piperspinuk.org\/de\/","name":"Piperspin","description":"","publisher":{"@id":"https:\/\/piperspinuk.org\/de\/#organization"},"potentialAction":[{"@type":"SearchAction","target":{"@type":"EntryPoint","urlTemplate":"https:\/\/piperspinuk.org\/de\/?s={search_term_string}"},"query-input":{"@type":"PropertyValueSpecification","valueRequired":true,"valueName":"search_term_string"}}],"inLanguage":"de"},{"@type":"Organization","@id":"https:\/\/piperspinuk.org\/de\/#organization","name":"Piperspin","url":"https:\/\/piperspinuk.org\/de\/","logo":{"@type":"ImageObject","inLanguage":"de","@id":"https:\/\/piperspinuk.org\/de\/#\/schema\/logo\/image\/","url":"https:\/\/piperspinuk.org\/wp-content\/uploads\/2025\/12\/Piperspin-desktop-logo.webp","contentUrl":"https:\/\/piperspinuk.org\/wp-content\/uploads\/2025\/12\/Piperspin-desktop-logo.webp","width":208,"height":49,"caption":"Piperspin"},"image":{"@id":"https:\/\/piperspinuk.org\/de\/#\/schema\/logo\/image\/"}}]}},"_links":{"self":[{"href":"https:\/\/piperspinuk.org\/de\/wp-json\/wp\/v2\/pages\/1427","targetHints":{"allow":["GET"]}}],"collection":[{"href":"https:\/\/piperspinuk.org\/de\/wp-json\/wp\/v2\/pages"}],"about":[{"href":"https:\/\/piperspinuk.org\/de\/wp-json\/wp\/v2\/types\/page"}],"author":[{"embeddable":true,"href":"https:\/\/piperspinuk.org\/de\/wp-json\/wp\/v2\/users\/1"}],"replies":[{"embeddable":true,"href":"https:\/\/piperspinuk.org\/de\/wp-json\/wp\/v2\/comments?post=1427"}],"version-history":[{"count":2,"href":"https:\/\/piperspinuk.org\/de\/wp-json\/wp\/v2\/pages\/1427\/revisions"}],"predecessor-version":[{"id":1620,"href":"https:\/\/piperspinuk.org\/de\/wp-json\/wp\/v2\/pages\/1427\/revisions\/1620"}],"wp:attachment":[{"href":"https:\/\/piperspinuk.org\/de\/wp-json\/wp\/v2\/media?parent=1427"}],"curies":[{"name":"wp","href":"https:\/\/api.w.org\/{rel}","templated":true}]}}