{"id":1468,"date":"2025-12-22T07:30:08","date_gmt":"2025-12-22T07:30:08","guid":{"rendered":"https:\/\/piperspinuk.org\/login-and-registration\/"},"modified":"2025-12-22T09:57:36","modified_gmt":"2025-12-22T09:57:36","slug":"anmeldung-und-registrierung","status":"publish","type":"page","link":"https:\/\/piperspinuk.org\/de\/anmeldung-und-registrierung\/","title":{"rendered":"Anmeldung und Registrierung"},"content":{"rendered":"<h1>Piperspin Anmeldung: Schnellregistrierung<\/h1>\n<p>Die Piperspin Login bietet Spielern die M\u00f6glichkeit, schnell und sicher auf eine dynamische Online-Casino-Umgebung zuzugreifen. Unsere Website bietet eine gro\u00dfe Auswahl an Spielen, Sicherheitsdiensten und Kundenservice, damit Sie eine bessere und sicherere Gl\u00fccksspielzeit genie\u00dfen k\u00f6nnen. Piperspin Casino ist darauf ausgerichtet, passionierten Fans eine problemlose Navigation und hochwertigen Service auf allen Ebenen zu bieten.<\/p>\n<p><div class=\"banner-wrap\" aria-label=\"Banner\"><img src=\"https:\/\/piperspinuk.org\/wp-content\/uploads\/2025\/12\/TOwKZNmxqjNhxfrdqEkN.webp\" class=\"w-100 d-none d-lg-block img-pc main-banner-img\" alt=\"Piperspin desktop banner\" fetchpriority=\"high\" decoding=\"async\"><img src=\"https:\/\/piperspinuk.org\/wp-content\/uploads\/2025\/12\/Piperspin-mobile-banner.webp\" class=\"w-100 d-none d-md-block d-lg-none main-banner-img\" alt=\"Piperspin mobile banner\" fetchpriority=\"high\" decoding=\"async\"><img src=\"https:\/\/piperspinuk.org\/wp-content\/uploads\/2025\/12\/Piperspin-mobile-banner.webp\" class=\"w-100 d-md-none\" alt=\"Piperspin mobile banner\" fetchpriority=\"high\" decoding=\"async\"><div class=\"banner-description\">\n<div class=\"banner-title\">Willkommensboni<\/div>\n<p class=\"banner-header-title\">1500 \u20ac<\/p>\n<div class=\"banner-header-AdditionalText\">+ 250 Freispiele<\/div>\n<button data-item=\"homepage_banner_link\" class=\"goto m-button m-gradient-border m-button--primary m-button--large banner-button btn-orange\">\n            <div class=\"m-button-content\">\n                <span>Jetzt anmelden<\/span>\n                <span><\/span>\n            <\/div>\n        <\/button>\n<\/div>\n<div class=\"WelcomePack\">\n<p><img loading=\"lazy\" decoding=\"async\" class=\"alignnone wp-image-1339 size-full\" src=\"https:\/\/piperspinuk.org\/wp-content\/uploads\/2025\/12\/welcome-crown.svg\" alt=\"crown\" width=\"25\" height=\"26\" \/><\/p>\n<div class=\"WelcomePack-Info\">W\u00f6chentlicher Cashback von bis zu 25 %<\/div>\n<p><img loading=\"lazy\" decoding=\"async\" class=\"alignnone wp-image-1339 size-full\" src=\"https:\/\/piperspinuk.org\/wp-content\/uploads\/2025\/12\/welcome-crown.svg\" alt=\"crown\" width=\"25\" height=\"26\" \/><\/p>\n<\/div>\n<\/div><div class=\"scrollable-content-wrap my-5\"><div class=\"scrollable-content-inner\"><h2>Piper Spin Casino Anmeldung f\u00fcr neue Spieler<\/h2>\n<p>Die Erstellung eines Kontos in unserem Casino und die erstmalige Durchf\u00fchrung eines Piperspin Login ist eine ziemlich coole Sache! So k\u00f6nnen Sie das Potenzial unserer Website voll aussch\u00f6pfen. Neue Mitglieder haben Zugriff auf mehr als 6.000 Slot-Titel, Tischspiele, Drops and Wins, verschiedene Karten und Live-Dealer sowie exklusive Boni.<\/p>\n<p>Die Kontoerstellung erleichtert auch Ein- und Auszahlungen und erm\u00f6glicht den Zugang zu Turnieren und einer personalisierten Kontoverwaltung. Wir haben unseren Registrierungsprozess stets so einfach wie m\u00f6glich gehalten, damit Spieler mit minimalem Aufwand ins Spiel einsteigen k\u00f6nnen.<\/p>\n<h2>Erstellen Sie Ihr Konto<\/h2>\n<p>Wir sind sicher, dass Sie Ihr eigenes Konto erstellen m\u00f6chten. Dann gibt es nichts Einfacheres! Der Registrierungsprozess bei Piperspin Casino ist recht einfach und so sicher wie m\u00f6glich gestaltet worden; er l\u00e4sst sich wie folgt zusammenfassen:<\/p>\n<ol>\n<li>Gehen Sie auf unsere Piperspin Casino Hauptseite und suchen Sie den Anmelde-Button, der sich oben rechts auf der Hauptseite befindet.<\/li>\n<li>Mit einem einzigen Klick gelangen Sie zum Anmeldeformular, das nur zwei Zeilen zum Ausf\u00fcllen enth\u00e4lt.<\/li>\n<li>Geben Sie eine g\u00fcltige E-Mail-Adresse und ein sicheres Passwort ein. Wir empfehlen Ihnen, Gro\u00df- und Kleinbuchstaben, Zahlen und Sonderzeichen zu verwenden, um ein H\u00f6chstma\u00df an Sicherheit zu gew\u00e4hrleisten.<\/li>\n<li>Akzeptieren Sie die Allgemeinen Gesch\u00e4ftsbedingungen und stellen Sie sicher, dass Sie mindestens 18 Jahre alt sind.<\/li>\n<li>Wenn Sie m\u00f6chten, melden Sie sich f\u00fcr unsere Werbebriefe an.<\/li>\n<li>Schlie\u00dfen Sie die Registrierung mithilfe der entsprechenden Schaltfl\u00e4che vollst\u00e4ndig ab.<\/li>\n<li>Best\u00e4tigen Sie Ihre E-Mail-Adresse, indem Sie auf den Link klicken, der an Ihre E-Mail-Adresse gesendet wurde. Dadurch wird Ihr Konto aktiviert. Jetzt k\u00f6nnen Sie sich zum ersten Mal bei Piperspin anmelden!<\/li>\n<\/ol>\n<h2>Beginnen Sie mit einem Konto bei Piperspin Casino.<\/h2>\n<p>Es ist effizient und sicher, sich bei einem Piperspin Casino Konto anzumelden:<\/p>\n<ol>\n<li>Gehen Sie zur Piperspin Casino Hauptseite.<\/li>\n<li>Die Anmeldeschaltfl\u00e4che finden Sie oben rechts auf der Startseite.<\/li>\n<li>Geben Sie Ihre E-Mail-Adresse und Ihr Passwort ein.<\/li>\n<li>Beenden Sie den \u00dcberpr\u00fcfungsprozess, indem Sie den Code eingeben, den Sie per SMS oder Authentifizierungs-App erhalten haben.<\/li>\n<li>F\u00fchren Sie die Piperspin Anmeldung f\u00fcr Ihr Konto durch.<\/li>\n<\/ol>\n<p>Sp\u00e4ter, wenn Sie sich bereits in Ihrem Konto befinden, k\u00f6nnen Sie in den Einstellungen weitere pers\u00f6nliche Informationen hinzuf\u00fcgen, darunter Ihren vollst\u00e4ndigen Namen, Ihr Geburtsdatum und Ihre Adresse (f\u00fcr zuk\u00fcnftige KYC-Verfahren w\u00e4re dies sehr hilfreich). Dieser dynamische Piperspin Anmeldeprozess ohne Verz\u00f6gerungen erm\u00f6glicht es jedem neuen Spieler, jederzeit mit dem Spielen auf unserer Plattform zu beginnen. Sie k\u00f6nnen zus\u00e4tzliche Informationen hinzuf\u00fcgen, wenn sie dies f\u00fcr eine Einzahlung f\u00fcr angemessen halten.<\/p>\n<p>Was Sie in Ihrem Piperspin Casino Konto tun k\u00f6nnen:<\/p>\n<ul>\n<li>Pflege pers\u00f6nlicher Daten und Kontaktdaten.<\/li>\n<li>Kontrollieren Sie die Verfahren f\u00fcr Ein- und Auszahlungen.<\/li>\n<li>Aktivieren oder deaktivieren Sie die Zwei-Faktor-Authentifizierung, um die Sicherheit zu erh\u00f6hen.<\/li>\n<li>Sehen Sie sich die Historie der Transaktionen und Boni an.<\/li>\n<li>Reichen Sie Dokumente zur \u00dcberpr\u00fcfung durch das Support-Team ein.<\/li>\n<li>Nehmen Sie an besonderen Vorschl\u00e4gen und Turnieren teil.<\/li>\n<\/ul>\n<h3>Passwort vergessen?<\/h3>\n<p>Piperspin Casino verf\u00fcgt \u00fcber ein sicheres Verfahren zur Passwortwiederherstellung f\u00fcr den Fall, dass Sie Ihr Passwort vergessen haben:<\/p>\n<ol>\n<li>W\u00e4hlen Sie den Link \u201ePasswort vergessen?\u201c auf der Anmeldeseite, wenn Sie darauf klicken.<\/li>\n<li>Geben Sie Ihre registrierte E-Mail-Adresse ein.<\/li>\n<li>Wir melden uns bei Ihnen mit der Reset-E-Mail.<\/li>\n<li>Befolgen Sie die darin enthaltenen Anweisungen.<\/li>\n<li>Klicken Sie auf den Link zur allgemeinen Passworterstellung und erstellen Sie ein neues Passwort, das den Sicherheitsanforderungen entspricht.<\/li>\n<\/ol>\n<p>Dies ist schnell und sicher und beeintr\u00e4chtigt Ihr Spiel nur minimal.<\/p>\n<h2>Sichern und Best\u00e4tigen des Piper Spin Casino-Kontos<\/h2>\n<p>Sicherheit hat bei Piperspin oberste Priorit\u00e4t. Die Spieler sind uns sehr wichtig. Wir \u00fcberpr\u00fcfen alles mit Hilfe von authentischen Ausweisdokumenten, wie z. B. Adress- und Personalausweisen. Wir bek\u00e4mpfen Betrug rund um die Uhr. Der Verifizierungsprozess kann bis zu 48 Stunden dauern. Unser Support-Team pr\u00fcft die eingereichten Unterlagen und benachrichtigt Sie \u00fcber weitere Voraussetzungen. Diese Ma\u00dfnahme ist notwendig, um Auszahlungen zu erleichtern und die Sicherheit der Konten zu erh\u00f6hen. Bitte informieren Sie sich \u00fcber unsere Vorgehensweise:<\/p>\n<table>\n<tbody>\n<tr>\n<td>Art des Schutzes<\/td>\n<td>Ma\u00dfnahmen<\/td>\n<\/tr>\n<tr>\n<td>Plattform-Sicherheit<\/td>\n<td>256-Bit-SSL-Verschl\u00fcsselung, Zwei-Faktor-Authentifizierung, DSGVO-Konformit\u00e4t, zertifizierter Zufallszahlengenerator (RNG), HTTPS-Protokoll<\/td>\n<\/tr>\n<tr>\n<td>Kundendienst<\/td>\n<td>Mehrsprachiger Support, Live Chat, E-Mail Support rund um die Uhr<\/td>\n<\/tr>\n<tr>\n<td>Anmeldevoraussetzungen<\/td>\n<td>G\u00fcltige E-Mail-Adresse, Alters\u00fcberpr\u00fcfung, optionale pers\u00f6nliche Angaben<\/td>\n<\/tr>\n<tr>\n<td>Verifizierungsprozess<\/td>\n<td>Hochladen von Ausweisdokumenten (Personalausweis oder F\u00fchrerschein), \u00dcberpr\u00fcfung innerhalb von 2 Tagen<\/td>\n<\/tr>\n<\/tbody>\n<\/table>\n<h2>H\u00e4ufig gestellte Fragen<\/h2>\n<h3>Wie schlie\u00dfe ich den Kontobest\u00e4tigungsprozess ab?<\/h3>\n<p>Um Ihr Piperspin Konto zu best\u00e4tigen, f\u00fchren Sie bitte die Piperspin Anmeldung durch und legen Sie umgehend lesbare Kopien g\u00fcltiger Ausweisdokumente (Reisepass oder F\u00fchrerschein usw.) sowie einen Adressnachweis vor. Das Support-Team pr\u00fcft Ihre Unterlagen in der Regel innerhalb von 48 Stunden und informiert Sie \u00fcber weitere Schritte. Die Authentifizierung sorgt f\u00fcr die Sicherheit Ihres Kontos und erm\u00f6glicht die Auszahlung von Geldbetr\u00e4gen.<\/p>\n<h3>Wie aktualisiere ich das Passwort oder die E-Mail-Adresse?<\/h3>\n<p>Nachdem Sie sich bei Piperspin angemeldet haben, gehen Sie zu den Kontoeinstellungen und zum Abschnitt \u201eSicherheit\u201c, um Ihr Passwort oder Ihre E-Mail-Adresse zu \u00e4ndern. Geben Sie die neuen Daten ein und best\u00e4tigen Sie alle \u00c4nderungen. Bitte stellen Sie sicher, dass Ihr neues Passwort den erforderlichen Sicherheitsstandards entspricht, damit Ihr Konto gesch\u00fctzt bleibt.<\/p>\n<h3>Was soll ich tun, wenn mein Piper Spin Konto gesperrt ist?<\/h3>\n<p>Stellen Sie zun\u00e4chst sicher, dass Sie sich bei Piperspin angemeldet haben und dennoch keinen Zugriff erhalten. Wenn Ihr Piperspin Konto gesperrt ist, wenden Sie sich bitte per Live Chat oder E-Mail an unseren Kundendienst. Weisen Sie auf Anfrage Ihre Identit\u00e4t nach, und unser Kundendienst wird Ihnen ohne gro\u00dfe Verz\u00f6gerung bei der Entsperrung Ihres Kontos helfen, sofern alles in Ordnung ist und Sie keinen Betrug begangen haben.<\/p>\n<h3>Wie kann ich mein Konto schlie\u00dfen oder vor\u00fcbergehend sperren?<\/h3>\n<p>Sie k\u00f6nnen Ihr Konto schlie\u00dfen oder sperren, indem Sie uns entweder in Ihren Kontoeinstellungen oder \u00fcber den Support eine entsprechende Anfrage senden. Unser Team wird Sie bei den erforderlichen Schritten unterst\u00fctzen, wobei Ihre Pr\u00e4ferenzen ber\u00fccksichtigt werden und Ihre Daten sicher aufbewahrt werden.<\/p>\n<\/div><\/div><\/p>\n","protected":false},"excerpt":{"rendered":"<p>Piperspin Anmeldung: Schnellregistrierung Die Piperspin Login bietet Spielern die M\u00f6glichkeit, schnell und sicher auf eine dynamische Online-Casino-Umgebung zuzugreifen. Unsere Website bietet eine gro\u00dfe Auswahl an Spielen, Sicherheitsdiensten und Kundenservice, damit Sie eine bessere und sicherere Gl\u00fccksspielzeit genie\u00dfen k\u00f6nnen. Piperspin Casino ist darauf ausgerichtet, passionierten Fans eine problemlose Navigation und hochwertigen Service auf allen Ebenen zu [&hellip;]<\/p>\n","protected":false},"author":1,"featured_media":0,"parent":0,"menu_order":0,"comment_status":"closed","ping_status":"closed","template":"template-builder.php","meta":{"_acf_changed":false,"inline_featured_image":false,"footnotes":""},"class_list":["post-1468","page","type-page","status-publish","hentry"],"acf":[],"yoast_head":"<!-- This site is optimized with the Yoast SEO plugin v27.3 - https:\/\/yoast.com\/product\/yoast-seo-wordpress\/ -->\n<title>Piperspin Login und Registrierung<\/title>\n<meta name=\"description\" content=\"Erstellen, verwalten und verifizieren Sie m\u00fchelos Ihr Piperspin Casino-Konto. Genie\u00dfen Sie eine schnelle Registrierung, einfache Kontowiederherstellung und sichere Schlie\u00dfung mit Piperspin Login, wodurch Ihr Konto rund um die Uhr gesch\u00fctzt ist.\" \/>\n<meta name=\"robots\" content=\"index, follow, max-snippet:-1, max-image-preview:large, max-video-preview:-1\" \/>\n<link rel=\"canonical\" href=\"https:\/\/piperspinuk.org\/de\/anmeldung-und-registrierung\/\" \/>\n<meta property=\"og:locale\" content=\"de_DE\" \/>\n<meta property=\"og:type\" content=\"article\" \/>\n<meta property=\"og:title\" content=\"Piperspin Login und Registrierung\" \/>\n<meta property=\"og:description\" content=\"Erstellen, verwalten und verifizieren Sie m\u00fchelos Ihr Piperspin Casino-Konto. Genie\u00dfen Sie eine schnelle Registrierung, einfache Kontowiederherstellung und sichere Schlie\u00dfung mit Piperspin Login, wodurch Ihr Konto rund um die Uhr gesch\u00fctzt ist.\" \/>\n<meta property=\"og:url\" content=\"https:\/\/piperspinuk.org\/de\/anmeldung-und-registrierung\/\" \/>\n<meta property=\"og:site_name\" content=\"piperspin\" \/>\n<meta property=\"article:modified_time\" content=\"2025-12-22T09:57:36+00:00\" \/>\n<meta name=\"twitter:card\" content=\"summary_large_image\" \/>\n<meta name=\"twitter:label1\" content=\"Gesch\u00e4tzte Lesezeit\" \/>\n\t<meta name=\"twitter:data1\" content=\"1\u00a0Minute\" \/>\n<script type=\"application\/ld+json\" class=\"yoast-schema-graph\">{\"@context\":\"https:\\\/\\\/schema.org\",\"@graph\":[{\"@type\":\"WebPage\",\"@id\":\"https:\\\/\\\/piperspinuk.org\\\/de\\\/anmeldung-und-registrierung\\\/\",\"url\":\"https:\\\/\\\/piperspinuk.org\\\/de\\\/anmeldung-und-registrierung\\\/\",\"name\":\"Piperspin Login und Registrierung\",\"isPartOf\":{\"@id\":\"https:\\\/\\\/piperspinuk.org\\\/de\\\/#website\"},\"datePublished\":\"2025-12-22T07:30:08+00:00\",\"dateModified\":\"2025-12-22T09:57:36+00:00\",\"description\":\"Erstellen, verwalten und verifizieren Sie m\u00fchelos Ihr Piperspin Casino-Konto. Genie\u00dfen Sie eine schnelle Registrierung, einfache Kontowiederherstellung und sichere Schlie\u00dfung mit Piperspin Login, wodurch Ihr Konto rund um die Uhr gesch\u00fctzt ist.\",\"breadcrumb\":{\"@id\":\"https:\\\/\\\/piperspinuk.org\\\/de\\\/anmeldung-und-registrierung\\\/#breadcrumb\"},\"inLanguage\":\"de\",\"potentialAction\":[{\"@type\":\"ReadAction\",\"target\":[\"https:\\\/\\\/piperspinuk.org\\\/de\\\/anmeldung-und-registrierung\\\/\"]}]},{\"@type\":\"BreadcrumbList\",\"@id\":\"https:\\\/\\\/piperspinuk.org\\\/de\\\/anmeldung-und-registrierung\\\/#breadcrumb\",\"itemListElement\":[{\"@type\":\"ListItem\",\"position\":1,\"name\":\"Piperspin\",\"item\":\"https:\\\/\\\/piperspinuk.org\\\/de\\\/\"},{\"@type\":\"ListItem\",\"position\":2,\"name\":\"Anmeldung und Registrierung\"}]},{\"@type\":\"WebSite\",\"@id\":\"https:\\\/\\\/piperspinuk.org\\\/de\\\/#website\",\"url\":\"https:\\\/\\\/piperspinuk.org\\\/de\\\/\",\"name\":\"Piperspin\",\"description\":\"\",\"publisher\":{\"@id\":\"https:\\\/\\\/piperspinuk.org\\\/de\\\/#organization\"},\"potentialAction\":[{\"@type\":\"SearchAction\",\"target\":{\"@type\":\"EntryPoint\",\"urlTemplate\":\"https:\\\/\\\/piperspinuk.org\\\/de\\\/?s={search_term_string}\"},\"query-input\":{\"@type\":\"PropertyValueSpecification\",\"valueRequired\":true,\"valueName\":\"search_term_string\"}}],\"inLanguage\":\"de\"},{\"@type\":\"Organization\",\"@id\":\"https:\\\/\\\/piperspinuk.org\\\/de\\\/#organization\",\"name\":\"Piperspin\",\"url\":\"https:\\\/\\\/piperspinuk.org\\\/de\\\/\",\"logo\":{\"@type\":\"ImageObject\",\"inLanguage\":\"de\",\"@id\":\"https:\\\/\\\/piperspinuk.org\\\/de\\\/#\\\/schema\\\/logo\\\/image\\\/\",\"url\":\"https:\\\/\\\/piperspinuk.org\\\/wp-content\\\/uploads\\\/2025\\\/12\\\/Piperspin-desktop-logo.webp\",\"contentUrl\":\"https:\\\/\\\/piperspinuk.org\\\/wp-content\\\/uploads\\\/2025\\\/12\\\/Piperspin-desktop-logo.webp\",\"width\":208,\"height\":49,\"caption\":\"Piperspin\"},\"image\":{\"@id\":\"https:\\\/\\\/piperspinuk.org\\\/de\\\/#\\\/schema\\\/logo\\\/image\\\/\"}}]}<\/script>\n<!-- \/ Yoast SEO plugin. -->","yoast_head_json":{"title":"Piperspin Login und Registrierung","description":"Erstellen, verwalten und verifizieren Sie m\u00fchelos Ihr Piperspin Casino-Konto. Genie\u00dfen Sie eine schnelle Registrierung, einfache Kontowiederherstellung und sichere Schlie\u00dfung mit Piperspin Login, wodurch Ihr Konto rund um die Uhr gesch\u00fctzt ist.","robots":{"index":"index","follow":"follow","max-snippet":"max-snippet:-1","max-image-preview":"max-image-preview:large","max-video-preview":"max-video-preview:-1"},"canonical":"https:\/\/piperspinuk.org\/de\/anmeldung-und-registrierung\/","og_locale":"de_DE","og_type":"article","og_title":"Piperspin Login und Registrierung","og_description":"Erstellen, verwalten und verifizieren Sie m\u00fchelos Ihr Piperspin Casino-Konto. Genie\u00dfen Sie eine schnelle Registrierung, einfache Kontowiederherstellung und sichere Schlie\u00dfung mit Piperspin Login, wodurch Ihr Konto rund um die Uhr gesch\u00fctzt ist.","og_url":"https:\/\/piperspinuk.org\/de\/anmeldung-und-registrierung\/","og_site_name":"piperspin","article_modified_time":"2025-12-22T09:57:36+00:00","twitter_card":"summary_large_image","twitter_misc":{"Gesch\u00e4tzte Lesezeit":"1\u00a0Minute"},"schema":{"@context":"https:\/\/schema.org","@graph":[{"@type":"WebPage","@id":"https:\/\/piperspinuk.org\/de\/anmeldung-und-registrierung\/","url":"https:\/\/piperspinuk.org\/de\/anmeldung-und-registrierung\/","name":"Piperspin Login und Registrierung","isPartOf":{"@id":"https:\/\/piperspinuk.org\/de\/#website"},"datePublished":"2025-12-22T07:30:08+00:00","dateModified":"2025-12-22T09:57:36+00:00","description":"Erstellen, verwalten und verifizieren Sie m\u00fchelos Ihr Piperspin Casino-Konto. Genie\u00dfen Sie eine schnelle Registrierung, einfache Kontowiederherstellung und sichere Schlie\u00dfung mit Piperspin Login, wodurch Ihr Konto rund um die Uhr gesch\u00fctzt ist.","breadcrumb":{"@id":"https:\/\/piperspinuk.org\/de\/anmeldung-und-registrierung\/#breadcrumb"},"inLanguage":"de","potentialAction":[{"@type":"ReadAction","target":["https:\/\/piperspinuk.org\/de\/anmeldung-und-registrierung\/"]}]},{"@type":"BreadcrumbList","@id":"https:\/\/piperspinuk.org\/de\/anmeldung-und-registrierung\/#breadcrumb","itemListElement":[{"@type":"ListItem","position":1,"name":"Piperspin","item":"https:\/\/piperspinuk.org\/de\/"},{"@type":"ListItem","position":2,"name":"Anmeldung und Registrierung"}]},{"@type":"WebSite","@id":"https:\/\/piperspinuk.org\/de\/#website","url":"https:\/\/piperspinuk.org\/de\/","name":"Piperspin","description":"","publisher":{"@id":"https:\/\/piperspinuk.org\/de\/#organization"},"potentialAction":[{"@type":"SearchAction","target":{"@type":"EntryPoint","urlTemplate":"https:\/\/piperspinuk.org\/de\/?s={search_term_string}"},"query-input":{"@type":"PropertyValueSpecification","valueRequired":true,"valueName":"search_term_string"}}],"inLanguage":"de"},{"@type":"Organization","@id":"https:\/\/piperspinuk.org\/de\/#organization","name":"Piperspin","url":"https:\/\/piperspinuk.org\/de\/","logo":{"@type":"ImageObject","inLanguage":"de","@id":"https:\/\/piperspinuk.org\/de\/#\/schema\/logo\/image\/","url":"https:\/\/piperspinuk.org\/wp-content\/uploads\/2025\/12\/Piperspin-desktop-logo.webp","contentUrl":"https:\/\/piperspinuk.org\/wp-content\/uploads\/2025\/12\/Piperspin-desktop-logo.webp","width":208,"height":49,"caption":"Piperspin"},"image":{"@id":"https:\/\/piperspinuk.org\/de\/#\/schema\/logo\/image\/"}}]}},"_links":{"self":[{"href":"https:\/\/piperspinuk.org\/de\/wp-json\/wp\/v2\/pages\/1468","targetHints":{"allow":["GET"]}}],"collection":[{"href":"https:\/\/piperspinuk.org\/de\/wp-json\/wp\/v2\/pages"}],"about":[{"href":"https:\/\/piperspinuk.org\/de\/wp-json\/wp\/v2\/types\/page"}],"author":[{"embeddable":true,"href":"https:\/\/piperspinuk.org\/de\/wp-json\/wp\/v2\/users\/1"}],"replies":[{"embeddable":true,"href":"https:\/\/piperspinuk.org\/de\/wp-json\/wp\/v2\/comments?post=1468"}],"version-history":[{"count":1,"href":"https:\/\/piperspinuk.org\/de\/wp-json\/wp\/v2\/pages\/1468\/revisions"}],"predecessor-version":[{"id":1621,"href":"https:\/\/piperspinuk.org\/de\/wp-json\/wp\/v2\/pages\/1468\/revisions\/1621"}],"wp:attachment":[{"href":"https:\/\/piperspinuk.org\/de\/wp-json\/wp\/v2\/media?parent=1468"}],"curies":[{"name":"wp","href":"https:\/\/api.w.org\/{rel}","templated":true}]}}