{"id":1434,"date":"2025-12-22T07:27:25","date_gmt":"2025-12-22T07:27:25","guid":{"rendered":"https:\/\/piperspinuk.org\/app-2\/"},"modified":"2025-12-22T11:43:40","modified_gmt":"2025-12-22T11:43:40","slug":"aplicacion","status":"publish","type":"page","link":"https:\/\/piperspinuk.org\/es\/aplicacion\/","title":{"rendered":"Aplicaci\u00f3n"},"content":{"rendered":"<h1>Aplicaci\u00f3n Piperspin: Juegos para iOS y Android<\/h1>\n<p>Piperspin app es un juego m\u00f3vil de alta calidad y seguro, dise\u00f1ado para satisfacer las necesidades de los jugadores espa\u00f1oles de nuestro casino. Piperspin Casino cuenta con la \u00faltima tecnolog\u00eda para que los usuarios puedan acceder f\u00e1cilmente a sus juegos y tragamonedas de casino online preferidos, independientemente de si utilizan un smartphone o una tableta. Piperspin app es la \u00faltima tendencia en juegos para m\u00f3viles, con \u00e9nfasis en la velocidad, la seguridad y la comodidad.<\/p>\n<p>Piperspin Casino siempre est\u00e1 elevando los nuevos est\u00e1ndares de los juegos de azar m\u00f3viles. Por eso hemos creado una combinaci\u00f3n de las \u00faltimas tecnolog\u00edas y un dise\u00f1o f\u00e1cil de usar. Nuestros juegos funcionan perfectamente a trav\u00e9s de nuestra PWA o utilizando software de escritorio. Los jugadores tienen acceso a una experiencia de juego atractiva, segura y de alto rendimiento que es f\u00e1cilmente compatible con los dispositivos que elijan.<\/p>\n<div class=\"banner-wrap\" aria-label=\"Banner\"><img src=\"https:\/\/piperspinuk.org\/wp-content\/uploads\/2025\/12\/TOwKZNmxqjNhxfrdqEkN.webp\" class=\"w-100 d-none d-lg-block img-pc main-banner-img\" alt=\"Piperspin desktop banner\" fetchpriority=\"high\" decoding=\"async\"><img src=\"https:\/\/piperspinuk.org\/wp-content\/uploads\/2025\/12\/Piperspin-mobile-banner.webp\" class=\"w-100 d-none d-md-block d-lg-none main-banner-img\" alt=\"Piperspin mobile banner\" fetchpriority=\"high\" decoding=\"async\"><img src=\"https:\/\/piperspinuk.org\/wp-content\/uploads\/2025\/12\/Piperspin-mobile-banner.webp\" class=\"w-100 d-md-none\" alt=\"Piperspin mobile banner\" fetchpriority=\"high\" decoding=\"async\"><div class=\"banner-description\">\n<div class=\"banner-title\">Bonos de bienvenida<\/div>\n<p class=\"banner-header-title\">1500 \u20ac<\/p>\n<div class=\"banner-header-AdditionalText\">+ 250 Tiradas gratis<\/div>\n<button data-item=\"homepage_banner_link\" class=\"goto m-button m-gradient-border m-button--primary m-button--large banner-button btn-orange\">\n            <div class=\"m-button-content\">\n                <span>Reg\u00edstrate ahora<\/span>\n                <span><\/span>\n            <\/div>\n        <\/button>\n<\/div>\n<div class=\"WelcomePack\">\n<p><img loading=\"lazy\" decoding=\"async\" class=\"alignnone wp-image-1339 size-full\" src=\"https:\/\/piperspinuk.org\/wp-content\/uploads\/2025\/12\/welcome-crown.svg\" alt=\"crown\" width=\"25\" height=\"26\" \/><\/p>\n<div class=\"WelcomePack-Info\">Reembolso semanal de hasta el 25 %<\/div>\n<p><img loading=\"lazy\" decoding=\"async\" class=\"alignnone wp-image-1339 size-full\" src=\"https:\/\/piperspinuk.org\/wp-content\/uploads\/2025\/12\/welcome-crown.svg\" alt=\"crown\" width=\"25\" height=\"26\" \/><\/p>\n<\/div>\n<\/div>\n<h2>Experiencia m\u00f3vil en Piper Spin<\/h2>\n<p>La aplicaci\u00f3n Piperspin viene en forma de PWA y ofrece una potente experiencia de casino m\u00f3vil. Competimos con las aplicaciones convencionales para ordenadores de sobremesa (y tel\u00e9fonos). Cuenta con una interfaz f\u00e1cil de usar, dise\u00f1ada para ser accesible en pantallas t\u00e1ctiles, de modo que el usuario pueda navegar f\u00e1cilmente y encontrar todo lo que busca. Su arquitectura de alto rendimiento garantiza una carga r\u00e1pida, un juego ininterrumpido y una calidad visual excelente, lo que convierte a la aplicaci\u00f3n Piperspin en la mejor opci\u00f3n para nuestros queridos jugadores, que necesitan entretenerse continuamente all\u00e1 donde vayan.<\/p>\n<p>La aplicaci\u00f3n Piperspin tambi\u00e9n es mejor en comparaci\u00f3n con jugar en un PC, ya que es accesible al instante y no requiere descargas ni instalaciones largas. Tiene un dise\u00f1o adaptable que se ajusta a cualquier tama\u00f1o de pantalla de dispositivo, lo que garantiza que la experiencia sea la misma tanto en tel\u00e9fonos inteligentes como en tabletas. La aplicaci\u00f3n tambi\u00e9n es f\u00e1cil de usar, ya que los jugadores pueden depositar, retirar y reclamar bonificaciones en sus tel\u00e9fonos m\u00f3viles con capas adicionales de protecci\u00f3n que protegen la informaci\u00f3n confidencial. No sentir\u00e1s ninguna molestia.<\/p>\n<p><div class=\"scrollable-content-wrap my-5\"><div class=\"scrollable-content-inner\"><h2>Piperspin Aplicaci\u00f3n de casino para iOS<\/h2>\n<p>La aplicaci\u00f3n Piperspin Casino para iOS tambi\u00e9n est\u00e1 optimizada para Safari y otros navegadores compatibles, lo que garantiza una experiencia segura y satisfactoria para los usuarios de dispositivos Apple. El proceso de instalaci\u00f3n de la aplicaci\u00f3n Piperspin no es complicado:<\/p>\n<ol>\n<li>El usuario inicia sesi\u00f3n en la cuenta en la p\u00e1gina principal;<\/li>\n<li>Haga clic en el bot\u00f3n etiquetado como Instalar;<\/li>\n<li>A continuaci\u00f3n, respondiendo a preguntas y indicaciones sencillas, a\u00f1ade la aplicaci\u00f3n a la pantalla de inicio.<\/li>\n<\/ol>\n<p>Cuando lo instales, lo primero que ver\u00e1s ser\u00e1 el icono Piperspin Casino, desde donde podr\u00e1s acceder a la biblioteca de tragamonedas en l\u00ednea y juegos de casino.<\/p>\n<p>La versi\u00f3n para iOS cuenta con botones m\u00e1s grandes, elegantes y f\u00e1ciles de usar, as\u00ed como funciones de deslizamiento para facilitar la navegaci\u00f3n. Los jugadores reciben notificaciones push con informaci\u00f3n actualizada sobre los nuevos juegos, bonificaciones especiales y eventos especiales de Piperspin Casino.<\/p>\n<p>La aplicaci\u00f3n cumple con las pol\u00edticas de Apple y el entorno es seguro; la privacidad y la seguridad del usuario est\u00e1n garantizadas sin afectar al rendimiento. Las funciones de seguridad adicionales permiten jugar sin problemas y garantizan su seguridad.<\/p>\n<p><img loading=\"lazy\" decoding=\"async\" src=\"https:\/\/piperspinuk.org\/wp-content\/uploads\/2025\/12\/Piperspin-iOS-App.webp\" alt=\"Piperspin iOS App\" width=\"1248\" height=\"536\" \/><\/p>\n<\/div><\/div><div style=\"clear: both\"><\/div><div class=\"d-flex justify-content-center\"><button data-item=\"decouvrez_link\" data-group=\"website_links\" class=\"goto fw-bold rounded-pill btn btn-orange\" aria-label=\"Descarga la aplicaci\u00f3n Piperspin\" >Descarga la aplicaci\u00f3n Piperspin<\/button><\/div><div class=\"scrollable-content-wrap my-5\"><div class=\"scrollable-content-inner\"><h2>Piperspin Aplicaci\u00f3n de casino para Android<\/h2>\n<p>Piperspin Casino tambi\u00e9n tiene una aplicaci\u00f3n para Android, que tambi\u00e9n es una aplicaci\u00f3n web progresiva (PWA), para que el usuario pueda disfrutar de una experiencia de juego de alta calidad sin necesidad de realizar descargas de gran tama\u00f1o.<\/p>\n<p>Para instalar la aplicaci\u00f3n Piperspin, el jugador debe hacer clic en la p\u00e1gina principal desde su dispositivo Android, desplazarse hasta la secci\u00f3n de aplicaciones y pulsar el bot\u00f3n. Aparece con la etiqueta \u00abAplicaci\u00f3n de casino\u00bb.<\/p>\n<p>Despu\u00e9s de seguir las instrucciones, solo tienes que anclar la aplicaci\u00f3n a la pantalla de inicio y tendr\u00e1s un icono que te permitir\u00e1 acceder a toda la biblioteca de juegos y a las opciones de gesti\u00f3n de la cuenta con un solo toque.<\/p>\n<p>La funcionalidad Piper Spin PWA garantiza que nuestra sofisticada aplicaci\u00f3n pueda actualizarse y se actualizar\u00e1 siempre con los \u00faltimos parches de seguridad y funciones. Podr\u00e1s disfrutar de nuestra interfaz t\u00e1ctil en cualquier tama\u00f1o de pantalla, con una experiencia de navegaci\u00f3n sencilla y una jugabilidad fluida en smartphones y tabletas.<\/p>\n<p>El Piperspin PWA ofrece un casino m\u00f3vil vers\u00e1til y realmente port\u00e1til. Proporciona a los jugadores una excelente experiencia de juego sin necesidad de descargas pesadas ni actualizaciones manuales de software.<\/p>\n<h3>APK<\/h3>\n<p>Para aquellos que prefieren los archivos Piperspin APK, recomendamos conectarse al casino a trav\u00e9s de la PWA. Es m\u00e1s seguro y se actualiza autom\u00e1ticamente. Esto mantiene a los jugadores al d\u00eda con la versi\u00f3n actual, minimizando los problemas t\u00e9cnicos y las amenazas de seguridad.<\/p>\n<p>El enfoque PWA nos ayuda a abordar los riesgos de seguridad y las actualizaciones manuales al evitar las descargas de APK y los problemas de seguridad relacionados.<\/p>\n<p><img loading=\"lazy\" decoding=\"async\" src=\"https:\/\/piperspinuk.org\/wp-content\/uploads\/2025\/12\/Piperspin-Android-App.webp\" alt=\"Piperspin Android App\" width=\"1248\" height=\"536\" \/><\/p>\n<\/div><\/div><div style=\"clear: both\"><\/div><div class=\"d-flex justify-content-center\"><button data-item=\"decouvrez_link\" data-group=\"website_links\" class=\"goto fw-bold rounded-pill btn btn-orange\" aria-label=\"Descargar Piperspin\" >Descargar Piperspin<\/button><\/div><div class=\"scrollable-content-wrap my-5\"><div class=\"scrollable-content-inner\"><h2>Aplicaci\u00f3n para Windows y macOS<\/h2>\n<p>Los jugadores a los que les gusta jugar en ordenadores de sobremesa pueden descargar el software Piperspin, que funciona en Windows y Mac OS. La aplicaci\u00f3n de escritorio tiene funciones integradas de mejores gr\u00e1ficos en 3D, efectos de audio supergeniales y una interfaz adecuada, sencilla y oscura adaptada a las pantallas grandes. Ofrece todas las opciones de la aplicaci\u00f3n m\u00f3vil. Dispondr\u00e1s de servicio de chat en vivo, una herramienta de verificaci\u00f3n de cuentas y acceso a toda la selecci\u00f3n de tragamonedas y juegos de casino en Internet.<\/p>\n<p>La versi\u00f3n de escritorio puede utilizar navegadores comunes como Google Chrome, Mozilla Firefox, Safari y Microsoft Edge. Esto beneficia a los jugadores, que pueden disfrutar de una experiencia de juego fluida en la mayor\u00eda de dispositivos y sistemas operativos.<\/p>\n<p>Comparemos:<\/p>\n<table>\n<tbody>\n<tr>\n<td>Caracter\u00edstica<\/td>\n<td>PWA<\/td>\n<td>APK comunes<\/td>\n<\/tr>\n<tr>\n<td>Instalaci\u00f3n<\/td>\n<td>Se instala a trav\u00e9s del navegador (A\u00f1adir a la pantalla de inicio), sin necesidad de tienda de aplicaciones.<\/td>\n<td>Instalado a trav\u00e9s de Google Play o descargado lateralmente; requiere la aprobaci\u00f3n de la tienda de aplicaciones.<\/td>\n<\/tr>\n<tr>\n<td>Proceso de actualizaci\u00f3n<\/td>\n<td>Actualizaci\u00f3n autom\u00e1tica, sin intervenci\u00f3n manual.<\/td>\n<td>Requiere actualizaciones manuales o actualizaciones de la tienda de aplicaciones; el usuario debe descargar las nuevas versiones.<\/td>\n<\/tr>\n<tr>\n<td>Desarrollo y mantenimiento<\/td>\n<td>Un \u00fanico c\u00f3digo base para todas las plataformas; actualizaciones m\u00e1s sencillas.<\/td>\n<td>C\u00f3digos base separados para Android, iOS, etc.; mantenimiento m\u00e1s complejo.<\/td>\n<\/tr>\n<tr>\n<td>Acceso al dispositivo<\/td>\n<td>Acceso limitado a las funciones del dispositivo (por ejemplo, GPS, c\u00e1mara, notificaciones).<\/td>\n<td>Acceso completo al hardware del dispositivo y a las funciones del sistema.<\/td>\n<\/tr>\n<\/tbody>\n<\/table>\n<p>Esta tabla le ayudar\u00e1 a ver la diferencia y las ventajas de la PWA Piper Spin.<\/p>\n<p><img loading=\"lazy\" decoding=\"async\" src=\"https:\/\/piperspinuk.org\/wp-content\/uploads\/2025\/12\/Piperspin-Desktop.webp\" alt=\"Piperspin Desktop\" width=\"1248\" height=\"536\" \/><\/p>\n<\/div><\/div><div style=\"clear: both\"><\/div><div class=\"d-flex justify-content-center\"><button data-item=\"decouvrez_link\" data-group=\"website_links\" class=\"goto fw-bold rounded-pill btn btn-orange\" aria-label=\"Descarga la aplicaci\u00f3n Piperspin\" >Descarga la aplicaci\u00f3n Piperspin<\/button><\/div><div class=\"scrollable-content-wrap my-5\"><div class=\"scrollable-content-inner\"><h2>Preguntas frecuentes<\/h2>\n<h3>\u00bfLa aplicaci\u00f3n Piper Spin Casino ofrece atenci\u00f3n al cliente?<\/h3>\n<p>Piperspin Casino ofrece atenci\u00f3n al cliente a trav\u00e9s de chat en vivo, disponible no solo dentro de la aplicaci\u00f3n, sino tambi\u00e9n en el sitio web oficial. El equipo de asistencia est\u00e1 disponible las 24 horas del d\u00eda, los 7 d\u00edas de la semana, para resolver problemas t\u00e9cnicos, el proceso de verificaci\u00f3n y cualquier pregunta que pueda surgir, de modo que no interfiera en el proceso de juego.<\/p>\n<h3>\u00bfEs necesario crear una cuenta para utilizar la aplicaci\u00f3n Piper Spin?<\/h3>\n<p>Es necesario registrarse y verificar la cuenta para poder utilizar todas estas funciones, incluyendo los dep\u00f3sitos, retiradas y juego. Es r\u00e1pido y seguro, y su objetivo es proteger la informaci\u00f3n de los jugadores y facilitar el acceso a los servicios del casino.<\/p>\n<h3>\u00bfTodos los juegos est\u00e1n disponibles en la aplicaci\u00f3n Piperspin?<\/h3>\n<p>La aplicaci\u00f3n m\u00f3vil permite acceder a la mayor\u00eda de los juegos de tragamonedas y casino en l\u00ednea que est\u00e1n disponibles en Piper Spin Casino. Nuestra plataforma m\u00f3vil ofrece una enorme biblioteca que puede satisfacer la mayor\u00eda de las preferencias de los jugadores.<\/p>\n<h3>\u00bfC\u00f3mo puedo actualizar la aplicaci\u00f3n Piperspin Casino?<\/h3>\n<p>Piperspin Casino es una aplicaci\u00f3n atractiva que utiliza una PWA que se actualiza autom\u00e1ticamente y ofrece las \u00faltimas funciones y mejoras de seguridad. Se utilizar\u00e1 el navegador o el icono instalado para acceder al casino y ofrecer a los usuarios la \u00faltima versi\u00f3n.<\/p>\n<\/div><\/div><\/p>\n","protected":false},"excerpt":{"rendered":"<p>Aplicaci\u00f3n Piperspin: Juegos para iOS y Android Piperspin app es un juego m\u00f3vil de alta calidad y seguro, dise\u00f1ado para satisfacer las necesidades de los jugadores espa\u00f1oles de nuestro casino. Piperspin Casino cuenta con la \u00faltima tecnolog\u00eda para que los usuarios puedan acceder f\u00e1cilmente a sus juegos y tragamonedas de casino online preferidos, independientemente de [&hellip;]<\/p>\n","protected":false},"author":1,"featured_media":0,"parent":0,"menu_order":0,"comment_status":"closed","ping_status":"closed","template":"template-builder.php","meta":{"_acf_changed":false,"inline_featured_image":false,"footnotes":""},"class_list":["post-1434","page","type-page","status-publish","hentry"],"acf":[],"yoast_head":"<!-- This site is optimized with the Yoast SEO plugin v27.3 - https:\/\/yoast.com\/product\/yoast-seo-wordpress\/ -->\n<title>Piperspin Aplicaci\u00f3n | Plataformas iOS y Android<\/title>\n<meta name=\"description\" content=\"La aplicaci\u00f3n Piperspin ofrece una experiencia de juego fluida en casinos para Android, iOS, Windows y macOS, con cuentas sincronizadas, actualizaciones peri\u00f3dicas y asistencia al cliente integrada para una experiencia sin complicaciones.\" \/>\n<meta name=\"robots\" content=\"index, follow, max-snippet:-1, max-image-preview:large, max-video-preview:-1\" \/>\n<link rel=\"canonical\" href=\"https:\/\/piperspinuk.org\/es\/aplicacion\/\" \/>\n<meta property=\"og:locale\" content=\"es_ES\" \/>\n<meta property=\"og:type\" content=\"article\" \/>\n<meta property=\"og:title\" content=\"Piperspin Aplicaci\u00f3n | Plataformas iOS y Android\" \/>\n<meta property=\"og:description\" content=\"La aplicaci\u00f3n Piperspin ofrece una experiencia de juego fluida en casinos para Android, iOS, Windows y macOS, con cuentas sincronizadas, actualizaciones peri\u00f3dicas y asistencia al cliente integrada para una experiencia sin complicaciones.\" \/>\n<meta property=\"og:url\" content=\"https:\/\/piperspinuk.org\/es\/aplicacion\/\" \/>\n<meta property=\"og:site_name\" content=\"piperspin\" \/>\n<meta property=\"article:modified_time\" content=\"2025-12-22T11:43:40+00:00\" \/>\n<meta name=\"twitter:card\" content=\"summary_large_image\" \/>\n<meta name=\"twitter:label1\" content=\"Est. reading time\" \/>\n\t<meta name=\"twitter:data1\" content=\"2 minutos\" \/>\n<script type=\"application\/ld+json\" class=\"yoast-schema-graph\">{\"@context\":\"https:\\\/\\\/schema.org\",\"@graph\":[{\"@type\":\"WebPage\",\"@id\":\"https:\\\/\\\/piperspinuk.org\\\/es\\\/aplicacion\\\/\",\"url\":\"https:\\\/\\\/piperspinuk.org\\\/es\\\/aplicacion\\\/\",\"name\":\"Piperspin Aplicaci\u00f3n | Plataformas iOS y Android\",\"isPartOf\":{\"@id\":\"https:\\\/\\\/piperspinuk.org\\\/es\\\/#website\"},\"datePublished\":\"2025-12-22T07:27:25+00:00\",\"dateModified\":\"2025-12-22T11:43:40+00:00\",\"description\":\"La aplicaci\u00f3n Piperspin ofrece una experiencia de juego fluida en casinos para Android, iOS, Windows y macOS, con cuentas sincronizadas, actualizaciones peri\u00f3dicas y asistencia al cliente integrada para una experiencia sin complicaciones.\",\"breadcrumb\":{\"@id\":\"https:\\\/\\\/piperspinuk.org\\\/es\\\/aplicacion\\\/#breadcrumb\"},\"inLanguage\":\"es\",\"potentialAction\":[{\"@type\":\"ReadAction\",\"target\":[\"https:\\\/\\\/piperspinuk.org\\\/es\\\/aplicacion\\\/\"]}]},{\"@type\":\"BreadcrumbList\",\"@id\":\"https:\\\/\\\/piperspinuk.org\\\/es\\\/aplicacion\\\/#breadcrumb\",\"itemListElement\":[{\"@type\":\"ListItem\",\"position\":1,\"name\":\"Piperspin\",\"item\":\"https:\\\/\\\/piperspinuk.org\\\/es\\\/\"},{\"@type\":\"ListItem\",\"position\":2,\"name\":\"Aplicaci\u00f3n\"}]},{\"@type\":\"WebSite\",\"@id\":\"https:\\\/\\\/piperspinuk.org\\\/es\\\/#website\",\"url\":\"https:\\\/\\\/piperspinuk.org\\\/es\\\/\",\"name\":\"Piperspin\",\"description\":\"\",\"publisher\":{\"@id\":\"https:\\\/\\\/piperspinuk.org\\\/es\\\/#organization\"},\"potentialAction\":[{\"@type\":\"SearchAction\",\"target\":{\"@type\":\"EntryPoint\",\"urlTemplate\":\"https:\\\/\\\/piperspinuk.org\\\/es\\\/?s={search_term_string}\"},\"query-input\":{\"@type\":\"PropertyValueSpecification\",\"valueRequired\":true,\"valueName\":\"search_term_string\"}}],\"inLanguage\":\"es\"},{\"@type\":\"Organization\",\"@id\":\"https:\\\/\\\/piperspinuk.org\\\/es\\\/#organization\",\"name\":\"Piperspin\",\"url\":\"https:\\\/\\\/piperspinuk.org\\\/es\\\/\",\"logo\":{\"@type\":\"ImageObject\",\"inLanguage\":\"es\",\"@id\":\"https:\\\/\\\/piperspinuk.org\\\/es\\\/#\\\/schema\\\/logo\\\/image\\\/\",\"url\":\"https:\\\/\\\/piperspinuk.org\\\/wp-content\\\/uploads\\\/2025\\\/12\\\/Piperspin-desktop-logo.webp\",\"contentUrl\":\"https:\\\/\\\/piperspinuk.org\\\/wp-content\\\/uploads\\\/2025\\\/12\\\/Piperspin-desktop-logo.webp\",\"width\":208,\"height\":49,\"caption\":\"Piperspin\"},\"image\":{\"@id\":\"https:\\\/\\\/piperspinuk.org\\\/es\\\/#\\\/schema\\\/logo\\\/image\\\/\"}}]}<\/script>\n<!-- \/ Yoast SEO plugin. -->","yoast_head_json":{"title":"Piperspin Aplicaci\u00f3n | Plataformas iOS y Android","description":"La aplicaci\u00f3n Piperspin ofrece una experiencia de juego fluida en casinos para Android, iOS, Windows y macOS, con cuentas sincronizadas, actualizaciones peri\u00f3dicas y asistencia al cliente integrada para una experiencia sin complicaciones.","robots":{"index":"index","follow":"follow","max-snippet":"max-snippet:-1","max-image-preview":"max-image-preview:large","max-video-preview":"max-video-preview:-1"},"canonical":"https:\/\/piperspinuk.org\/es\/aplicacion\/","og_locale":"es_ES","og_type":"article","og_title":"Piperspin Aplicaci\u00f3n | Plataformas iOS y Android","og_description":"La aplicaci\u00f3n Piperspin ofrece una experiencia de juego fluida en casinos para Android, iOS, Windows y macOS, con cuentas sincronizadas, actualizaciones peri\u00f3dicas y asistencia al cliente integrada para una experiencia sin complicaciones.","og_url":"https:\/\/piperspinuk.org\/es\/aplicacion\/","og_site_name":"piperspin","article_modified_time":"2025-12-22T11:43:40+00:00","twitter_card":"summary_large_image","twitter_misc":{"Est. reading time":"2 minutos"},"schema":{"@context":"https:\/\/schema.org","@graph":[{"@type":"WebPage","@id":"https:\/\/piperspinuk.org\/es\/aplicacion\/","url":"https:\/\/piperspinuk.org\/es\/aplicacion\/","name":"Piperspin Aplicaci\u00f3n | Plataformas iOS y Android","isPartOf":{"@id":"https:\/\/piperspinuk.org\/es\/#website"},"datePublished":"2025-12-22T07:27:25+00:00","dateModified":"2025-12-22T11:43:40+00:00","description":"La aplicaci\u00f3n Piperspin ofrece una experiencia de juego fluida en casinos para Android, iOS, Windows y macOS, con cuentas sincronizadas, actualizaciones peri\u00f3dicas y asistencia al cliente integrada para una experiencia sin complicaciones.","breadcrumb":{"@id":"https:\/\/piperspinuk.org\/es\/aplicacion\/#breadcrumb"},"inLanguage":"es","potentialAction":[{"@type":"ReadAction","target":["https:\/\/piperspinuk.org\/es\/aplicacion\/"]}]},{"@type":"BreadcrumbList","@id":"https:\/\/piperspinuk.org\/es\/aplicacion\/#breadcrumb","itemListElement":[{"@type":"ListItem","position":1,"name":"Piperspin","item":"https:\/\/piperspinuk.org\/es\/"},{"@type":"ListItem","position":2,"name":"Aplicaci\u00f3n"}]},{"@type":"WebSite","@id":"https:\/\/piperspinuk.org\/es\/#website","url":"https:\/\/piperspinuk.org\/es\/","name":"Piperspin","description":"","publisher":{"@id":"https:\/\/piperspinuk.org\/es\/#organization"},"potentialAction":[{"@type":"SearchAction","target":{"@type":"EntryPoint","urlTemplate":"https:\/\/piperspinuk.org\/es\/?s={search_term_string}"},"query-input":{"@type":"PropertyValueSpecification","valueRequired":true,"valueName":"search_term_string"}}],"inLanguage":"es"},{"@type":"Organization","@id":"https:\/\/piperspinuk.org\/es\/#organization","name":"Piperspin","url":"https:\/\/piperspinuk.org\/es\/","logo":{"@type":"ImageObject","inLanguage":"es","@id":"https:\/\/piperspinuk.org\/es\/#\/schema\/logo\/image\/","url":"https:\/\/piperspinuk.org\/wp-content\/uploads\/2025\/12\/Piperspin-desktop-logo.webp","contentUrl":"https:\/\/piperspinuk.org\/wp-content\/uploads\/2025\/12\/Piperspin-desktop-logo.webp","width":208,"height":49,"caption":"Piperspin"},"image":{"@id":"https:\/\/piperspinuk.org\/es\/#\/schema\/logo\/image\/"}}]}},"_links":{"self":[{"href":"https:\/\/piperspinuk.org\/es\/wp-json\/wp\/v2\/pages\/1434","targetHints":{"allow":["GET"]}}],"collection":[{"href":"https:\/\/piperspinuk.org\/es\/wp-json\/wp\/v2\/pages"}],"about":[{"href":"https:\/\/piperspinuk.org\/es\/wp-json\/wp\/v2\/types\/page"}],"author":[{"embeddable":true,"href":"https:\/\/piperspinuk.org\/es\/wp-json\/wp\/v2\/users\/1"}],"replies":[{"embeddable":true,"href":"https:\/\/piperspinuk.org\/es\/wp-json\/wp\/v2\/comments?post=1434"}],"version-history":[{"count":2,"href":"https:\/\/piperspinuk.org\/es\/wp-json\/wp\/v2\/pages\/1434\/revisions"}],"predecessor-version":[{"id":1798,"href":"https:\/\/piperspinuk.org\/es\/wp-json\/wp\/v2\/pages\/1434\/revisions\/1798"}],"wp:attachment":[{"href":"https:\/\/piperspinuk.org\/es\/wp-json\/wp\/v2\/media?parent=1434"}],"curies":[{"name":"wp","href":"https:\/\/api.w.org\/{rel}","templated":true}]}}