{"id":1472,"date":"2025-12-22T07:30:08","date_gmt":"2025-12-22T07:30:08","guid":{"rendered":"https:\/\/piperspinuk.org\/login-and-registration\/"},"modified":"2025-12-22T11:46:11","modified_gmt":"2025-12-22T11:46:11","slug":"inicio-de-sesion-y-registro","status":"publish","type":"page","link":"https:\/\/piperspinuk.org\/es\/inicio-de-sesion-y-registro\/","title":{"rendered":"Inicio de sesi\u00f3n y Registro"},"content":{"rendered":"<h1>Inicio de sesi\u00f3n en Piperspin: registro r\u00e1pido<\/h1>\n<p>El Piperspin login ofrece a los jugadores espa\u00f1oles la oportunidad de acceder de forma r\u00e1pida y segura a un entorno de casino online din\u00e1mico. Nuestro sitio web cuenta con una gran variedad de juegos, servicios de seguridad y atenci\u00f3n al cliente para que disfrutes de una experiencia de juego mejor y m\u00e1s segura. Piperspin Casino est\u00e1 dise\u00f1ado para ofrecer una navegaci\u00f3n sin complicaciones y un servicio de calidad en todos los niveles a los aficionados m\u00e1s apasionados.<\/p>\n<p><div class=\"banner-wrap\" aria-label=\"Banner\"><img src=\"https:\/\/piperspinuk.org\/wp-content\/uploads\/2025\/12\/TOwKZNmxqjNhxfrdqEkN.webp\" class=\"w-100 d-none d-lg-block img-pc main-banner-img\" alt=\"Piperspin desktop banner\" fetchpriority=\"high\" decoding=\"async\"><img src=\"https:\/\/piperspinuk.org\/wp-content\/uploads\/2025\/12\/Piperspin-mobile-banner.webp\" class=\"w-100 d-none d-md-block d-lg-none main-banner-img\" alt=\"Piperspin mobile banner\" fetchpriority=\"high\" decoding=\"async\"><img src=\"https:\/\/piperspinuk.org\/wp-content\/uploads\/2025\/12\/Piperspin-mobile-banner.webp\" class=\"w-100 d-md-none\" alt=\"Piperspin mobile banner\" fetchpriority=\"high\" decoding=\"async\"><div class=\"banner-description\">\n<div class=\"banner-title\">Bonos de bienvenida<\/div>\n<p class=\"banner-header-title\">1500 \u20ac<\/p>\n<div class=\"banner-header-AdditionalText\">+ 250 Tiradas gratis<\/div>\n<button data-item=\"homepage_banner_link\" class=\"goto m-button m-gradient-border m-button--primary m-button--large banner-button btn-orange\">\n            <div class=\"m-button-content\">\n                <span>Reg\u00edstrate ahora<\/span>\n                <span><\/span>\n            <\/div>\n        <\/button>\n<\/div>\n<div class=\"WelcomePack\">\n<p><img loading=\"lazy\" decoding=\"async\" class=\"alignnone wp-image-1339 size-full\" src=\"https:\/\/piperspinuk.org\/wp-content\/uploads\/2025\/12\/welcome-crown.svg\" alt=\"crown\" width=\"25\" height=\"26\" \/><\/p>\n<div class=\"WelcomePack-Info\">Reembolso semanal de hasta el 25 %<\/div>\n<p><img loading=\"lazy\" decoding=\"async\" class=\"alignnone wp-image-1339 size-full\" src=\"https:\/\/piperspinuk.org\/wp-content\/uploads\/2025\/12\/welcome-crown.svg\" alt=\"crown\" width=\"25\" height=\"26\" \/><\/p>\n<\/div>\n<\/div><div class=\"scrollable-content-wrap my-5\"><div class=\"scrollable-content-inner\"><h2>Piper Spin Casino registro para nuevos jugadores<\/h2>\n<p>\u00a1Crear una cuenta en nuestro casino y realizar un inicio de sesi\u00f3n en Piperspin por primera vez es algo muy interesante que probar! Podr\u00e1s aprovechar al m\u00e1ximo todo el potencial de nuestro sitio web. Los nuevos usuarios pueden acceder a m\u00e1s de 6000 t\u00edtulos de tragamonedas, juegos de mesa, drops and wins, diversas cartas y crupieres en vivo, adem\u00e1s de bonificaciones exclusivas.<\/p>\n<p>La creaci\u00f3n de una cuenta tambi\u00e9n facilita los dep\u00f3sitos y retiradas, y da acceso a torneos y a una gesti\u00f3n personalizada de la cuenta. Siempre hemos mantenido nuestro proceso de registro lo m\u00e1s sencillo posible para que los jugadores puedan empezar a jugar con el m\u00ednimo esfuerzo.<\/p>\n<h2>Crea tu cuenta<\/h2>\n<p>Estamos seguros de que desea crear su propia cuenta. \u00a1Entonces no hay nada m\u00e1s f\u00e1cil! El proceso de registro en Piperspin Casino es bastante sencillo y se ha dise\u00f1ado para que sea lo m\u00e1s seguro posible; se puede resumir de la siguiente manera:<\/p>\n<ol>\n<li>Ve a nuestra p\u00e1gina principal de Piperspin Casino y busca el bot\u00f3n \u00abRegistrarse\u00bb, que se encuentra en la esquina superior derecha de la p\u00e1gina principal.<\/li>\n<li>Con un solo clic, puede acceder al formulario de registro, que solo tiene dos l\u00edneas para rellenar.<\/li>\n<li>Introduce una direcci\u00f3n de correo electr\u00f3nico v\u00e1lida y una contrase\u00f1a segura y eficaz. Se recomienda utilizar may\u00fasculas, min\u00fasculas, n\u00fameros y s\u00edmbolos para garantizar el m\u00e1ximo nivel de seguridad.<\/li>\n<li>Acepta los t\u00e9rminos y condiciones, y aseg\u00farate de que tienes 18 a\u00f1os o m\u00e1s.<\/li>\n<li>Si lo desea, suscr\u00edbase a nuestras cartas promocionales.<\/li>\n<li>Completa el registro con la ayuda del bot\u00f3n correspondiente.<\/li>\n<li>Confirma tu correo electr\u00f3nico pulsando el enlace que se env\u00eda a tu bandeja de entrada, y esto activar\u00e1 tu cuenta. \u00a1Ahora ya puedes iniciar sesi\u00f3n por primera vez en Piperspin!<\/li>\n<\/ol>\n<h2>Comience con una cuenta en Piperspin Casino.<\/h2>\n<p>Es eficiente y seguro iniciar sesi\u00f3n en una cuenta de Piperspin Casino:<\/p>\n<ol>\n<li>Ve a la p\u00e1gina principal de Piperspin Casino.<\/li>\n<li>Busca el bot\u00f3n de inicio de sesi\u00f3n en la esquina superior derecha de la p\u00e1gina de inicio.<\/li>\n<li>Introduzca su direcci\u00f3n de correo electr\u00f3nico y contrase\u00f1a.<\/li>\n<li>Finaliza el proceso de verificaci\u00f3n introduciendo el c\u00f3digo recibido por SMS o mediante la aplicaci\u00f3n de autenticaci\u00f3n.<\/li>\n<li>Completa el inicio de sesi\u00f3n en Piperspin en tu cuenta.<\/li>\n<\/ol>\n<p>M\u00e1s adelante, una vez dentro de la cuenta, tambi\u00e9n puedes a\u00f1adir m\u00e1s informaci\u00f3n personal, incluyendo tu nombre completo, fecha de nacimiento y direcci\u00f3n en la configuraci\u00f3n (para futuros procesos KYC, ser\u00eda estupendo). Este proceso din\u00e1mico de inicio de sesi\u00f3n en Piperspin sin retrasos permite a todos los nuevos jugadores acceder a los juegos de nuestra plataforma en cualquier momento. Pueden a\u00f1adir informaci\u00f3n adicional cuando lo consideren oportuno para realizar un dep\u00f3sito.<\/p>\n<p>Lo que puedes hacer en tu cuenta de Piperspin Casino :<\/p>\n<ul>\n<li>Cuidado de los datos personales y de contacto.<\/li>\n<li>Controlar los procedimientos de dep\u00f3sitos y retiradas.<\/li>\n<li>Activa o desactiva la autenticaci\u00f3n de dos factores para aumentar la seguridad.<\/li>\n<li>Consulte el historial de transacciones y bonificaciones.<\/li>\n<li>Env\u00ede los documentos para que el equipo de asistencia los verifique.<\/li>\n<li>Participa en sugerencias especiales y torneos.<\/li>\n<\/ul>\n<h3>\u00bfOlvidaste tu contrase\u00f1a?<\/h3>\n<p>Piperspin Casino cuenta con un procedimiento seguro de recuperaci\u00f3n de contrase\u00f1a en caso de perderla:<\/p>\n<ol>\n<li>Seleccione el enlace \u00ab\u00bfOlvid\u00f3 su contrase\u00f1a?\u00bb en la p\u00e1gina de inicio de sesi\u00f3n cuando haga clic en \u00e9l.<\/li>\n<li>Introduzca su direcci\u00f3n de correo electr\u00f3nico registrada.<\/li>\n<li>Le enviaremos un correo electr\u00f3nico de restablecimiento.<\/li>\n<li>Siga las instrucciones que contiene.<\/li>\n<li>Haga clic en el enlace de creaci\u00f3n de contrase\u00f1a general y cree una nueva contrase\u00f1a que cumpla con los requisitos de seguridad.<\/li>\n<\/ol>\n<p>Es r\u00e1pido y seguro, y causar\u00e1 una interferencia m\u00ednima en tus juegos.<\/p>\n<h2>Proteger y confirmar la cuenta de Piper Spin Casino.<\/h2>\n<p>La seguridad es nuestra m\u00e1xima prioridad en Piperspin. Los jugadores son muy importantes para nosotros. Verificamos todo con la ayuda de documentos de identificaci\u00f3n aut\u00e9nticos, como la direcci\u00f3n y la identificaci\u00f3n personal. Luchamos contra el fraude las 24 horas del d\u00eda, los 7 d\u00edas de la semana. El proceso de verificaci\u00f3n puede durar hasta 48 horas, y nuestro equipo de asistencia examinar\u00e1 los env\u00edos y le notificar\u00e1 cualquier requisito adicional. Esta medida es necesaria para facilitar las transacciones de retirada y aumentar la seguridad de las cuentas. Inf\u00f3rmese sobre lo que hacemos:<\/p>\n<table>\n<tbody>\n<tr>\n<td>Tipo de protecci\u00f3n<\/td>\n<td>Medidas<\/td>\n<\/tr>\n<tr>\n<td>Seguridad de la plataforma<\/td>\n<td>Cifrado SSL de 256 bits, autenticaci\u00f3n de dos factores, cumplimiento del RGPD, RNG certificado, protocolo HTTPS.<\/td>\n<\/tr>\n<tr>\n<td>Atenci\u00f3n al cliente<\/td>\n<td>Soporte multiling\u00fce, chat en vivo, asistencia por correo electr\u00f3nico las 24 horas del d\u00eda, los 7 d\u00edas de la semana.<\/td>\n<\/tr>\n<tr>\n<td>Requisitos de inscripci\u00f3n<\/td>\n<td>Correo electr\u00f3nico v\u00e1lido, verificaci\u00f3n de edad, datos personales opcionales.<\/td>\n<\/tr>\n<tr>\n<td>Proceso de verificaci\u00f3n<\/td>\n<td>Carga de documentos de identificaci\u00f3n (DNI o permiso de conducir), revisi\u00f3n en un plazo de 2 d\u00edas.<\/td>\n<\/tr>\n<\/tbody>\n<\/table>\n<h2>Preguntas frecuentes<\/h2>\n<h3>\u00bfC\u00f3mo completo el proceso de verificaci\u00f3n de la cuenta?<\/h3>\n<p>Para confirmar su cuenta Piperspin, complete el inicio de sesi\u00f3n en Piperspin y proporcione inmediatamente copias claras de documentos de identificaci\u00f3n v\u00e1lidos (pasaporte o permiso de conducir, etc.) y pruebas de su direcci\u00f3n. El equipo de asistencia revisar\u00e1 sus env\u00edos en un plazo de 48 horas y le informar\u00e1 sobre cualquier acci\u00f3n adicional. La autenticaci\u00f3n proporciona seguridad a su cuenta y permite la retirada de dinero.<\/p>\n<h3>\u00bfC\u00f3mo actualizar la contrase\u00f1a o la direcci\u00f3n de correo electr\u00f3nico?<\/h3>\n<p>Una vez que haya realizado el inicio de sesi\u00f3n en Piperspin, vaya a la configuraci\u00f3n de la cuenta y a la secci\u00f3n de seguridad para cambiar su contrase\u00f1a o su direcci\u00f3n de correo electr\u00f3nico. Introduzca la nueva informaci\u00f3n y verifique los cambios. Aseg\u00farese de que su nueva contrase\u00f1a cumple con los est\u00e1ndares de seguridad requeridos para garantizar la seguridad de su cuenta.<\/p>\n<h3>\u00bfQu\u00e9 debo hacer si mi cuenta Piper Spin est\u00e1 bloqueada?<\/h3>\n<p>En primer lugar, aseg\u00farate de que has iniciado sesi\u00f3n en Piperspin y sigues sin poder acceder. Cuando tu cuenta de Piperspin est\u00e9 bloqueada, ponte en contacto con nuestro equipo de asistencia a trav\u00e9s del chat en vivo o por correo electr\u00f3nico. Autentifica tu identidad cuando te lo soliciten y nuestro equipo de asistencia te ayudar\u00e1 a desbloquear tu cuenta sin demora si todo est\u00e1 en orden y no est\u00e1s cometiendo ning\u00fan fraude.<\/p>\n<h3>\u00bfC\u00f3mo puedo cerrar o suspender temporalmente mi cuenta?<\/h3>\n<p>Puede cerrar o suspender su cuenta envi\u00e1ndonos una solicitud, ya sea en la configuraci\u00f3n de su cuenta o poni\u00e9ndose en contacto con el servicio de asistencia. Nuestro equipo le ayudar\u00e1 a seguir los procedimientos necesarios, pero se tendr\u00e1n en cuenta sus preferencias y su informaci\u00f3n se mantendr\u00e1 segura.<\/p>\n<\/div><\/div><\/p>\n","protected":false},"excerpt":{"rendered":"<p>Inicio de sesi\u00f3n en Piperspin: registro r\u00e1pido El Piperspin login ofrece a los jugadores espa\u00f1oles la oportunidad de acceder de forma r\u00e1pida y segura a un entorno de casino online din\u00e1mico. Nuestro sitio web cuenta con una gran variedad de juegos, servicios de seguridad y atenci\u00f3n al cliente para que disfrutes de una experiencia de [&hellip;]<\/p>\n","protected":false},"author":1,"featured_media":0,"parent":0,"menu_order":0,"comment_status":"closed","ping_status":"closed","template":"template-builder.php","meta":{"_acf_changed":false,"inline_featured_image":false,"footnotes":""},"class_list":["post-1472","page","type-page","status-publish","hentry"],"acf":[],"yoast_head":"<!-- This site is optimized with the Yoast SEO plugin v27.3 - https:\/\/yoast.com\/product\/yoast-seo-wordpress\/ -->\n<title>Piperspin Inicio de sesi\u00f3n y registro<\/title>\n<meta name=\"description\" content=\"Crea, gestiona y verifica tu cuenta de Piperspin Casino sin esfuerzo. Disfruta de un registro r\u00e1pido, una recuperaci\u00f3n de cuenta sencilla y un cierre seguro con Piperspin Login, que mantiene tu cuenta protegida las 24 horas del d\u00eda.\" \/>\n<meta name=\"robots\" content=\"index, follow, max-snippet:-1, max-image-preview:large, max-video-preview:-1\" \/>\n<link rel=\"canonical\" href=\"https:\/\/piperspinuk.org\/es\/inicio-de-sesion-y-registro\/\" \/>\n<meta property=\"og:locale\" content=\"es_ES\" \/>\n<meta property=\"og:type\" content=\"article\" \/>\n<meta property=\"og:title\" content=\"Piperspin Inicio de sesi\u00f3n y registro\" \/>\n<meta property=\"og:description\" content=\"Crea, gestiona y verifica tu cuenta de Piperspin Casino sin esfuerzo. Disfruta de un registro r\u00e1pido, una recuperaci\u00f3n de cuenta sencilla y un cierre seguro con Piperspin Login, que mantiene tu cuenta protegida las 24 horas del d\u00eda.\" \/>\n<meta property=\"og:url\" content=\"https:\/\/piperspinuk.org\/es\/inicio-de-sesion-y-registro\/\" \/>\n<meta property=\"og:site_name\" content=\"piperspin\" \/>\n<meta property=\"article:modified_time\" content=\"2025-12-22T11:46:11+00:00\" \/>\n<meta name=\"twitter:card\" content=\"summary_large_image\" \/>\n<meta name=\"twitter:label1\" content=\"Est. reading time\" \/>\n\t<meta name=\"twitter:data1\" content=\"1 minuto\" \/>\n<script type=\"application\/ld+json\" class=\"yoast-schema-graph\">{\"@context\":\"https:\\\/\\\/schema.org\",\"@graph\":[{\"@type\":\"WebPage\",\"@id\":\"https:\\\/\\\/piperspinuk.org\\\/es\\\/inicio-de-sesion-y-registro\\\/\",\"url\":\"https:\\\/\\\/piperspinuk.org\\\/es\\\/inicio-de-sesion-y-registro\\\/\",\"name\":\"Piperspin Inicio de sesi\u00f3n y registro\",\"isPartOf\":{\"@id\":\"https:\\\/\\\/piperspinuk.org\\\/es\\\/#website\"},\"datePublished\":\"2025-12-22T07:30:08+00:00\",\"dateModified\":\"2025-12-22T11:46:11+00:00\",\"description\":\"Crea, gestiona y verifica tu cuenta de Piperspin Casino sin esfuerzo. Disfruta de un registro r\u00e1pido, una recuperaci\u00f3n de cuenta sencilla y un cierre seguro con Piperspin Login, que mantiene tu cuenta protegida las 24 horas del d\u00eda.\",\"breadcrumb\":{\"@id\":\"https:\\\/\\\/piperspinuk.org\\\/es\\\/inicio-de-sesion-y-registro\\\/#breadcrumb\"},\"inLanguage\":\"es\",\"potentialAction\":[{\"@type\":\"ReadAction\",\"target\":[\"https:\\\/\\\/piperspinuk.org\\\/es\\\/inicio-de-sesion-y-registro\\\/\"]}]},{\"@type\":\"BreadcrumbList\",\"@id\":\"https:\\\/\\\/piperspinuk.org\\\/es\\\/inicio-de-sesion-y-registro\\\/#breadcrumb\",\"itemListElement\":[{\"@type\":\"ListItem\",\"position\":1,\"name\":\"Piperspin\",\"item\":\"https:\\\/\\\/piperspinuk.org\\\/es\\\/\"},{\"@type\":\"ListItem\",\"position\":2,\"name\":\"Inicio de sesi\u00f3n y Registro\"}]},{\"@type\":\"WebSite\",\"@id\":\"https:\\\/\\\/piperspinuk.org\\\/es\\\/#website\",\"url\":\"https:\\\/\\\/piperspinuk.org\\\/es\\\/\",\"name\":\"Piperspin\",\"description\":\"\",\"publisher\":{\"@id\":\"https:\\\/\\\/piperspinuk.org\\\/es\\\/#organization\"},\"potentialAction\":[{\"@type\":\"SearchAction\",\"target\":{\"@type\":\"EntryPoint\",\"urlTemplate\":\"https:\\\/\\\/piperspinuk.org\\\/es\\\/?s={search_term_string}\"},\"query-input\":{\"@type\":\"PropertyValueSpecification\",\"valueRequired\":true,\"valueName\":\"search_term_string\"}}],\"inLanguage\":\"es\"},{\"@type\":\"Organization\",\"@id\":\"https:\\\/\\\/piperspinuk.org\\\/es\\\/#organization\",\"name\":\"Piperspin\",\"url\":\"https:\\\/\\\/piperspinuk.org\\\/es\\\/\",\"logo\":{\"@type\":\"ImageObject\",\"inLanguage\":\"es\",\"@id\":\"https:\\\/\\\/piperspinuk.org\\\/es\\\/#\\\/schema\\\/logo\\\/image\\\/\",\"url\":\"https:\\\/\\\/piperspinuk.org\\\/wp-content\\\/uploads\\\/2025\\\/12\\\/Piperspin-desktop-logo.webp\",\"contentUrl\":\"https:\\\/\\\/piperspinuk.org\\\/wp-content\\\/uploads\\\/2025\\\/12\\\/Piperspin-desktop-logo.webp\",\"width\":208,\"height\":49,\"caption\":\"Piperspin\"},\"image\":{\"@id\":\"https:\\\/\\\/piperspinuk.org\\\/es\\\/#\\\/schema\\\/logo\\\/image\\\/\"}}]}<\/script>\n<!-- \/ Yoast SEO plugin. -->","yoast_head_json":{"title":"Piperspin Inicio de sesi\u00f3n y registro","description":"Crea, gestiona y verifica tu cuenta de Piperspin Casino sin esfuerzo. Disfruta de un registro r\u00e1pido, una recuperaci\u00f3n de cuenta sencilla y un cierre seguro con Piperspin Login, que mantiene tu cuenta protegida las 24 horas del d\u00eda.","robots":{"index":"index","follow":"follow","max-snippet":"max-snippet:-1","max-image-preview":"max-image-preview:large","max-video-preview":"max-video-preview:-1"},"canonical":"https:\/\/piperspinuk.org\/es\/inicio-de-sesion-y-registro\/","og_locale":"es_ES","og_type":"article","og_title":"Piperspin Inicio de sesi\u00f3n y registro","og_description":"Crea, gestiona y verifica tu cuenta de Piperspin Casino sin esfuerzo. Disfruta de un registro r\u00e1pido, una recuperaci\u00f3n de cuenta sencilla y un cierre seguro con Piperspin Login, que mantiene tu cuenta protegida las 24 horas del d\u00eda.","og_url":"https:\/\/piperspinuk.org\/es\/inicio-de-sesion-y-registro\/","og_site_name":"piperspin","article_modified_time":"2025-12-22T11:46:11+00:00","twitter_card":"summary_large_image","twitter_misc":{"Est. reading time":"1 minuto"},"schema":{"@context":"https:\/\/schema.org","@graph":[{"@type":"WebPage","@id":"https:\/\/piperspinuk.org\/es\/inicio-de-sesion-y-registro\/","url":"https:\/\/piperspinuk.org\/es\/inicio-de-sesion-y-registro\/","name":"Piperspin Inicio de sesi\u00f3n y registro","isPartOf":{"@id":"https:\/\/piperspinuk.org\/es\/#website"},"datePublished":"2025-12-22T07:30:08+00:00","dateModified":"2025-12-22T11:46:11+00:00","description":"Crea, gestiona y verifica tu cuenta de Piperspin Casino sin esfuerzo. Disfruta de un registro r\u00e1pido, una recuperaci\u00f3n de cuenta sencilla y un cierre seguro con Piperspin Login, que mantiene tu cuenta protegida las 24 horas del d\u00eda.","breadcrumb":{"@id":"https:\/\/piperspinuk.org\/es\/inicio-de-sesion-y-registro\/#breadcrumb"},"inLanguage":"es","potentialAction":[{"@type":"ReadAction","target":["https:\/\/piperspinuk.org\/es\/inicio-de-sesion-y-registro\/"]}]},{"@type":"BreadcrumbList","@id":"https:\/\/piperspinuk.org\/es\/inicio-de-sesion-y-registro\/#breadcrumb","itemListElement":[{"@type":"ListItem","position":1,"name":"Piperspin","item":"https:\/\/piperspinuk.org\/es\/"},{"@type":"ListItem","position":2,"name":"Inicio de sesi\u00f3n y Registro"}]},{"@type":"WebSite","@id":"https:\/\/piperspinuk.org\/es\/#website","url":"https:\/\/piperspinuk.org\/es\/","name":"Piperspin","description":"","publisher":{"@id":"https:\/\/piperspinuk.org\/es\/#organization"},"potentialAction":[{"@type":"SearchAction","target":{"@type":"EntryPoint","urlTemplate":"https:\/\/piperspinuk.org\/es\/?s={search_term_string}"},"query-input":{"@type":"PropertyValueSpecification","valueRequired":true,"valueName":"search_term_string"}}],"inLanguage":"es"},{"@type":"Organization","@id":"https:\/\/piperspinuk.org\/es\/#organization","name":"Piperspin","url":"https:\/\/piperspinuk.org\/es\/","logo":{"@type":"ImageObject","inLanguage":"es","@id":"https:\/\/piperspinuk.org\/es\/#\/schema\/logo\/image\/","url":"https:\/\/piperspinuk.org\/wp-content\/uploads\/2025\/12\/Piperspin-desktop-logo.webp","contentUrl":"https:\/\/piperspinuk.org\/wp-content\/uploads\/2025\/12\/Piperspin-desktop-logo.webp","width":208,"height":49,"caption":"Piperspin"},"image":{"@id":"https:\/\/piperspinuk.org\/es\/#\/schema\/logo\/image\/"}}]}},"_links":{"self":[{"href":"https:\/\/piperspinuk.org\/es\/wp-json\/wp\/v2\/pages\/1472","targetHints":{"allow":["GET"]}}],"collection":[{"href":"https:\/\/piperspinuk.org\/es\/wp-json\/wp\/v2\/pages"}],"about":[{"href":"https:\/\/piperspinuk.org\/es\/wp-json\/wp\/v2\/types\/page"}],"author":[{"embeddable":true,"href":"https:\/\/piperspinuk.org\/es\/wp-json\/wp\/v2\/users\/1"}],"replies":[{"embeddable":true,"href":"https:\/\/piperspinuk.org\/es\/wp-json\/wp\/v2\/comments?post=1472"}],"version-history":[{"count":1,"href":"https:\/\/piperspinuk.org\/es\/wp-json\/wp\/v2\/pages\/1472\/revisions"}],"predecessor-version":[{"id":1799,"href":"https:\/\/piperspinuk.org\/es\/wp-json\/wp\/v2\/pages\/1472\/revisions\/1799"}],"wp:attachment":[{"href":"https:\/\/piperspinuk.org\/es\/wp-json\/wp\/v2\/media?parent=1472"}],"curies":[{"name":"wp","href":"https:\/\/api.w.org\/{rel}","templated":true}]}}