{"id":1425,"date":"2025-12-22T07:27:25","date_gmt":"2025-12-22T07:27:25","guid":{"rendered":"https:\/\/piperspinuk.org\/app\/"},"modified":"2025-12-22T09:15:25","modified_gmt":"2025-12-22T09:15:25","slug":"app","status":"publish","type":"page","link":"https:\/\/piperspinuk.org\/fr\/app\/","title":{"rendered":"App"},"content":{"rendered":"<h1>Application Piperspin : jeux iOS et Android<\/h1>\n<p>Piperspin app est un jeu mobile de haute qualit\u00e9 et s\u00e9curis\u00e9, con\u00e7u pour r\u00e9pondre aux exigences des joueurs de notre casino. Piperspin Casino dispose des derni\u00e8res technologies afin que les utilisateurs puissent facilement acc\u00e9der \u00e0 leurs jeux de casino et machines \u00e0 sous en ligne pr\u00e9f\u00e9r\u00e9s, qu&rsquo;ils utilisent un smartphone ou une tablette. Piperspin app est la derni\u00e8re tendance en mati\u00e8re de jeux mobiles, mettant l&rsquo;accent sur la vitesse, la s\u00e9curit\u00e9 et le confort.<\/p>\n<p>Piperspin Casino ne cesse de repousser les limites du jeu mobile. C&rsquo;est pourquoi nous avons combin\u00e9 les technologies les plus r\u00e9centes et une conception conviviale. Nos jeux fonctionnent parfaitement via notre PWA ou \u00e0 l&rsquo;aide d&rsquo;un logiciel de bureau. Les joueurs ont acc\u00e8s \u00e0 une exp\u00e9rience de jeu captivante, s\u00e9curis\u00e9e et hautement performante, facilement compatible avec les appareils de leur choix.<\/p>\n<div class=\"banner-wrap\" aria-label=\"Banner\"><img src=\"https:\/\/piperspinuk.org\/wp-content\/uploads\/2025\/12\/TOwKZNmxqjNhxfrdqEkN.webp\" class=\"w-100 d-none d-lg-block img-pc main-banner-img\" alt=\"Piperspin desktop banner\" fetchpriority=\"high\" decoding=\"async\"><img src=\"https:\/\/piperspinuk.org\/wp-content\/uploads\/2025\/12\/Piperspin-mobile-banner.webp\" class=\"w-100 d-none d-md-block d-lg-none main-banner-img\" alt=\"Piperspin mobile banner\" fetchpriority=\"high\" decoding=\"async\"><img src=\"https:\/\/piperspinuk.org\/wp-content\/uploads\/2025\/12\/Piperspin-mobile-banner.webp\" class=\"w-100 d-md-none\" alt=\"Piperspin mobile banner\" fetchpriority=\"high\" decoding=\"async\"><div class=\"banner-description\">\n<div class=\"banner-title\">Bonus de bienvenue<\/div>\n<p class=\"banner-header-title\">1500 \u20ac<\/p>\n<div class=\"banner-header-AdditionalText\">+ 250 Tours gratuits<\/div>\n<button data-item=\"homepage_banner_link\" class=\"goto m-button m-gradient-border m-button--primary m-button--large banner-button btn-orange\">\n            <div class=\"m-button-content\">\n                <span>Inscrivez-vous d\u00e8s maintenant<\/span>\n                <span><\/span>\n            <\/div>\n        <\/button>\n<\/div>\n<div class=\"WelcomePack\">\n<p><img loading=\"lazy\" decoding=\"async\" class=\"alignnone wp-image-1339 size-full\" src=\"https:\/\/piperspinuk.org\/wp-content\/uploads\/2025\/12\/welcome-crown.svg\" alt=\"crown\" width=\"25\" height=\"26\" \/><\/p>\n<div class=\"WelcomePack-Info\">Cashback hebdomadaire jusqu&rsquo;\u00e0 25 %<\/div>\n<p><img loading=\"lazy\" decoding=\"async\" class=\"alignnone wp-image-1339 size-full\" src=\"https:\/\/piperspinuk.org\/wp-content\/uploads\/2025\/12\/welcome-crown.svg\" alt=\"crown\" width=\"25\" height=\"26\" \/><\/p>\n<\/div>\n<\/div>\n<h2>Exp\u00e9rience mobile chez Piper Spin<\/h2>\n<p>L&rsquo;application Piperspin est disponible sous forme de PWA et offre une exp\u00e9rience de casino mobile puissante. Nous rivalisons avec les applications classiques pour ordinateurs de bureau (et t\u00e9l\u00e9phones). Elle dispose d&rsquo;une interface facile \u00e0 utiliser, con\u00e7ue pour \u00eatre accessible sur les \u00e9crans tactiles, afin que l&rsquo;utilisateur puisse facilement naviguer et trouver tout ce qu&rsquo;il cherche. Son architecture haute performance garantit un chargement rapide, un gameplay ininterrompu et des graphismes de qualit\u00e9, ce qui fait de l&rsquo;application Piperspin la meilleure option pour nos chers joueurs qui ont besoin de se divertir en permanence, o\u00f9 qu&rsquo;ils aillent.<\/p>\n<p>L&rsquo;application Piperspin est \u00e9galement plus pratique que le jeu sur PC, car elle est accessible instantan\u00e9ment et ne n\u00e9cessite aucun t\u00e9l\u00e9chargement ni installation fastidieux. Son design r\u00e9actif s&rsquo;adapte \u00e0 toutes les tailles d&rsquo;\u00e9cran, garantissant une exp\u00e9rience identique sur smartphone et tablette. L&rsquo;application est \u00e9galement conviviale, permettant aux joueurs d&rsquo;effectuer des d\u00e9p\u00f4ts, des retraits et de r\u00e9clamer des bonus sur leur t\u00e9l\u00e9phone portable, avec des niveaux de protection suppl\u00e9mentaires qui s\u00e9curisent les informations sensibles. Vous ne ressentirez aucun inconv\u00e9nient.<\/p>\n<p><div class=\"scrollable-content-wrap my-5\"><div class=\"scrollable-content-inner\"><h2>Piperspin Application iOS Casino<\/h2>\n<p>L&rsquo;application Piperspin Casino pour iOS est \u00e9galement optimis\u00e9e pour Safari et d&rsquo;autres navigateurs compatibles, garantissant une exp\u00e9rience s\u00fbre et satisfaisante aux utilisateurs d&rsquo;appareils Apple. Le processus d&rsquo;installation de l&rsquo;application Piperspin n&rsquo;est pas compliqu\u00e9 :<\/p>\n<ol>\n<li>L&rsquo;utilisateur se connecte \u00e0 son compte sur la page principale ;<\/li>\n<li>Cliquez sur le bouton intitul\u00e9 \u00ab Installer \u00bb ;<\/li>\n<li>Ensuite, en r\u00e9pondant \u00e0 des questions simples et \u00e0 des invites, ajoutez l&rsquo;application \u00e0 l&rsquo;\u00e9cran d&rsquo;accueil.<\/li>\n<\/ol>\n<p>Lorsque vous l&rsquo;installerez, l&rsquo;ic\u00f4ne Piperspin Casino sera la premi\u00e8re chose que vous verrez. Elle vous permettra d&rsquo;acc\u00e9der \u00e0 la biblioth\u00e8que de machines \u00e0 sous en ligne et de jeux de casino.<\/p>\n<p>La version iOS dispose de boutons plus grands, \u00e9l\u00e9gants et tactiles, ainsi que de fonctionnalit\u00e9s de balayage pour faciliter la navigation. Les joueurs sont inform\u00e9s des nouveaux jeux, des bonus sp\u00e9ciaux et des \u00e9v\u00e9nements sp\u00e9ciaux du casino Piperspin gr\u00e2ce \u00e0 des notifications push.<\/p>\n<p>L&rsquo;application est conforme aux politiques d&rsquo;Apple et l&rsquo;environnement est s\u00e9curis\u00e9 ; la confidentialit\u00e9 et la s\u00e9curit\u00e9 de l&rsquo;utilisateur sont garanties sans affecter les performances. Les fonctionnalit\u00e9s de s\u00e9curit\u00e9 suppl\u00e9mentaires permettent un jeu fluide et garantissent leur s\u00e9curit\u00e9.<\/p>\n<p><img loading=\"lazy\" decoding=\"async\" src=\"https:\/\/piperspinuk.org\/wp-content\/uploads\/2025\/12\/Piperspin-iOS-App.webp\" alt=\"Piperspin iOS App\" width=\"1248\" height=\"536\" \/><\/p>\n<\/div><\/div><div style=\"clear: both\"><\/div><div class=\"d-flex justify-content-center\"><button data-item=\"decouvrez_link\" data-group=\"website_links\" class=\"goto fw-bold rounded-pill btn btn-orange\" aria-label=\"T\u00e9l\u00e9chargez l&#039;application Piperspin\" >T\u00e9l\u00e9chargez l&#039;application Piperspin<\/button><\/div><div class=\"scrollable-content-wrap my-5\"><div class=\"scrollable-content-inner\"><h2>Piperspin Application Android Casino<\/h2>\n<p>Piperspin Casino dispose \u00e9galement d&rsquo;une application Android, qui se pr\u00e9sente \u00e9galement sous la forme d&rsquo;une application web progressive (PWA), afin que l&rsquo;utilisateur puisse profiter d&rsquo;une exp\u00e9rience de jeu de haute qualit\u00e9 sans avoir \u00e0 effectuer de t\u00e9l\u00e9chargements volumineux.<\/p>\n<p>Pour installer l&rsquo;application Piperspin, le joueur doit cliquer sur la page principale depuis son appareil Android, descendre jusqu&rsquo;\u00e0 la section des applications et appuyer sur le bouton. Elle porte le nom \u00ab Casino App \u00bb.<\/p>\n<p>Apr\u00e8s les invites, vous pouvez simplement \u00e9pingler l&rsquo;application sur l&rsquo;\u00e9cran d&rsquo;accueil et disposer d&rsquo;une ic\u00f4ne qui permet d&rsquo;acc\u00e9der \u00e0 l&rsquo;ensemble de la biblioth\u00e8que de jeux et aux options de gestion de compte en un seul clic.<\/p>\n<p>La fonctionnalit\u00e9 Piper Spin PWA garantit que notre application sophistiqu\u00e9e peut \u00eatre et sera toujours mise \u00e0 jour avec les derniers correctifs de s\u00e9curit\u00e9 et les derni\u00e8res fonctionnalit\u00e9s. Vous pouvez profiter de notre interface tactile sur n&rsquo;importe quelle taille d&rsquo;\u00e9cran, avec une exp\u00e9rience de navigation facile et un gameplay r\u00e9actif sur les smartphones et les tablettes.<\/p>\n<p>Le Piperspin PWA propose un casino mobile polyvalent et r\u00e9ellement portable. Il offre aux joueurs une excellente exp\u00e9rience de jeu sans n\u00e9cessiter de t\u00e9l\u00e9chargements volumineux ni de mises \u00e0 jour manuelles du logiciel.<\/p>\n<h3>APK<\/h3>\n<p>Pour ceux qui pr\u00e9f\u00e8rent les fichiers Piperspin APK, nous recommandons de se connecter au casino via la PWA. Elle est plus s\u00e9curis\u00e9e et se met \u00e0 jour automatiquement. Cela permet aux joueurs de rester \u00e0 jour avec la version actuelle, minimisant ainsi les probl\u00e8mes techniques et les menaces de s\u00e9curit\u00e9.<\/p>\n<p>L&rsquo;approche PWA nous aide \u00e0 g\u00e9rer les risques li\u00e9s \u00e0 la s\u00e9curit\u00e9 et les mises \u00e0 jour manuelles en \u00e9vitant les t\u00e9l\u00e9chargements d&rsquo;APK et les probl\u00e8mes de s\u00e9curit\u00e9 associ\u00e9s.<\/p>\n<p><img loading=\"lazy\" decoding=\"async\" src=\"https:\/\/piperspinuk.org\/wp-content\/uploads\/2025\/12\/Piperspin-Android-App.webp\" alt=\"Piperspin Android App\" width=\"1248\" height=\"536\" \/><\/p>\n<\/div><\/div><div style=\"clear: both\"><\/div><div class=\"d-flex justify-content-center\"><button data-item=\"decouvrez_link\" data-group=\"website_links\" class=\"goto fw-bold rounded-pill btn btn-orange\" aria-label=\"T\u00e9l\u00e9charger Piperspin\" >T\u00e9l\u00e9charger Piperspin<\/button><\/div><div class=\"scrollable-content-wrap my-5\"><div class=\"scrollable-content-inner\"><h2>T\u00e9l\u00e9charger les applications pour Windows et macOS<\/h2>\n<p>Les joueurs qui aiment jouer sur ordinateur peuvent t\u00e9l\u00e9charger le logiciel Piperspin, compatible avec Windows et Mac OS. L&rsquo;application pour ordinateur de bureau int\u00e8gre des fonctionnalit\u00e9s telles que des graphismes 3D am\u00e9lior\u00e9s, des effets audio super cool et une interface simple, sombre et adapt\u00e9e aux grands \u00e9crans. Elle offre toutes les options disponibles sur l&rsquo;application mobile. Vous b\u00e9n\u00e9ficierez d&rsquo;un service de chat en direct, d&rsquo;un outil de v\u00e9rification de compte et d&rsquo;un acc\u00e8s \u00e0 toute la s\u00e9lection de machines \u00e0 sous et de jeux de casino en ligne.<\/p>\n<p>La version bureau peut utiliser des navigateurs courants tels que Google Chrome, Mozilla Firefox, Safari et Microsoft Edge. Cela profite aux joueurs, qui peuvent profiter d&rsquo;une exp\u00e9rience de jeu fluide sur la plupart des appareils et des syst\u00e8mes d&rsquo;exploitation.<\/p>\n<p>Comparons :<\/p>\n<table>\n<tbody>\n<tr>\n<td>Fonctionnalit\u00e9<\/td>\n<td>PWA<\/td>\n<td>APK courants<\/td>\n<\/tr>\n<tr>\n<td>Installation<\/td>\n<td>Install\u00e9 via le navigateur (Ajouter \u00e0 l&rsquo;\u00e9cran d&rsquo;accueil), aucun magasin d&rsquo;applications requis<\/td>\n<td>Install\u00e9 via Google Play ou t\u00e9l\u00e9charg\u00e9 manuellement ; n\u00e9cessite l&rsquo;approbation de l&rsquo;App Store<\/td>\n<\/tr>\n<tr>\n<td>Processus de mise \u00e0 jour<\/td>\n<td>Mise \u00e0 jour automatique, aucune intervention manuelle n\u00e9cessaire<\/td>\n<td>N\u00e9cessite des mises \u00e0 jour manuelles ou des mises \u00e0 jour via l&rsquo;App Store ; l&rsquo;utilisateur doit t\u00e9l\u00e9charger les nouvelles versions.<\/td>\n<\/tr>\n<tr>\n<td>D\u00e9veloppement et maintenance<\/td>\n<td>Une seule base de code pour toutes les plateformes ; mises \u00e0 jour plus faciles<\/td>\n<td>Codages distincts pour Android, iOS, etc. ; maintenance plus complexe<\/td>\n<\/tr>\n<tr>\n<td>Acc\u00e8s aux appareils<\/td>\n<td>Acc\u00e8s limit\u00e9 aux fonctionnalit\u00e9s de l&rsquo;appareil (par exemple, GPS, appareil photo, notifications)<\/td>\n<td>Acc\u00e8s complet au mat\u00e9riel et aux fonctionnalit\u00e9s du syst\u00e8me<\/td>\n<\/tr>\n<\/tbody>\n<\/table>\n<p>Ce tableau vous aidera \u00e0 comprendre la diff\u00e9rence et les avantages du PWA Piper Spin.<\/p>\n<p><img loading=\"lazy\" decoding=\"async\" src=\"https:\/\/piperspinuk.org\/wp-content\/uploads\/2025\/12\/Piperspin-Desktop.webp\" alt=\"Piperspin Desktop\" width=\"1248\" height=\"536\" \/><\/p>\n<\/div><\/div><div style=\"clear: both\"><\/div><div class=\"d-flex justify-content-center\"><button data-item=\"decouvrez_link\" data-group=\"website_links\" class=\"goto fw-bold rounded-pill btn btn-orange\" aria-label=\"T\u00e9l\u00e9chargez l&#039;application Piperspin\" >T\u00e9l\u00e9chargez l&#039;application Piperspin<\/button><\/div><div class=\"scrollable-content-wrap my-5\"><div class=\"scrollable-content-inner\"><h2>FAQ<\/h2>\n<h3>L&rsquo;application Piper Spin Casino propose-t-elle un service client ?<\/h3>\n<p>Piperspin Casino offre un service client sous forme de chat en direct, disponible non seulement dans l&rsquo;application, mais \u00e9galement sur le site officiel. L&rsquo;\u00e9quipe d&rsquo;assistance est disponible 24 heures sur 24, 7 jours sur 7 pour r\u00e9pondre aux probl\u00e8mes techniques, au processus de v\u00e9rification et \u00e0 toutes les questions qui pourraient se poser afin que le processus de jeu ne soit pas perturb\u00e9.<\/p>\n<h3>Faut-il cr\u00e9er un compte pour utiliser l&rsquo;application Piper Spin ?<\/h3>\n<p>L&rsquo;inscription et la v\u00e9rification sont obligatoires pour pouvoir utiliser toutes ces fonctionnalit\u00e9s, y compris les d\u00e9p\u00f4ts, les retraits et les jeux. Ce processus est rapide et s\u00e9curis\u00e9, et vise \u00e0 prot\u00e9ger les informations des joueurs tout en leur facilitant l&rsquo;acc\u00e8s aux services du casino.<\/p>\n<h3>Tous les jeux sont-ils disponibles dans l&rsquo;application Piperspin ?<\/h3>\n<p>L&rsquo;application mobile permet d&rsquo;acc\u00e9der \u00e0 la plupart des jeux de machines \u00e0 sous et de casino en ligne disponibles sur Piper Spin Casino. Notre plateforme mobile offre une vaste biblioth\u00e8que qui peut r\u00e9pondre \u00e0 la plupart des pr\u00e9f\u00e9rences des joueurs.<\/p>\n<h3>Comment puis-je mettre \u00e0 jour l&rsquo;application Piperspin Casino ?<\/h3>\n<p>Piperspin Casino est une application convaincante qui utilise une PWA qui se met automatiquement \u00e0 jour et fournit les derni\u00e8res fonctionnalit\u00e9s et am\u00e9liorations en mati\u00e8re de s\u00e9curit\u00e9. Le navigateur ou l&rsquo;ic\u00f4ne install\u00e9e sera utilis\u00e9 pour acc\u00e9der au casino et fournir aux utilisateurs la derni\u00e8re version.<\/p>\n<\/div><\/div><\/p>\n","protected":false},"excerpt":{"rendered":"<p>Application Piperspin : jeux iOS et Android Piperspin app est un jeu mobile de haute qualit\u00e9 et s\u00e9curis\u00e9, con\u00e7u pour r\u00e9pondre aux exigences des joueurs de notre casino. Piperspin Casino dispose des derni\u00e8res technologies afin que les utilisateurs puissent facilement acc\u00e9der \u00e0 leurs jeux de casino et machines \u00e0 sous en ligne pr\u00e9f\u00e9r\u00e9s, qu&rsquo;ils utilisent [&hellip;]<\/p>\n","protected":false},"author":1,"featured_media":0,"parent":0,"menu_order":0,"comment_status":"closed","ping_status":"closed","template":"template-builder.php","meta":{"_acf_changed":false,"inline_featured_image":false,"footnotes":""},"class_list":["post-1425","page","type-page","status-publish","hentry"],"acf":[],"yoast_head":"<!-- This site is optimized with the Yoast SEO plugin v27.3 - https:\/\/yoast.com\/product\/yoast-seo-wordpress\/ -->\n<title>Piperspin Application | Plateformes iOS et Android<\/title>\n<meta name=\"description\" content=\"L&#039;application Piperspin offre une exp\u00e9rience de jeu fluide sur Android, iOS, Windows et macOS, avec des comptes synchronis\u00e9s, des mises \u00e0 jour r\u00e9guli\u00e8res et un service client int\u00e9gr\u00e9 pour une exp\u00e9rience sans souci.\" \/>\n<meta name=\"robots\" content=\"index, follow, max-snippet:-1, max-image-preview:large, max-video-preview:-1\" \/>\n<link rel=\"canonical\" href=\"https:\/\/piperspinuk.org\/fr\/app\/\" \/>\n<meta property=\"og:locale\" content=\"fr_FR\" \/>\n<meta property=\"og:type\" content=\"article\" \/>\n<meta property=\"og:title\" content=\"Piperspin Application | Plateformes iOS et Android\" \/>\n<meta property=\"og:description\" content=\"L&#039;application Piperspin offre une exp\u00e9rience de jeu fluide sur Android, iOS, Windows et macOS, avec des comptes synchronis\u00e9s, des mises \u00e0 jour r\u00e9guli\u00e8res et un service client int\u00e9gr\u00e9 pour une exp\u00e9rience sans souci.\" \/>\n<meta property=\"og:url\" content=\"https:\/\/piperspinuk.org\/fr\/app\/\" \/>\n<meta property=\"og:site_name\" content=\"piperspin\" \/>\n<meta property=\"article:modified_time\" content=\"2025-12-22T09:15:25+00:00\" \/>\n<meta name=\"twitter:card\" content=\"summary_large_image\" \/>\n<meta name=\"twitter:label1\" content=\"Dur\u00e9e de lecture estim\u00e9e\" \/>\n\t<meta name=\"twitter:data1\" content=\"2 minutes\" \/>\n<script type=\"application\/ld+json\" class=\"yoast-schema-graph\">{\"@context\":\"https:\\\/\\\/schema.org\",\"@graph\":[{\"@type\":\"WebPage\",\"@id\":\"https:\\\/\\\/piperspinuk.org\\\/fr\\\/app\\\/\",\"url\":\"https:\\\/\\\/piperspinuk.org\\\/fr\\\/app\\\/\",\"name\":\"Piperspin Application | Plateformes iOS et Android\",\"isPartOf\":{\"@id\":\"https:\\\/\\\/piperspinuk.org\\\/fr\\\/#website\"},\"datePublished\":\"2025-12-22T07:27:25+00:00\",\"dateModified\":\"2025-12-22T09:15:25+00:00\",\"description\":\"L'application Piperspin offre une exp\u00e9rience de jeu fluide sur Android, iOS, Windows et macOS, avec des comptes synchronis\u00e9s, des mises \u00e0 jour r\u00e9guli\u00e8res et un service client int\u00e9gr\u00e9 pour une exp\u00e9rience sans souci.\",\"breadcrumb\":{\"@id\":\"https:\\\/\\\/piperspinuk.org\\\/fr\\\/app\\\/#breadcrumb\"},\"inLanguage\":\"fr-FR\",\"potentialAction\":[{\"@type\":\"ReadAction\",\"target\":[\"https:\\\/\\\/piperspinuk.org\\\/fr\\\/app\\\/\"]}]},{\"@type\":\"BreadcrumbList\",\"@id\":\"https:\\\/\\\/piperspinuk.org\\\/fr\\\/app\\\/#breadcrumb\",\"itemListElement\":[{\"@type\":\"ListItem\",\"position\":1,\"name\":\"Piperspin\",\"item\":\"https:\\\/\\\/piperspinuk.org\\\/fr\\\/\"},{\"@type\":\"ListItem\",\"position\":2,\"name\":\"App\"}]},{\"@type\":\"WebSite\",\"@id\":\"https:\\\/\\\/piperspinuk.org\\\/fr\\\/#website\",\"url\":\"https:\\\/\\\/piperspinuk.org\\\/fr\\\/\",\"name\":\"Piperspin\",\"description\":\"\",\"publisher\":{\"@id\":\"https:\\\/\\\/piperspinuk.org\\\/fr\\\/#organization\"},\"potentialAction\":[{\"@type\":\"SearchAction\",\"target\":{\"@type\":\"EntryPoint\",\"urlTemplate\":\"https:\\\/\\\/piperspinuk.org\\\/fr\\\/?s={search_term_string}\"},\"query-input\":{\"@type\":\"PropertyValueSpecification\",\"valueRequired\":true,\"valueName\":\"search_term_string\"}}],\"inLanguage\":\"fr-FR\"},{\"@type\":\"Organization\",\"@id\":\"https:\\\/\\\/piperspinuk.org\\\/fr\\\/#organization\",\"name\":\"Piperspin\",\"url\":\"https:\\\/\\\/piperspinuk.org\\\/fr\\\/\",\"logo\":{\"@type\":\"ImageObject\",\"inLanguage\":\"fr-FR\",\"@id\":\"https:\\\/\\\/piperspinuk.org\\\/fr\\\/#\\\/schema\\\/logo\\\/image\\\/\",\"url\":\"https:\\\/\\\/piperspinuk.org\\\/wp-content\\\/uploads\\\/2025\\\/12\\\/Piperspin-desktop-logo.webp\",\"contentUrl\":\"https:\\\/\\\/piperspinuk.org\\\/wp-content\\\/uploads\\\/2025\\\/12\\\/Piperspin-desktop-logo.webp\",\"width\":208,\"height\":49,\"caption\":\"Piperspin\"},\"image\":{\"@id\":\"https:\\\/\\\/piperspinuk.org\\\/fr\\\/#\\\/schema\\\/logo\\\/image\\\/\"}}]}<\/script>\n<!-- \/ Yoast SEO plugin. -->","yoast_head_json":{"title":"Piperspin Application | Plateformes iOS et Android","description":"L'application Piperspin offre une exp\u00e9rience de jeu fluide sur Android, iOS, Windows et macOS, avec des comptes synchronis\u00e9s, des mises \u00e0 jour r\u00e9guli\u00e8res et un service client int\u00e9gr\u00e9 pour une exp\u00e9rience sans souci.","robots":{"index":"index","follow":"follow","max-snippet":"max-snippet:-1","max-image-preview":"max-image-preview:large","max-video-preview":"max-video-preview:-1"},"canonical":"https:\/\/piperspinuk.org\/fr\/app\/","og_locale":"fr_FR","og_type":"article","og_title":"Piperspin Application | Plateformes iOS et Android","og_description":"L'application Piperspin offre une exp\u00e9rience de jeu fluide sur Android, iOS, Windows et macOS, avec des comptes synchronis\u00e9s, des mises \u00e0 jour r\u00e9guli\u00e8res et un service client int\u00e9gr\u00e9 pour une exp\u00e9rience sans souci.","og_url":"https:\/\/piperspinuk.org\/fr\/app\/","og_site_name":"piperspin","article_modified_time":"2025-12-22T09:15:25+00:00","twitter_card":"summary_large_image","twitter_misc":{"Dur\u00e9e de lecture estim\u00e9e":"2 minutes"},"schema":{"@context":"https:\/\/schema.org","@graph":[{"@type":"WebPage","@id":"https:\/\/piperspinuk.org\/fr\/app\/","url":"https:\/\/piperspinuk.org\/fr\/app\/","name":"Piperspin Application | Plateformes iOS et Android","isPartOf":{"@id":"https:\/\/piperspinuk.org\/fr\/#website"},"datePublished":"2025-12-22T07:27:25+00:00","dateModified":"2025-12-22T09:15:25+00:00","description":"L'application Piperspin offre une exp\u00e9rience de jeu fluide sur Android, iOS, Windows et macOS, avec des comptes synchronis\u00e9s, des mises \u00e0 jour r\u00e9guli\u00e8res et un service client int\u00e9gr\u00e9 pour une exp\u00e9rience sans souci.","breadcrumb":{"@id":"https:\/\/piperspinuk.org\/fr\/app\/#breadcrumb"},"inLanguage":"fr-FR","potentialAction":[{"@type":"ReadAction","target":["https:\/\/piperspinuk.org\/fr\/app\/"]}]},{"@type":"BreadcrumbList","@id":"https:\/\/piperspinuk.org\/fr\/app\/#breadcrumb","itemListElement":[{"@type":"ListItem","position":1,"name":"Piperspin","item":"https:\/\/piperspinuk.org\/fr\/"},{"@type":"ListItem","position":2,"name":"App"}]},{"@type":"WebSite","@id":"https:\/\/piperspinuk.org\/fr\/#website","url":"https:\/\/piperspinuk.org\/fr\/","name":"Piperspin","description":"","publisher":{"@id":"https:\/\/piperspinuk.org\/fr\/#organization"},"potentialAction":[{"@type":"SearchAction","target":{"@type":"EntryPoint","urlTemplate":"https:\/\/piperspinuk.org\/fr\/?s={search_term_string}"},"query-input":{"@type":"PropertyValueSpecification","valueRequired":true,"valueName":"search_term_string"}}],"inLanguage":"fr-FR"},{"@type":"Organization","@id":"https:\/\/piperspinuk.org\/fr\/#organization","name":"Piperspin","url":"https:\/\/piperspinuk.org\/fr\/","logo":{"@type":"ImageObject","inLanguage":"fr-FR","@id":"https:\/\/piperspinuk.org\/fr\/#\/schema\/logo\/image\/","url":"https:\/\/piperspinuk.org\/wp-content\/uploads\/2025\/12\/Piperspin-desktop-logo.webp","contentUrl":"https:\/\/piperspinuk.org\/wp-content\/uploads\/2025\/12\/Piperspin-desktop-logo.webp","width":208,"height":49,"caption":"Piperspin"},"image":{"@id":"https:\/\/piperspinuk.org\/fr\/#\/schema\/logo\/image\/"}}]}},"_links":{"self":[{"href":"https:\/\/piperspinuk.org\/fr\/wp-json\/wp\/v2\/pages\/1425","targetHints":{"allow":["GET"]}}],"collection":[{"href":"https:\/\/piperspinuk.org\/fr\/wp-json\/wp\/v2\/pages"}],"about":[{"href":"https:\/\/piperspinuk.org\/fr\/wp-json\/wp\/v2\/types\/page"}],"author":[{"embeddable":true,"href":"https:\/\/piperspinuk.org\/fr\/wp-json\/wp\/v2\/users\/1"}],"replies":[{"embeddable":true,"href":"https:\/\/piperspinuk.org\/fr\/wp-json\/wp\/v2\/comments?post=1425"}],"version-history":[{"count":2,"href":"https:\/\/piperspinuk.org\/fr\/wp-json\/wp\/v2\/pages\/1425\/revisions"}],"predecessor-version":[{"id":1570,"href":"https:\/\/piperspinuk.org\/fr\/wp-json\/wp\/v2\/pages\/1425\/revisions\/1570"}],"wp:attachment":[{"href":"https:\/\/piperspinuk.org\/fr\/wp-json\/wp\/v2\/media?parent=1425"}],"curies":[{"name":"wp","href":"https:\/\/api.w.org\/{rel}","templated":true}]}}