{"id":1467,"date":"2025-12-22T07:30:08","date_gmt":"2025-12-22T07:30:08","guid":{"rendered":"https:\/\/piperspinuk.org\/login-and-registration\/"},"modified":"2025-12-22T09:16:38","modified_gmt":"2025-12-22T09:16:38","slug":"connexion-et-inscription","status":"publish","type":"page","link":"https:\/\/piperspinuk.org\/fr\/connexion-et-inscription\/","title":{"rendered":"Connexion et inscription"},"content":{"rendered":"<h1>Connexion Piperspin : inscription rapide<\/h1>\n<p>Piperspin login permet aux joueurs d&rsquo;acc\u00e9der rapidement et en toute s\u00e9curit\u00e9 \u00e0 un environnement de casino en ligne dynamique. Notre site propose une grande vari\u00e9t\u00e9 de jeux, des services de s\u00e9curit\u00e9 et un service client\u00e8le pour vous permettre de profiter d&rsquo;une exp\u00e9rience de jeu am\u00e9lior\u00e9e et s\u00e9curis\u00e9e. Piperspin Casino est con\u00e7u pour offrir une navigation fluide et un service de qualit\u00e9 \u00e0 tous les niveaux aux passionn\u00e9s.<\/p>\n<p><div class=\"banner-wrap\" aria-label=\"Banner\"><img src=\"https:\/\/piperspinuk.org\/wp-content\/uploads\/2025\/12\/TOwKZNmxqjNhxfrdqEkN.webp\" class=\"w-100 d-none d-lg-block img-pc main-banner-img\" alt=\"Piperspin desktop banner\" fetchpriority=\"high\" decoding=\"async\"><img src=\"https:\/\/piperspinuk.org\/wp-content\/uploads\/2025\/12\/Piperspin-mobile-banner.webp\" class=\"w-100 d-none d-md-block d-lg-none main-banner-img\" alt=\"Piperspin mobile banner\" fetchpriority=\"high\" decoding=\"async\"><img src=\"https:\/\/piperspinuk.org\/wp-content\/uploads\/2025\/12\/Piperspin-mobile-banner.webp\" class=\"w-100 d-md-none\" alt=\"Piperspin mobile banner\" fetchpriority=\"high\" decoding=\"async\"><div class=\"banner-description\">\n<div class=\"banner-title\">Bonus de bienvenue<\/div>\n<p class=\"banner-header-title\">1500 \u20ac<\/p>\n<div class=\"banner-header-AdditionalText\">+ 250 Tours gratuits<\/div>\n<button data-item=\"homepage_banner_link\" class=\"goto m-button m-gradient-border m-button--primary m-button--large banner-button btn-orange\">\n            <div class=\"m-button-content\">\n                <span>Inscrivez-vous d\u00e8s maintenant<\/span>\n                <span><\/span>\n            <\/div>\n        <\/button>\n<\/div>\n<div class=\"WelcomePack\">\n<p><img loading=\"lazy\" decoding=\"async\" class=\"alignnone wp-image-1339 size-full\" src=\"https:\/\/piperspinuk.org\/wp-content\/uploads\/2025\/12\/welcome-crown.svg\" alt=\"crown\" width=\"25\" height=\"26\" \/><\/p>\n<div class=\"WelcomePack-Info\">Cashback hebdomadaire jusqu&rsquo;\u00e0 25 %<\/div>\n<p><img loading=\"lazy\" decoding=\"async\" class=\"alignnone wp-image-1339 size-full\" src=\"https:\/\/piperspinuk.org\/wp-content\/uploads\/2025\/12\/welcome-crown.svg\" alt=\"crown\" width=\"25\" height=\"26\" \/><\/p>\n<\/div>\n<\/div><div class=\"scrollable-content-wrap my-5\"><div class=\"scrollable-content-inner\"><h2>Piper Spin Casino inscription pour les nouveaux joueurs<\/h2>\n<p>Cr\u00e9er un compte sur notre casino et se connecter pour la premi\u00e8re fois \u00e0 Piperspin est une exp\u00e9rience tr\u00e8s sympa \u00e0 essayer ! Vous pourrez ainsi profiter pleinement du potentiel de notre site. Les nouveaux inscrits ont acc\u00e8s \u00e0 plus de 6 000 machines \u00e0 sous, jeux de table, jeux \u00ab drops and wins \u00bb, diverses cartes et croupiers en direct, ainsi qu&rsquo;\u00e0 des bonus exclusifs.<\/p>\n<p>La cr\u00e9ation d&rsquo;un compte facilite \u00e9galement les d\u00e9p\u00f4ts et les retraits, et donne acc\u00e8s \u00e0 des tournois et \u00e0 une gestion personnalis\u00e9e du compte. Nous avons toujours veill\u00e9 \u00e0 ce que notre processus d&rsquo;inscription soit aussi simple que possible afin que les joueurs puissent se lancer dans le jeu avec un minimum d&rsquo;efforts.<\/p>\n<h2>Cr\u00e9ez votre compte<\/h2>\n<p>Nous sommes certains que vous souhaitez cr\u00e9er votre propre compte. Rien de plus simple ! Le processus d&rsquo;inscription sur Piperspin Casino est assez simple et a \u00e9t\u00e9 rendu aussi s\u00e9curis\u00e9 que possible ; il peut se r\u00e9sumer comme suit :<\/p>\n<ol>\n<li>Rendez-vous sur notre page principale Piperspin Casino et cliquez sur le bouton \u00ab S&rsquo;inscrire \u00bb situ\u00e9 dans le coin sup\u00e9rieur droit de la page.<\/li>\n<li>En un seul clic, vous pouvez acc\u00e9der au formulaire d&rsquo;inscription qui ne comporte que deux lignes \u00e0 remplir.<\/li>\n<li>Entrez une adresse e-mail valide et un mot de passe puissant et s\u00fbr. Il est \u00e9galement recommand\u00e9 d&rsquo;utiliser des lettres majuscules et minuscules, des chiffres et des symboles afin d&rsquo;obtenir le plus haut niveau de s\u00e9curit\u00e9.<\/li>\n<li>Acceptez les conditions g\u00e9n\u00e9rales et assurez-vous d&rsquo;avoir 18 ans ou plus.<\/li>\n<li>Si vous le souhaitez, inscrivez-vous \u00e0 nos lettres promotionnelles.<\/li>\n<li>Compl\u00e9tez enti\u00e8rement votre inscription \u00e0 l&rsquo;aide du bouton correspondant.<\/li>\n<li>Confirmez votre adresse e-mail en cliquant sur le lien qui vous a \u00e9t\u00e9 envoy\u00e9 dans votre bo\u00eete de r\u00e9ception, ce qui activera votre compte. Vous pouvez d\u00e9sormais vous connecter pour la premi\u00e8re fois \u00e0 Piperspin !<\/li>\n<\/ol>\n<h2>Se connecter \u00e0 un compte Piperspin Casino.<\/h2>\n<p>Il est efficace et s\u00e9curis\u00e9 de se connecter \u00e0 un compte Piperspin Casino :<\/p>\n<ol>\n<li>Acc\u00e9dez \u00e0 la page principale du casino Piperspin.<\/li>\n<li>Trouvez le bouton de connexion dans le coin sup\u00e9rieur droit de la page d&rsquo;accueil.<\/li>\n<li>Entrez votre adresse e-mail et votre mot de passe.<\/li>\n<li>Terminez le processus de v\u00e9rification en saisissant le code re\u00e7u par SMS ou via l&rsquo;application d&rsquo;authentification.<\/li>\n<li>Effectuez la connexion Piperspin \u00e0 votre compte.<\/li>\n<\/ol>\n<p>Plus tard, une fois connect\u00e9 \u00e0 votre compte, vous pouvez \u00e9galement ajouter d&rsquo;autres informations personnelles, notamment votre nom complet, votre date de naissance et votre adresse dans les param\u00e8tres (ce qui sera tr\u00e8s utile pour les futures v\u00e9rifications d&rsquo;identit\u00e9). Ce processus dynamique de connexion \u00e0 Piperspin, sans aucun retard, permet \u00e0 chaque nouveau joueur de se lancer dans le jeu sur notre plateforme \u00e0 tout moment. Ils peuvent ajouter des informations suppl\u00e9mentaires lorsqu&rsquo;ils le jugent appropri\u00e9 pour effectuer un d\u00e9p\u00f4t.<\/p>\n<p>Ce que vous pouvez faire dans votre compte Piperspin Casino :<\/p>\n<ul>\n<li>Protection des donn\u00e9es personnelles et des coordonn\u00e9es.<\/li>\n<li>Contr\u00f4lez les proc\u00e9dures de d\u00e9p\u00f4t et de retrait.<\/li>\n<li>Activez ou d\u00e9sactivez l&rsquo;authentification \u00e0 deux facteurs pour renforcer la s\u00e9curit\u00e9.<\/li>\n<li>Consultez l&rsquo;historique des transactions et des bonus.<\/li>\n<li>Soumettez les documents \u00e0 v\u00e9rifier par l&rsquo;\u00e9quipe d&rsquo;assistance.<\/li>\n<li>Participez \u00e0 des suggestions sp\u00e9ciales et \u00e0 des tournois.<\/li>\n<\/ul>\n<h3>Mot de passe oubli\u00e9 ?<\/h3>\n<p>Piperspin Casino dispose d&rsquo;une proc\u00e9dure s\u00e9curis\u00e9e de r\u00e9cup\u00e9ration du mot de passe en cas de perte de celui-ci :<\/p>\n<ol>\n<li>S\u00e9lectionnez le lien \u00ab Mot de passe oubli\u00e9 ? \u00bb sur la page de connexion lorsque vous cliquez dessus.<\/li>\n<li>Saisissez votre adresse e-mail enregistr\u00e9e.<\/li>\n<li>Nous vous recontactons avec l&rsquo;e-mail de r\u00e9initialisation.<\/li>\n<li>Suivez les instructions qui y figurent.<\/li>\n<li>Cliquez sur le lien g\u00e9n\u00e9ral de cr\u00e9ation de mot de passe et cr\u00e9ez un nouveau mot de passe conforme aux exigences de s\u00e9curit\u00e9.<\/li>\n<\/ol>\n<p>Ceci est rapide et s\u00fbr et causera un minimum d&rsquo;interf\u00e9rence avec votre jeu.<\/p>\n<h2>S\u00e9curisation et confirmation du compte Piper Spin Casino<\/h2>\n<p>La s\u00e9curit\u00e9 est notre priorit\u00e9 absolue chez Piperspin. Les joueurs sont tr\u00e8s importants pour nous. Nous v\u00e9rifions tout \u00e0 l&rsquo;aide de documents d&rsquo;identit\u00e9 authentiques, tels que l&rsquo;adresse et l&rsquo;identit\u00e9 personnelle. Nous luttons contre la fraude 24 heures sur 24, 7 jours sur 7. Le processus de v\u00e9rification peut durer jusqu&rsquo;\u00e0 48 heures, et notre \u00e9quipe d&rsquo;assistance examinera les demandes et vous informera de toute condition suppl\u00e9mentaire. Cette mesure est n\u00e9cessaire pour faciliter les transactions de retrait et renforcer la s\u00e9curit\u00e9 des comptes. Veuillez vous informer sur ce que nous faisons :<\/p>\n<table>\n<tbody>\n<tr>\n<td>Type de protection<\/td>\n<td>Mesures<\/td>\n<\/tr>\n<tr>\n<td>S\u00e9curit\u00e9 de la plateforme<\/td>\n<td>Cryptage SSL 256 bits, authentification \u00e0 deux facteurs, conformit\u00e9 au RGPD, RNG certifi\u00e9, protocole HTTPS<\/td>\n<\/tr>\n<tr>\n<td>Service client\u00e8le<\/td>\n<td>Assistance multilingue, chat en direct, assistance par e-mail 24 h\/24, 7 j\/7<\/td>\n<\/tr>\n<tr>\n<td>Conditions d&rsquo;inscription<\/td>\n<td>Adresse e-mail valide, v\u00e9rification de l&rsquo;\u00e2ge, informations personnelles facultatives<\/td>\n<\/tr>\n<tr>\n<td>Processus de v\u00e9rification<\/td>\n<td>T\u00e9l\u00e9chargement des documents d&rsquo;identit\u00e9 (carte d&rsquo;identit\u00e9 ou permis de conduire), examen dans un d\u00e9lai de 2 jours<\/td>\n<\/tr>\n<\/tbody>\n<\/table>\n<h2>FAQ<\/h2>\n<h3>Comment puis-je terminer le processus de v\u00e9rification du compte ?<\/h3>\n<p>Pour confirmer votre compte Piperspin, compl\u00e9tez la connexion Piperspin et fournissez imm\u00e9diatement des copies lisibles de documents d&rsquo;identit\u00e9 valides (passeport ou permis de conduire, etc.) et d&rsquo;un justificatif de domicile. L&rsquo;\u00e9quipe d&rsquo;assistance examine g\u00e9n\u00e9ralement vos demandes dans les 48 heures et vous informe des mesures suppl\u00e9mentaires \u00e0 prendre. L&rsquo;authentification assure la s\u00e9curit\u00e9 de votre compte et permet le retrait d&rsquo;argent.<\/p>\n<h3>Comment mettre \u00e0 jour le mot de passe ou l&rsquo;adresse e-mail ?<\/h3>\n<p>Une fois que vous vous \u00eates connect\u00e9 \u00e0 Piperspin, rendez-vous dans les param\u00e8tres du compte, puis dans la section s\u00e9curit\u00e9 pour modifier votre mot de passe ou votre adresse e-mail. Saisissez les nouvelles informations et v\u00e9rifiez les modifications. Veuillez vous assurer que votre nouveau mot de passe r\u00e9pond aux normes de s\u00e9curit\u00e9 requises afin de garantir la s\u00e9curit\u00e9 de votre compte.<\/p>\n<h3>Que dois-je faire si mon compte Piper Spin est bloqu\u00e9 ?<\/h3>\n<p>Tout d&rsquo;abord, assurez-vous que vous avez bien effectu\u00e9 votre connexion \u00e0 Piperspin et que vous ne parvenez toujours pas \u00e0 vous connecter. Lorsque votre compte Piperspin est bloqu\u00e9, contactez notre \u00e9quipe d&rsquo;assistance via le chat en direct ou par e-mail. V\u00e9rifiez votre identit\u00e9 sur demande, et notre \u00e9quipe d&rsquo;assistance vous aidera \u00e0 d\u00e9bloquer votre compte rapidement si tout est en ordre et que vous ne commettez aucune fraude.<\/p>\n<h3>Comment puis-je fermer ou suspendre temporairement mon compte ?<\/h3>\n<p>Vous pouvez fermer ou suspendre votre compte en nous en faisant la demande, soit dans les param\u00e8tres de votre compte, soit en contactant le service d&rsquo;assistance. Notre \u00e9quipe vous aidera \u00e0 suivre les proc\u00e9dures requises, mais vos pr\u00e9f\u00e9rences seront prises en compte et vos informations seront conserv\u00e9es en toute s\u00e9curit\u00e9.<\/p>\n<\/div><\/div><\/p>\n","protected":false},"excerpt":{"rendered":"<p>Connexion Piperspin : inscription rapide Piperspin login permet aux joueurs d&rsquo;acc\u00e9der rapidement et en toute s\u00e9curit\u00e9 \u00e0 un environnement de casino en ligne dynamique. Notre site propose une grande vari\u00e9t\u00e9 de jeux, des services de s\u00e9curit\u00e9 et un service client\u00e8le pour vous permettre de profiter d&rsquo;une exp\u00e9rience de jeu am\u00e9lior\u00e9e et s\u00e9curis\u00e9e. Piperspin Casino est [&hellip;]<\/p>\n","protected":false},"author":1,"featured_media":0,"parent":0,"menu_order":0,"comment_status":"closed","ping_status":"closed","template":"template-builder.php","meta":{"_acf_changed":false,"inline_featured_image":false,"footnotes":""},"class_list":["post-1467","page","type-page","status-publish","hentry"],"acf":[],"yoast_head":"<!-- This site is optimized with the Yoast SEO plugin v27.3 - https:\/\/yoast.com\/product\/yoast-seo-wordpress\/ -->\n<title>Piperspin Connexion et inscription<\/title>\n<meta name=\"description\" content=\"Cr\u00e9ez, g\u00e9rez et v\u00e9rifiez votre compte Piperspin Casino en toute simplicit\u00e9. Profitez d&#039;une inscription rapide, d&#039;une r\u00e9cup\u00e9ration facile de votre compte et d&#039;une fermeture s\u00e9curis\u00e9e gr\u00e2ce \u00e0 Piperspin Login, qui prot\u00e8ge votre compte 24 heures sur 24.\" \/>\n<meta name=\"robots\" content=\"index, follow, max-snippet:-1, max-image-preview:large, max-video-preview:-1\" \/>\n<link rel=\"canonical\" href=\"https:\/\/piperspinuk.org\/fr\/connexion-et-inscription\/\" \/>\n<meta property=\"og:locale\" content=\"fr_FR\" \/>\n<meta property=\"og:type\" content=\"article\" \/>\n<meta property=\"og:title\" content=\"Piperspin Connexion et inscription\" \/>\n<meta property=\"og:description\" content=\"Cr\u00e9ez, g\u00e9rez et v\u00e9rifiez votre compte Piperspin Casino en toute simplicit\u00e9. Profitez d&#039;une inscription rapide, d&#039;une r\u00e9cup\u00e9ration facile de votre compte et d&#039;une fermeture s\u00e9curis\u00e9e gr\u00e2ce \u00e0 Piperspin Login, qui prot\u00e8ge votre compte 24 heures sur 24.\" \/>\n<meta property=\"og:url\" content=\"https:\/\/piperspinuk.org\/fr\/connexion-et-inscription\/\" \/>\n<meta property=\"og:site_name\" content=\"piperspin\" \/>\n<meta property=\"article:modified_time\" content=\"2025-12-22T09:16:38+00:00\" \/>\n<meta name=\"twitter:card\" content=\"summary_large_image\" \/>\n<meta name=\"twitter:label1\" content=\"Dur\u00e9e de lecture estim\u00e9e\" \/>\n\t<meta name=\"twitter:data1\" content=\"1 minute\" \/>\n<script type=\"application\/ld+json\" class=\"yoast-schema-graph\">{\"@context\":\"https:\\\/\\\/schema.org\",\"@graph\":[{\"@type\":\"WebPage\",\"@id\":\"https:\\\/\\\/piperspinuk.org\\\/fr\\\/connexion-et-inscription\\\/\",\"url\":\"https:\\\/\\\/piperspinuk.org\\\/fr\\\/connexion-et-inscription\\\/\",\"name\":\"Piperspin Connexion et inscription\",\"isPartOf\":{\"@id\":\"https:\\\/\\\/piperspinuk.org\\\/fr\\\/#website\"},\"datePublished\":\"2025-12-22T07:30:08+00:00\",\"dateModified\":\"2025-12-22T09:16:38+00:00\",\"description\":\"Cr\u00e9ez, g\u00e9rez et v\u00e9rifiez votre compte Piperspin Casino en toute simplicit\u00e9. Profitez d'une inscription rapide, d'une r\u00e9cup\u00e9ration facile de votre compte et d'une fermeture s\u00e9curis\u00e9e gr\u00e2ce \u00e0 Piperspin Login, qui prot\u00e8ge votre compte 24 heures sur 24.\",\"breadcrumb\":{\"@id\":\"https:\\\/\\\/piperspinuk.org\\\/fr\\\/connexion-et-inscription\\\/#breadcrumb\"},\"inLanguage\":\"fr-FR\",\"potentialAction\":[{\"@type\":\"ReadAction\",\"target\":[\"https:\\\/\\\/piperspinuk.org\\\/fr\\\/connexion-et-inscription\\\/\"]}]},{\"@type\":\"BreadcrumbList\",\"@id\":\"https:\\\/\\\/piperspinuk.org\\\/fr\\\/connexion-et-inscription\\\/#breadcrumb\",\"itemListElement\":[{\"@type\":\"ListItem\",\"position\":1,\"name\":\"Piperspin\",\"item\":\"https:\\\/\\\/piperspinuk.org\\\/fr\\\/\"},{\"@type\":\"ListItem\",\"position\":2,\"name\":\"Connexion et inscription\"}]},{\"@type\":\"WebSite\",\"@id\":\"https:\\\/\\\/piperspinuk.org\\\/fr\\\/#website\",\"url\":\"https:\\\/\\\/piperspinuk.org\\\/fr\\\/\",\"name\":\"Piperspin\",\"description\":\"\",\"publisher\":{\"@id\":\"https:\\\/\\\/piperspinuk.org\\\/fr\\\/#organization\"},\"potentialAction\":[{\"@type\":\"SearchAction\",\"target\":{\"@type\":\"EntryPoint\",\"urlTemplate\":\"https:\\\/\\\/piperspinuk.org\\\/fr\\\/?s={search_term_string}\"},\"query-input\":{\"@type\":\"PropertyValueSpecification\",\"valueRequired\":true,\"valueName\":\"search_term_string\"}}],\"inLanguage\":\"fr-FR\"},{\"@type\":\"Organization\",\"@id\":\"https:\\\/\\\/piperspinuk.org\\\/fr\\\/#organization\",\"name\":\"Piperspin\",\"url\":\"https:\\\/\\\/piperspinuk.org\\\/fr\\\/\",\"logo\":{\"@type\":\"ImageObject\",\"inLanguage\":\"fr-FR\",\"@id\":\"https:\\\/\\\/piperspinuk.org\\\/fr\\\/#\\\/schema\\\/logo\\\/image\\\/\",\"url\":\"https:\\\/\\\/piperspinuk.org\\\/wp-content\\\/uploads\\\/2025\\\/12\\\/Piperspin-desktop-logo.webp\",\"contentUrl\":\"https:\\\/\\\/piperspinuk.org\\\/wp-content\\\/uploads\\\/2025\\\/12\\\/Piperspin-desktop-logo.webp\",\"width\":208,\"height\":49,\"caption\":\"Piperspin\"},\"image\":{\"@id\":\"https:\\\/\\\/piperspinuk.org\\\/fr\\\/#\\\/schema\\\/logo\\\/image\\\/\"}}]}<\/script>\n<!-- \/ Yoast SEO plugin. -->","yoast_head_json":{"title":"Piperspin Connexion et inscription","description":"Cr\u00e9ez, g\u00e9rez et v\u00e9rifiez votre compte Piperspin Casino en toute simplicit\u00e9. Profitez d'une inscription rapide, d'une r\u00e9cup\u00e9ration facile de votre compte et d'une fermeture s\u00e9curis\u00e9e gr\u00e2ce \u00e0 Piperspin Login, qui prot\u00e8ge votre compte 24 heures sur 24.","robots":{"index":"index","follow":"follow","max-snippet":"max-snippet:-1","max-image-preview":"max-image-preview:large","max-video-preview":"max-video-preview:-1"},"canonical":"https:\/\/piperspinuk.org\/fr\/connexion-et-inscription\/","og_locale":"fr_FR","og_type":"article","og_title":"Piperspin Connexion et inscription","og_description":"Cr\u00e9ez, g\u00e9rez et v\u00e9rifiez votre compte Piperspin Casino en toute simplicit\u00e9. Profitez d'une inscription rapide, d'une r\u00e9cup\u00e9ration facile de votre compte et d'une fermeture s\u00e9curis\u00e9e gr\u00e2ce \u00e0 Piperspin Login, qui prot\u00e8ge votre compte 24 heures sur 24.","og_url":"https:\/\/piperspinuk.org\/fr\/connexion-et-inscription\/","og_site_name":"piperspin","article_modified_time":"2025-12-22T09:16:38+00:00","twitter_card":"summary_large_image","twitter_misc":{"Dur\u00e9e de lecture estim\u00e9e":"1 minute"},"schema":{"@context":"https:\/\/schema.org","@graph":[{"@type":"WebPage","@id":"https:\/\/piperspinuk.org\/fr\/connexion-et-inscription\/","url":"https:\/\/piperspinuk.org\/fr\/connexion-et-inscription\/","name":"Piperspin Connexion et inscription","isPartOf":{"@id":"https:\/\/piperspinuk.org\/fr\/#website"},"datePublished":"2025-12-22T07:30:08+00:00","dateModified":"2025-12-22T09:16:38+00:00","description":"Cr\u00e9ez, g\u00e9rez et v\u00e9rifiez votre compte Piperspin Casino en toute simplicit\u00e9. Profitez d'une inscription rapide, d'une r\u00e9cup\u00e9ration facile de votre compte et d'une fermeture s\u00e9curis\u00e9e gr\u00e2ce \u00e0 Piperspin Login, qui prot\u00e8ge votre compte 24 heures sur 24.","breadcrumb":{"@id":"https:\/\/piperspinuk.org\/fr\/connexion-et-inscription\/#breadcrumb"},"inLanguage":"fr-FR","potentialAction":[{"@type":"ReadAction","target":["https:\/\/piperspinuk.org\/fr\/connexion-et-inscription\/"]}]},{"@type":"BreadcrumbList","@id":"https:\/\/piperspinuk.org\/fr\/connexion-et-inscription\/#breadcrumb","itemListElement":[{"@type":"ListItem","position":1,"name":"Piperspin","item":"https:\/\/piperspinuk.org\/fr\/"},{"@type":"ListItem","position":2,"name":"Connexion et inscription"}]},{"@type":"WebSite","@id":"https:\/\/piperspinuk.org\/fr\/#website","url":"https:\/\/piperspinuk.org\/fr\/","name":"Piperspin","description":"","publisher":{"@id":"https:\/\/piperspinuk.org\/fr\/#organization"},"potentialAction":[{"@type":"SearchAction","target":{"@type":"EntryPoint","urlTemplate":"https:\/\/piperspinuk.org\/fr\/?s={search_term_string}"},"query-input":{"@type":"PropertyValueSpecification","valueRequired":true,"valueName":"search_term_string"}}],"inLanguage":"fr-FR"},{"@type":"Organization","@id":"https:\/\/piperspinuk.org\/fr\/#organization","name":"Piperspin","url":"https:\/\/piperspinuk.org\/fr\/","logo":{"@type":"ImageObject","inLanguage":"fr-FR","@id":"https:\/\/piperspinuk.org\/fr\/#\/schema\/logo\/image\/","url":"https:\/\/piperspinuk.org\/wp-content\/uploads\/2025\/12\/Piperspin-desktop-logo.webp","contentUrl":"https:\/\/piperspinuk.org\/wp-content\/uploads\/2025\/12\/Piperspin-desktop-logo.webp","width":208,"height":49,"caption":"Piperspin"},"image":{"@id":"https:\/\/piperspinuk.org\/fr\/#\/schema\/logo\/image\/"}}]}},"_links":{"self":[{"href":"https:\/\/piperspinuk.org\/fr\/wp-json\/wp\/v2\/pages\/1467","targetHints":{"allow":["GET"]}}],"collection":[{"href":"https:\/\/piperspinuk.org\/fr\/wp-json\/wp\/v2\/pages"}],"about":[{"href":"https:\/\/piperspinuk.org\/fr\/wp-json\/wp\/v2\/types\/page"}],"author":[{"embeddable":true,"href":"https:\/\/piperspinuk.org\/fr\/wp-json\/wp\/v2\/users\/1"}],"replies":[{"embeddable":true,"href":"https:\/\/piperspinuk.org\/fr\/wp-json\/wp\/v2\/comments?post=1467"}],"version-history":[{"count":2,"href":"https:\/\/piperspinuk.org\/fr\/wp-json\/wp\/v2\/pages\/1467\/revisions"}],"predecessor-version":[{"id":1572,"href":"https:\/\/piperspinuk.org\/fr\/wp-json\/wp\/v2\/pages\/1467\/revisions\/1572"}],"wp:attachment":[{"href":"https:\/\/piperspinuk.org\/fr\/wp-json\/wp\/v2\/media?parent=1467"}],"curies":[{"name":"wp","href":"https:\/\/api.w.org\/{rel}","templated":true}]}}