{"id":1430,"date":"2025-12-22T07:27:25","date_gmt":"2025-12-22T07:27:25","guid":{"rendered":"https:\/\/piperspinuk.org\/app\/"},"modified":"2025-12-22T10:59:39","modified_gmt":"2025-12-22T10:59:39","slug":"applicazione","status":"publish","type":"page","link":"https:\/\/piperspinuk.org\/it\/applicazione\/","title":{"rendered":"Applicazione"},"content":{"rendered":"<h1>App Piperspin: giochi per iOS e Android<\/h1>\n<p>Piperspin app \u00e8 un gioco mobile di alta qualit\u00e0 e sicuro, progettato per soddisfare le esigenze dei giocatori italiani del nostro casin\u00f2. Piperspin Casino dispone di tutte le ultime tecnologie per consentire agli utenti di accedere facilmente ai loro giochi e slot online preferiti, indipendentemente dal fatto che utilizzino uno smartphone o un tablet. Piperspin app \u00e8 l&#8217;ultima tendenza nel campo dei giochi per dispositivi mobili, con particolare attenzione alla velocit\u00e0, alla sicurezza e al comfort.<\/p>\n<p>Piperspin Casino alza continuamente gli standard del gioco d&#8217;azzardo mobile. Ecco perch\u00e9 abbiamo creato una combinazione di tecnologie all&#8217;avanguardia e design intuitivo. I nostri giochi funzionano perfettamente tramite la nostra PWA o utilizzando il software desktop. I giocatori hanno accesso a un&#8217;esperienza di gioco coinvolgente, sicura e ad alte prestazioni, facilmente compatibile con i dispositivi di loro scelta.<\/p>\n<div class=\"banner-wrap\" aria-label=\"Banner\"><img src=\"https:\/\/piperspinuk.org\/wp-content\/uploads\/2025\/12\/TOwKZNmxqjNhxfrdqEkN.webp\" class=\"w-100 d-none d-lg-block img-pc main-banner-img\" alt=\"Piperspin desktop banner\" fetchpriority=\"high\" decoding=\"async\"><img src=\"https:\/\/piperspinuk.org\/wp-content\/uploads\/2025\/12\/Piperspin-mobile-banner.webp\" class=\"w-100 d-none d-md-block d-lg-none main-banner-img\" alt=\"Piperspin mobile banner\" fetchpriority=\"high\" decoding=\"async\"><img src=\"https:\/\/piperspinuk.org\/wp-content\/uploads\/2025\/12\/Piperspin-mobile-banner.webp\" class=\"w-100 d-md-none\" alt=\"Piperspin mobile banner\" fetchpriority=\"high\" decoding=\"async\"><div class=\"banner-description\">\n<div class=\"banner-title\">Bonus di benvenuto<\/div>\n<p class=\"banner-header-title\">1500 \u20ac<\/p>\n<div class=\"banner-header-AdditionalText\">+ 250 Giri gratuiti<\/div>\n<button data-item=\"homepage_banner_link\" class=\"goto m-button m-gradient-border m-button--primary m-button--large banner-button btn-orange\">\n            <div class=\"m-button-content\">\n                <span>Iscriviti ora<\/span>\n                <span><\/span>\n            <\/div>\n        <\/button>\n<\/div>\n<div class=\"WelcomePack\">\n<p><img loading=\"lazy\" decoding=\"async\" class=\"alignnone wp-image-1339 size-full\" src=\"https:\/\/piperspinuk.org\/wp-content\/uploads\/2025\/12\/welcome-crown.svg\" alt=\"crown\" width=\"25\" height=\"26\" \/><\/p>\n<div class=\"WelcomePack-Info\">Cashback settimanale fino al 25%<\/div>\n<p><img loading=\"lazy\" decoding=\"async\" class=\"alignnone wp-image-1339 size-full\" src=\"https:\/\/piperspinuk.org\/wp-content\/uploads\/2025\/12\/welcome-crown.svg\" alt=\"crown\" width=\"25\" height=\"26\" \/><\/p>\n<\/div>\n<\/div>\n<h2>Esperienza mobile su Piper Spin<\/h2>\n<p>L&#8217;app Piperspin \u00e8 disponibile come PWA e offre una potente esperienza di casin\u00f2 mobile. Siamo in concorrenza con le tradizionali app per desktop (e telefoni). Ha un&#8217;interfaccia facile da usare, progettata per essere accessibile ai touch screen, in modo che l&#8217;utente possa navigare facilmente e trovare tutto ci\u00f2 che cerca. La sua architettura ad alte prestazioni garantisce un caricamento veloce, un gameplay senza interruzioni e una grafica di qualit\u00e0, il che rende l&#8217;app Piperspin la scelta migliore per i nostri amati giocatori che hanno bisogno di essere intrattenuti continuamente ovunque vadano.<\/p>\n<p>L&#8217;app Piperspin \u00e8 anche migliore rispetto al gioco su PC, poich\u00e9 \u00e8 accessibile immediatamente e non richiede lunghi download o installazioni. Ha un design reattivo che si adatta a qualsiasi dimensione del display del dispositivo, garantendo la stessa esperienza sia su smartphone che su tablet. L&#8217;applicazione \u00e8 anche facile da usare, consentendo ai giocatori di depositare, prelevare e richiedere bonus sui loro telefoni cellulari con livelli aggiuntivi di protezione che garantiscono la sicurezza delle informazioni sensibili. Non proverai alcun inconveniente.<\/p>\n<p><div class=\"scrollable-content-wrap my-5\"><div class=\"scrollable-content-inner\"><h2>Piperspin App casin\u00f2 iOS<\/h2>\n<p>L&#8217;applicazione Piperspin Casino per iOS \u00e8 ottimizzata anche per Safari e altri browser compatibili, garantendo un&#8217;esperienza sicura e soddisfacente per gli utenti dei dispositivi Apple. Il processo di installazione dell&#8217;app Piperspin non \u00e8 complicato:<\/p>\n<ol>\n<li>L&#8217;utente accede all&#8217;account dalla pagina principale.<\/li>\n<li>Clicca sul pulsante con l&#8217;etichetta Installa.<\/li>\n<li>Quindi, rispondendo a semplici domande e suggerimenti, aggiungi l&#8217;app alla schermata iniziale.<\/li>\n<\/ol>\n<p>Una volta installato, la prima cosa che vedrai sar\u00e0 l&#8217;icona Piperspin Casino, dalla quale potrai accedere alla libreria di slot online e giochi da casin\u00f2.<\/p>\n<p>La versione iOS presenta pulsanti pi\u00f9 grandi, eleganti e facili da usare e funzioni di scorrimento per una navigazione semplificata. I giocatori vengono aggiornati sui nuovi giochi, sui bonus speciali e sugli eventi speciali di Piperspin Casino tramite notifiche push.<\/p>\n<p>L&#8217;applicazione \u00e8 conforme alle politiche Apple e l&#8217;ambiente \u00e8 sicuro; la privacy e la sicurezza dell&#8217;utente sono garantite senza compromettere le prestazioni. Le funzionalit\u00e0 di sicurezza aggiuntive consentono un gioco fluido e ne garantiscono la sicurezza.<\/p>\n<p><img loading=\"lazy\" decoding=\"async\" src=\"https:\/\/piperspinuk.org\/wp-content\/uploads\/2025\/12\/Piperspin-iOS-App.webp\" alt=\"Piperspin iOS App\" width=\"1248\" height=\"536\" \/><\/p>\n<\/div><\/div><div style=\"clear: both\"><\/div><div class=\"d-flex justify-content-center\"><button data-item=\"decouvrez_link\" data-group=\"website_links\" class=\"goto fw-bold rounded-pill btn btn-orange\" aria-label=\"Scarica l&#039;app Piperspin\" >Scarica l&#039;app Piperspin<\/button><\/div><div class=\"scrollable-content-wrap my-5\"><div class=\"scrollable-content-inner\"><h2>Piperspin App Android per casin\u00f2<\/h2>\n<p>Piperspin Casino dispone anche di un&#8217;app per Android, anch&#8217;essa sotto forma di applicazione web progressiva (PWA), che consente all&#8217;utente di godere di un&#8217;esperienza di gioco di alta qualit\u00e0 senza dover effettuare download di grandi dimensioni.<\/p>\n<p>Per installare l&#8217;app Piperspin, il giocatore deve cliccare sulla pagina principale dal proprio dispositivo Android, scorrere fino alla sezione app e toccare il pulsante. \u00c8 contrassegnata dall&#8217;etichetta &#8220;Casino App&#8221;.<\/p>\n<p>Dopo le istruzioni, \u00e8 possibile aggiungere l&#8217;applicazione alla schermata iniziale e avere un&#8217;icona che consente di accedere all&#8217;intera libreria di giochi e alle opzioni di gestione dell&#8217;account con un solo tocco.<\/p>\n<p>La funzionalit\u00e0 Piper Spin PWA garantisce che la nostra fantastica app possa essere e sar\u00e0 sempre aggiornata con le ultime patch di sicurezza e funzionalit\u00e0. Puoi goderti la nostra interfaccia touch-sensitive su schermi di qualsiasi dimensione, con un&#8217;esperienza di navigazione intuitiva e un gameplay reattivo su smartphone e tablet.<\/p>\n<p>Il Piperspin PWA offre un casin\u00f2 mobile versatile e realmente portatile. Offre ai giocatori un&#8217;ottima esperienza di gioco senza richiedere download di grandi dimensioni o aggiornamenti manuali del software.<\/p>\n<h3>APK<\/h3>\n<p>Per coloro che preferiscono i file Piperspin APK, consigliamo di connettersi al casin\u00f2 tramite la PWA. \u00c8 pi\u00f9 sicura e viene aggiornata automaticamente. Ci\u00f2 consente ai giocatori di rimanere aggiornati con la versione corrente, riducendo al minimo i problemi tecnici e le minacce alla sicurezza.<\/p>\n<p>L&#8217;approccio PWA ci aiuta ad affrontare i rischi per la sicurezza e gli aggiornamenti manuali evitando il download di APK e i relativi problemi di sicurezza.<\/p>\n<p><img loading=\"lazy\" decoding=\"async\" src=\"https:\/\/piperspinuk.org\/wp-content\/uploads\/2025\/12\/Piperspin-Android-App.webp\" alt=\"Piperspin Android App\" width=\"1248\" height=\"536\" \/><\/p>\n<\/div><\/div><div style=\"clear: both\"><\/div><div class=\"d-flex justify-content-center\"><button data-item=\"decouvrez_link\" data-group=\"website_links\" class=\"goto fw-bold rounded-pill btn btn-orange\" aria-label=\"Scarica Piperspin\" >Scarica Piperspin<\/button><\/div><div class=\"scrollable-content-wrap my-5\"><div class=\"scrollable-content-inner\"><h2>Scarica le app per Windows e macOS<\/h2>\n<p>I giocatori che amano giocare sui desktop possono scaricare il software Piperspin compatibile con Windows e Mac OS. L&#8217;app desktop ha delle caratteristiche integrate come una grafica 3D migliore, effetti audio super fichi e un&#8217;interfaccia adatta, semplice e scura, pensata per gli schermi grandi. Offre tutte le opzioni dell&#8217;app mobile. Avrai a disposizione il servizio di chat live, uno strumento per la verifica dell&#8217;account e l&#8217;accesso a tutta la selezione di slot e giochi da casin\u00f2 su Internet.<\/p>\n<p>La versione desktop pu\u00f2 utilizzare browser comuni come Google Chrome, Mozilla Firefox, Safari e Microsoft Edge. Ci\u00f2 va a vantaggio dei giocatori, che possono godere di un&#8217;esperienza di gioco fluida sulla maggior parte dei dispositivi e dei sistemi operativi.<\/p>\n<p>Facciamo un confronto:<\/p>\n<table>\n<tbody>\n<tr>\n<td>Caratteristica<\/td>\n<td>PWA<\/td>\n<td>APK comuni<\/td>\n<\/tr>\n<tr>\n<td>Installazione<\/td>\n<td>Installabile tramite browser (Aggiungi alla schermata Home), non richiede app store<\/td>\n<td>Installato tramite Google Play o sideload; richiede l&#8217;approvazione dell&#8217;app store<\/td>\n<\/tr>\n<tr>\n<td>Processo di aggiornamento<\/td>\n<td>Aggiornamento automatico, nessun intervento manuale<\/td>\n<td>Richiede aggiornamenti manuali o aggiornamenti dall&#8217;app store; l&#8217;utente deve scaricare le nuove versioni<\/td>\n<\/tr>\n<tr>\n<td>Sviluppo e manutenzione<\/td>\n<td>Un unico codice per tutte le piattaforme; aggiornamenti pi\u00f9 semplici<\/td>\n<td>Codici separati per Android, iOS, ecc.; manutenzione pi\u00f9 complessa<\/td>\n<\/tr>\n<tr>\n<td>Accesso al dispositivo<\/td>\n<td>Accesso limitato alle funzioni del dispositivo (ad es. GPS, fotocamera, notifiche)<\/td>\n<td>Accesso completo alle funzionalit\u00e0 hardware e di sistema del dispositivo<\/td>\n<\/tr>\n<\/tbody>\n<\/table>\n<p>Questa tabella ti aiuter\u00e0 a comprendere le differenze e i vantaggi della PWA Piper Spin.<\/p>\n<p><img loading=\"lazy\" decoding=\"async\" src=\"https:\/\/piperspinuk.org\/wp-content\/uploads\/2025\/12\/Piperspin-Desktop.webp\" alt=\"Piperspin Desktop\" width=\"1248\" height=\"536\" \/><\/p>\n<\/div><\/div><div style=\"clear: both\"><\/div><div class=\"d-flex justify-content-center\"><button data-item=\"decouvrez_link\" data-group=\"website_links\" class=\"goto fw-bold rounded-pill btn btn-orange\" aria-label=\"Scarica l&#039;app Piperspin\" >Scarica l&#039;app Piperspin<\/button><\/div><div class=\"scrollable-content-wrap my-5\"><div class=\"scrollable-content-inner\"><h2>Domande frequenti<\/h2>\n<h3>L&#8217;app Piper Spin Casino offre assistenza clienti?<\/h3>\n<p>Piperspin Casino offre assistenza clienti tramite live chat, disponibile non solo all&#8217;interno dell&#8217;app ma anche sul sito ufficiale. Il team di assistenza \u00e8 disponibile 24 ore su 24, 7 giorni su 7, per risolvere problemi tecnici, gestire il processo di verifica e rispondere a qualsiasi domanda che possa sorgere, in modo che il processo di gioco non subisca interruzioni.<\/p>\n<h3>\u00c8 necessario creare un account per utilizzare l&#8217;app Piper Spin?<\/h3>\n<p>Per poter utilizzare tutte queste funzioni, inclusi depositi, prelievi e gioco, \u00e8 necessario registrarsi e verificare il proprio account. Il processo \u00e8 veloce e sicuro e ha lo scopo di proteggere le informazioni dei giocatori e di facilitare l&#8217;accesso ai servizi del casin\u00f2.<\/p>\n<h3>Tutti i giochi sono disponibili nell&#8217;app Piperspin?<\/h3>\n<p>L&#8217;app mobile consente l&#8217;accesso alla maggior parte dei giochi di slot e casin\u00f2 online disponibili su Piper Spin Casino. La nostra piattaforma mobile offre una vasta libreria in grado di soddisfare la maggior parte delle preferenze dei giocatori.<\/p>\n<h3>Come posso aggiornare l&#8217;app Piperspin Casino?<\/h3>\n<p>Piperspin Casino \u00e8 un&#8217;app accattivante che utilizza una PWA che si aggiorna automaticamente e offre le ultime funzionalit\u00e0 e miglioramenti di sicurezza. Il browser o l&#8217;icona installata verranno utilizzati per accedere al casin\u00f2 e fornire agli utenti l&#8217;ultima versione.<\/p>\n<\/div><\/div><\/p>\n","protected":false},"excerpt":{"rendered":"<p>App Piperspin: giochi per iOS e Android Piperspin app \u00e8 un gioco mobile di alta qualit\u00e0 e sicuro, progettato per soddisfare le esigenze dei giocatori italiani del nostro casin\u00f2. Piperspin Casino dispone di tutte le ultime tecnologie per consentire agli utenti di accedere facilmente ai loro giochi e slot online preferiti, indipendentemente dal fatto che [&hellip;]<\/p>\n","protected":false},"author":1,"featured_media":0,"parent":0,"menu_order":0,"comment_status":"closed","ping_status":"closed","template":"template-builder.php","meta":{"_acf_changed":false,"inline_featured_image":false,"footnotes":""},"class_list":["post-1430","page","type-page","status-publish","hentry"],"acf":[],"yoast_head":"<!-- This site is optimized with the Yoast SEO plugin v27.3 - https:\/\/yoast.com\/product\/yoast-seo-wordpress\/ -->\n<title>Piperspin App | Piattaforme iOS e Android<\/title>\n<meta name=\"description\" content=\"L&#039;app Piperspin offre un&#039;esperienza di gioco fluida su Android, iOS, Windows e macOS, con account sincronizzati, aggiornamenti regolari e assistenza clienti integrata per un&#039;esperienza senza intoppi.\" \/>\n<meta name=\"robots\" content=\"index, follow, max-snippet:-1, max-image-preview:large, max-video-preview:-1\" \/>\n<link rel=\"canonical\" href=\"https:\/\/piperspinuk.org\/it\/applicazione\/\" \/>\n<meta property=\"og:locale\" content=\"it_IT\" \/>\n<meta property=\"og:type\" content=\"article\" \/>\n<meta property=\"og:title\" content=\"Piperspin App | Piattaforme iOS e Android\" \/>\n<meta property=\"og:description\" content=\"L&#039;app Piperspin offre un&#039;esperienza di gioco fluida su Android, iOS, Windows e macOS, con account sincronizzati, aggiornamenti regolari e assistenza clienti integrata per un&#039;esperienza senza intoppi.\" \/>\n<meta property=\"og:url\" content=\"https:\/\/piperspinuk.org\/it\/applicazione\/\" \/>\n<meta property=\"og:site_name\" content=\"piperspin\" \/>\n<meta property=\"article:modified_time\" content=\"2025-12-22T10:59:39+00:00\" \/>\n<meta name=\"twitter:card\" content=\"summary_large_image\" \/>\n<meta name=\"twitter:label1\" content=\"Est. reading time\" \/>\n\t<meta name=\"twitter:data1\" content=\"2 minuti\" \/>\n<script type=\"application\/ld+json\" class=\"yoast-schema-graph\">{\"@context\":\"https:\\\/\\\/schema.org\",\"@graph\":[{\"@type\":\"WebPage\",\"@id\":\"https:\\\/\\\/piperspinuk.org\\\/it\\\/applicazione\\\/\",\"url\":\"https:\\\/\\\/piperspinuk.org\\\/it\\\/applicazione\\\/\",\"name\":\"Piperspin App | Piattaforme iOS e Android\",\"isPartOf\":{\"@id\":\"https:\\\/\\\/piperspinuk.org\\\/it\\\/#website\"},\"datePublished\":\"2025-12-22T07:27:25+00:00\",\"dateModified\":\"2025-12-22T10:59:39+00:00\",\"description\":\"L'app Piperspin offre un'esperienza di gioco fluida su Android, iOS, Windows e macOS, con account sincronizzati, aggiornamenti regolari e assistenza clienti integrata per un'esperienza senza intoppi.\",\"breadcrumb\":{\"@id\":\"https:\\\/\\\/piperspinuk.org\\\/it\\\/applicazione\\\/#breadcrumb\"},\"inLanguage\":\"it-IT\",\"potentialAction\":[{\"@type\":\"ReadAction\",\"target\":[\"https:\\\/\\\/piperspinuk.org\\\/it\\\/applicazione\\\/\"]}]},{\"@type\":\"BreadcrumbList\",\"@id\":\"https:\\\/\\\/piperspinuk.org\\\/it\\\/applicazione\\\/#breadcrumb\",\"itemListElement\":[{\"@type\":\"ListItem\",\"position\":1,\"name\":\"Piperspin\",\"item\":\"https:\\\/\\\/piperspinuk.org\\\/it\\\/\"},{\"@type\":\"ListItem\",\"position\":2,\"name\":\"Applicazione\"}]},{\"@type\":\"WebSite\",\"@id\":\"https:\\\/\\\/piperspinuk.org\\\/it\\\/#website\",\"url\":\"https:\\\/\\\/piperspinuk.org\\\/it\\\/\",\"name\":\"Piperspin\",\"description\":\"\",\"publisher\":{\"@id\":\"https:\\\/\\\/piperspinuk.org\\\/it\\\/#organization\"},\"potentialAction\":[{\"@type\":\"SearchAction\",\"target\":{\"@type\":\"EntryPoint\",\"urlTemplate\":\"https:\\\/\\\/piperspinuk.org\\\/it\\\/?s={search_term_string}\"},\"query-input\":{\"@type\":\"PropertyValueSpecification\",\"valueRequired\":true,\"valueName\":\"search_term_string\"}}],\"inLanguage\":\"it-IT\"},{\"@type\":\"Organization\",\"@id\":\"https:\\\/\\\/piperspinuk.org\\\/it\\\/#organization\",\"name\":\"Piperspin\",\"url\":\"https:\\\/\\\/piperspinuk.org\\\/it\\\/\",\"logo\":{\"@type\":\"ImageObject\",\"inLanguage\":\"it-IT\",\"@id\":\"https:\\\/\\\/piperspinuk.org\\\/it\\\/#\\\/schema\\\/logo\\\/image\\\/\",\"url\":\"https:\\\/\\\/piperspinuk.org\\\/wp-content\\\/uploads\\\/2025\\\/12\\\/Piperspin-desktop-logo.webp\",\"contentUrl\":\"https:\\\/\\\/piperspinuk.org\\\/wp-content\\\/uploads\\\/2025\\\/12\\\/Piperspin-desktop-logo.webp\",\"width\":208,\"height\":49,\"caption\":\"Piperspin\"},\"image\":{\"@id\":\"https:\\\/\\\/piperspinuk.org\\\/it\\\/#\\\/schema\\\/logo\\\/image\\\/\"}}]}<\/script>\n<!-- \/ Yoast SEO plugin. -->","yoast_head_json":{"title":"Piperspin App | Piattaforme iOS e Android","description":"L'app Piperspin offre un'esperienza di gioco fluida su Android, iOS, Windows e macOS, con account sincronizzati, aggiornamenti regolari e assistenza clienti integrata per un'esperienza senza intoppi.","robots":{"index":"index","follow":"follow","max-snippet":"max-snippet:-1","max-image-preview":"max-image-preview:large","max-video-preview":"max-video-preview:-1"},"canonical":"https:\/\/piperspinuk.org\/it\/applicazione\/","og_locale":"it_IT","og_type":"article","og_title":"Piperspin App | Piattaforme iOS e Android","og_description":"L'app Piperspin offre un'esperienza di gioco fluida su Android, iOS, Windows e macOS, con account sincronizzati, aggiornamenti regolari e assistenza clienti integrata per un'esperienza senza intoppi.","og_url":"https:\/\/piperspinuk.org\/it\/applicazione\/","og_site_name":"piperspin","article_modified_time":"2025-12-22T10:59:39+00:00","twitter_card":"summary_large_image","twitter_misc":{"Est. reading time":"2 minuti"},"schema":{"@context":"https:\/\/schema.org","@graph":[{"@type":"WebPage","@id":"https:\/\/piperspinuk.org\/it\/applicazione\/","url":"https:\/\/piperspinuk.org\/it\/applicazione\/","name":"Piperspin App | Piattaforme iOS e Android","isPartOf":{"@id":"https:\/\/piperspinuk.org\/it\/#website"},"datePublished":"2025-12-22T07:27:25+00:00","dateModified":"2025-12-22T10:59:39+00:00","description":"L'app Piperspin offre un'esperienza di gioco fluida su Android, iOS, Windows e macOS, con account sincronizzati, aggiornamenti regolari e assistenza clienti integrata per un'esperienza senza intoppi.","breadcrumb":{"@id":"https:\/\/piperspinuk.org\/it\/applicazione\/#breadcrumb"},"inLanguage":"it-IT","potentialAction":[{"@type":"ReadAction","target":["https:\/\/piperspinuk.org\/it\/applicazione\/"]}]},{"@type":"BreadcrumbList","@id":"https:\/\/piperspinuk.org\/it\/applicazione\/#breadcrumb","itemListElement":[{"@type":"ListItem","position":1,"name":"Piperspin","item":"https:\/\/piperspinuk.org\/it\/"},{"@type":"ListItem","position":2,"name":"Applicazione"}]},{"@type":"WebSite","@id":"https:\/\/piperspinuk.org\/it\/#website","url":"https:\/\/piperspinuk.org\/it\/","name":"Piperspin","description":"","publisher":{"@id":"https:\/\/piperspinuk.org\/it\/#organization"},"potentialAction":[{"@type":"SearchAction","target":{"@type":"EntryPoint","urlTemplate":"https:\/\/piperspinuk.org\/it\/?s={search_term_string}"},"query-input":{"@type":"PropertyValueSpecification","valueRequired":true,"valueName":"search_term_string"}}],"inLanguage":"it-IT"},{"@type":"Organization","@id":"https:\/\/piperspinuk.org\/it\/#organization","name":"Piperspin","url":"https:\/\/piperspinuk.org\/it\/","logo":{"@type":"ImageObject","inLanguage":"it-IT","@id":"https:\/\/piperspinuk.org\/it\/#\/schema\/logo\/image\/","url":"https:\/\/piperspinuk.org\/wp-content\/uploads\/2025\/12\/Piperspin-desktop-logo.webp","contentUrl":"https:\/\/piperspinuk.org\/wp-content\/uploads\/2025\/12\/Piperspin-desktop-logo.webp","width":208,"height":49,"caption":"Piperspin"},"image":{"@id":"https:\/\/piperspinuk.org\/it\/#\/schema\/logo\/image\/"}}]}},"_links":{"self":[{"href":"https:\/\/piperspinuk.org\/it\/wp-json\/wp\/v2\/pages\/1430","targetHints":{"allow":["GET"]}}],"collection":[{"href":"https:\/\/piperspinuk.org\/it\/wp-json\/wp\/v2\/pages"}],"about":[{"href":"https:\/\/piperspinuk.org\/it\/wp-json\/wp\/v2\/types\/page"}],"author":[{"embeddable":true,"href":"https:\/\/piperspinuk.org\/it\/wp-json\/wp\/v2\/users\/1"}],"replies":[{"embeddable":true,"href":"https:\/\/piperspinuk.org\/it\/wp-json\/wp\/v2\/comments?post=1430"}],"version-history":[{"count":2,"href":"https:\/\/piperspinuk.org\/it\/wp-json\/wp\/v2\/pages\/1430\/revisions"}],"predecessor-version":[{"id":1723,"href":"https:\/\/piperspinuk.org\/it\/wp-json\/wp\/v2\/pages\/1430\/revisions\/1723"}],"wp:attachment":[{"href":"https:\/\/piperspinuk.org\/it\/wp-json\/wp\/v2\/media?parent=1430"}],"curies":[{"name":"wp","href":"https:\/\/api.w.org\/{rel}","templated":true}]}}