{"id":1470,"date":"2025-12-22T07:30:08","date_gmt":"2025-12-22T07:30:08","guid":{"rendered":"https:\/\/piperspinuk.org\/login-and-registration\/"},"modified":"2025-12-22T11:01:00","modified_gmt":"2025-12-22T11:01:00","slug":"accesso-e-registrazione","status":"publish","type":"page","link":"https:\/\/piperspinuk.org\/it\/accesso-e-registrazione\/","title":{"rendered":"Accesso e registrazione"},"content":{"rendered":"<h1>Accesso a Piperspin: registrazione rapida<\/h1>\n<p>Piperspin login offre ai giocatori italiani l&#8217;opportunit\u00e0 di accedere in modo rapido e sicuro a un ambiente di casin\u00f2 online dinamico. Il nostro sito offre una buona variet\u00e0 di giochi, servizi di sicurezza e assistenza clienti per garantire un&#8217;esperienza di gioco migliore e pi\u00f9 sicura. Piperspin Casino \u00e8 progettato per offrire una navigazione semplice e un servizio di qualit\u00e0 a tutti i livelli agli appassionati.<\/p>\n<p><div class=\"banner-wrap\" aria-label=\"Banner\"><img src=\"https:\/\/piperspinuk.org\/wp-content\/uploads\/2025\/12\/TOwKZNmxqjNhxfrdqEkN.webp\" class=\"w-100 d-none d-lg-block img-pc main-banner-img\" alt=\"Piperspin desktop banner\" fetchpriority=\"high\" decoding=\"async\"><img src=\"https:\/\/piperspinuk.org\/wp-content\/uploads\/2025\/12\/Piperspin-mobile-banner.webp\" class=\"w-100 d-none d-md-block d-lg-none main-banner-img\" alt=\"Piperspin mobile banner\" fetchpriority=\"high\" decoding=\"async\"><img src=\"https:\/\/piperspinuk.org\/wp-content\/uploads\/2025\/12\/Piperspin-mobile-banner.webp\" class=\"w-100 d-md-none\" alt=\"Piperspin mobile banner\" fetchpriority=\"high\" decoding=\"async\"><div class=\"banner-description\">\n<div class=\"banner-title\">Bonus di benvenuto<\/div>\n<p class=\"banner-header-title\">1500 \u20ac<\/p>\n<div class=\"banner-header-AdditionalText\">+ 250 Giri gratuiti<\/div>\n<button data-item=\"homepage_banner_link\" class=\"goto m-button m-gradient-border m-button--primary m-button--large banner-button btn-orange\">\n            <div class=\"m-button-content\">\n                <span>Iscriviti ora<\/span>\n                <span><\/span>\n            <\/div>\n        <\/button>\n<\/div>\n<div class=\"WelcomePack\">\n<p><img loading=\"lazy\" decoding=\"async\" class=\"alignnone wp-image-1339 size-full\" src=\"https:\/\/piperspinuk.org\/wp-content\/uploads\/2025\/12\/welcome-crown.svg\" alt=\"crown\" width=\"25\" height=\"26\" \/><\/p>\n<div class=\"WelcomePack-Info\">Cashback settimanale fino al 25%<\/div>\n<p><img loading=\"lazy\" decoding=\"async\" class=\"alignnone wp-image-1339 size-full\" src=\"https:\/\/piperspinuk.org\/wp-content\/uploads\/2025\/12\/welcome-crown.svg\" alt=\"crown\" width=\"25\" height=\"26\" \/><\/p>\n<\/div>\n<\/div><div class=\"scrollable-content-wrap my-5\"><div class=\"scrollable-content-inner\"><h2>Piper Spin Casino iscrizione per nuovi giocatori<\/h2>\n<p>Creare un account sul nostro casin\u00f2 ed effettuare il login Piperspin per la prima volta \u00e8 un&#8217;esperienza davvero interessante! Potrai sfruttare al massimo il potenziale del nostro sito. I nuovi iscritti avranno accesso a oltre 6.000 titoli di slot, giochi da tavolo, drops and wins, varie carte e croupier dal vivo, oltre a bonus esclusivi.<\/p>\n<p>La creazione di un account semplifica anche i depositi e i prelievi e d\u00e0 accesso ai tornei e alla gestione personalizzata dell&#8217;account. Abbiamo sempre mantenuto la procedura di registrazione il pi\u00f9 semplice possibile, in modo che i giocatori possano iniziare a giocare con il minimo sforzo.<\/p>\n<h2>Crea il tuo account<\/h2>\n<p>Siamo certi che desideri creare il tuo account personale. Niente di pi\u00f9 facile! Il processo di registrazione su Piperspin Casino \u00e8 piuttosto semplice ed \u00e8 stato reso il pi\u00f9 sicuro possibile; pu\u00f2 essere riassunto come segue:<\/p>\n<ol>\n<li>Vai alla nostra pagina principale Piperspin Casino e trova il pulsante Registrati, che si trova nell&#8217;angolo in alto a destra della pagina principale.<\/li>\n<li>Con un solo clic puoi accedere al modulo di registrazione che prevede solo due campi da compilare.<\/li>\n<li>Inserisci un indirizzo email valido e una password sicura e complessa. Si consiglia di utilizzare lettere maiuscole e minuscole, numeri e simboli per garantire il massimo livello di sicurezza.<\/li>\n<li>Accetta i termini e le condizioni e assicurati di avere almeno 18 anni.<\/li>\n<li>Se lo desideri, iscriviti alla nostra newsletter promozionale.<\/li>\n<li>Completa la registrazione utilizzando l&#8217;apposito pulsante.<\/li>\n<li>Conferma la tua email cliccando sul link che ti \u00e8 stato inviato nella tua casella di posta elettronica: in questo modo attiverai il tuo account. Ora puoi effettuare il tuo primo accesso a Piperspin!<\/li>\n<\/ol>\n<h2>Inizia con un account Piperspin Casino<\/h2>\n<p>\u00c8 efficiente e sicuro accedere a un account Piperspin Casino:<\/p>\n<ol>\n<li>Vai alla pagina principale di Piperspin Casino.<\/li>\n<li>Trova il pulsante di accesso nell&#8217;angolo in alto a destra della home page.<\/li>\n<li>Inserisci il tuo indirizzo e-mail e la password.<\/li>\n<li>Completa la procedura di verifica digitando il codice ricevuto tramite SMS o app di autenticazione.<\/li>\n<li>Completa il login Piperspin al tuo account.<\/li>\n<\/ol>\n<p>Successivamente, una volta effettuato l&#8217;accesso all&#8217;account, \u00e8 possibile aggiungere ulteriori informazioni personali, tra cui nome completo, data di nascita e indirizzo nelle impostazioni (utile per future procedure KYC). Questo processo dinamico di accesso a Piperspin senza ritardi consente a ogni nuovo giocatore di iniziare a giocare sulla nostra piattaforma in qualsiasi momento. \u00c8 possibile aggiungere informazioni supplementari quando lo si ritiene opportuno per effettuare un deposito.<\/p>\n<p>Cosa puoi fare nel tuo account Piperspin Casino :<\/p>\n<ul>\n<li>Cura dei dati personali e di contatto.<\/li>\n<li>Controllare le procedure di deposito e prelievo.<\/li>\n<li>Attiva o disattiva l&#8217;autenticazione a due fattori per aumentare la sicurezza.<\/li>\n<li>Guarda la cronologia delle transazioni e dei bonus.<\/li>\n<li>Invia i documenti affinch\u00e9 vengano verificati dal team di assistenza.<\/li>\n<li>Partecipa a suggerimenti speciali e tornei.<\/li>\n<\/ul>\n<h3>Hai dimenticato la password?<\/h3>\n<p>Piperspin Casino dispone di una procedura sicura per il recupero della password in caso di smarrimento:<\/p>\n<ol>\n<li>Seleziona il link &#8220;Hai dimenticato la password?&#8221; nella pagina di accesso quando clicchi su di esso.<\/li>\n<li>Inserisci il tuo indirizzo e-mail registrato.<\/li>\n<li>Ti ricontatteremo con l&#8217;e-mail di reimpostazione.<\/li>\n<li>Segui le istruzioni contenute al suo interno.<\/li>\n<li>Clicca sul link per la creazione della password generale e crea una nuova password che soddisfi i requisiti di sicurezza.<\/li>\n<\/ol>\n<p>Questo \u00e8 veloce e sicuro e causer\u00e0 un&#8217;interferenza minima con il tuo gioco.<\/p>\n<h2>Protezione e conferma dell&#8217;account Piper Spin Casino<\/h2>\n<p>La sicurezza \u00e8 la nostra priorit\u00e0 assoluta su Piperspin. I giocatori sono molto importanti per noi. Verifichiamo tutto con l&#8217;aiuto di documenti di identit\u00e0 autentici, come l&#8217;indirizzo e l&#8217;identificazione personale. Combattiamo le frodi 24 ore su 24, 7 giorni su 7. Il processo di verifica pu\u00f2 durare fino a 48 ore e il nostro team di assistenza esaminer\u00e0 le richieste e ti informer\u00e0 di eventuali ulteriori requisiti. Questa misura \u00e8 necessaria per facilitare le transazioni di prelievo e aumentare la sicurezza dei conti. Ti invitiamo a informarti su ci\u00f2 che facciamo:<\/p>\n<table>\n<tbody>\n<tr>\n<td>Tipo di protezione<\/td>\n<td>Misure<\/td>\n<\/tr>\n<tr>\n<td>Sicurezza della piattaforma<\/td>\n<td>Crittografia SSL a 256 bit, autenticazione a due fattori, conformit\u00e0 al GDPR, RNG certificato, protocollo HTTPS<\/td>\n<\/tr>\n<tr>\n<td>Assistenza clienti<\/td>\n<td>Assistenza multilingue, chat live, assistenza via e-mail 24 ore su 24, 7 giorni su 7<\/td>\n<\/tr>\n<tr>\n<td>Requisiti di registrazione<\/td>\n<td>Indirizzo e-mail valido, verifica dell&#8217;et\u00e0, dati personali facoltativi<\/td>\n<\/tr>\n<tr>\n<td>Processo di verifica<\/td>\n<td>Caricamento dei documenti di identit\u00e0 (carta d&#8217;identit\u00e0 o patente), revisione entro 2 giorni<\/td>\n<\/tr>\n<\/tbody>\n<\/table>\n<h2>Domande frequenti<\/h2>\n<h3>Come posso completare il processo di verifica dell&#8217;account?<\/h3>\n<p>Per confermare il tuo account Piperspin, completa il login Piperspin e fornisci immediatamente copie leggibili di documenti di identit\u00e0 validi (passaporto o patente di guida, ecc.) e una prova del tuo indirizzo. Il team di assistenza esamina le richieste entro 48 ore e ti informa su eventuali ulteriori azioni. L&#8217;autenticazione garantisce la sicurezza del tuo account e supporta il prelievo di denaro.<\/p>\n<h3>Come aggiornare la password o l&#8217;indirizzo e-mail?<\/h3>\n<p>Dopo aver effettuato l&#8217;accesso a Piperspin, vai alle impostazioni dell&#8217;account e alla sezione sicurezza per modificare la password o l&#8217;indirizzo e-mail. Inserisci le nuove informazioni e verifica le modifiche. Assicurati che la nuova password soddisfi gli standard di sicurezza richiesti per garantire la sicurezza del tuo account.<\/p>\n<h3>Cosa devo fare se il mio account Piper Spin \u00e8 bloccato?<\/h3>\n<p>Per prima cosa, assicurati di aver effettuato il login a Piperspin e di non riuscire ancora ad accedere. Quando il tuo account Piperspin \u00e8 bloccato, contatta il nostro team di assistenza tramite live chat o e-mail. Autentica la tua identit\u00e0 su richiesta e il nostro team di assistenza ti aiuter\u00e0 a sbloccare il tuo account in breve tempo, se tutto \u00e8 in regola e non stai commettendo alcuna frode.<\/p>\n<h3>Come posso chiudere o sospendere temporaneamente il mio account?<\/h3>\n<p>Puoi chiudere o sospendere il tuo account inviandoci una richiesta, sia nelle impostazioni del tuo account che contattando l&#8217;assistenza. Il nostro team ti assister\u00e0 nell&#8217;espletamento delle procedure richieste, tenendo conto delle tue preferenze e garantendo la sicurezza delle tue informazioni.<\/p>\n<\/div><\/div><\/p>\n","protected":false},"excerpt":{"rendered":"<p>Accesso a Piperspin: registrazione rapida Piperspin login offre ai giocatori italiani l&#8217;opportunit\u00e0 di accedere in modo rapido e sicuro a un ambiente di casin\u00f2 online dinamico. Il nostro sito offre una buona variet\u00e0 di giochi, servizi di sicurezza e assistenza clienti per garantire un&#8217;esperienza di gioco migliore e pi\u00f9 sicura. Piperspin Casino \u00e8 progettato per [&hellip;]<\/p>\n","protected":false},"author":1,"featured_media":0,"parent":0,"menu_order":0,"comment_status":"closed","ping_status":"closed","template":"template-builder.php","meta":{"_acf_changed":false,"inline_featured_image":false,"footnotes":""},"class_list":["post-1470","page","type-page","status-publish","hentry"],"acf":[],"yoast_head":"<!-- This site is optimized with the Yoast SEO plugin v27.3 - https:\/\/yoast.com\/product\/yoast-seo-wordpress\/ -->\n<title>Piperspin Login e registrazione<\/title>\n<meta name=\"description\" content=\"Crea, gestisci e verifica il tuo account Piperspin Casino senza alcuno sforzo. Approfitta della registrazione rapida, del facile recupero dell&#039;account e della chiusura sicura con Piperspin Login, che protegge il tuo account 24 ore su 24.\" \/>\n<meta name=\"robots\" content=\"index, follow, max-snippet:-1, max-image-preview:large, max-video-preview:-1\" \/>\n<link rel=\"canonical\" href=\"https:\/\/piperspinuk.org\/it\/accesso-e-registrazione\/\" \/>\n<meta property=\"og:locale\" content=\"it_IT\" \/>\n<meta property=\"og:type\" content=\"article\" \/>\n<meta property=\"og:title\" content=\"Piperspin Login e registrazione\" \/>\n<meta property=\"og:description\" content=\"Crea, gestisci e verifica il tuo account Piperspin Casino senza alcuno sforzo. Approfitta della registrazione rapida, del facile recupero dell&#039;account e della chiusura sicura con Piperspin Login, che protegge il tuo account 24 ore su 24.\" \/>\n<meta property=\"og:url\" content=\"https:\/\/piperspinuk.org\/it\/accesso-e-registrazione\/\" \/>\n<meta property=\"og:site_name\" content=\"piperspin\" \/>\n<meta property=\"article:modified_time\" content=\"2025-12-22T11:01:00+00:00\" \/>\n<meta name=\"twitter:card\" content=\"summary_large_image\" \/>\n<meta name=\"twitter:label1\" content=\"Est. reading time\" \/>\n\t<meta name=\"twitter:data1\" content=\"1 minuto\" \/>\n<script type=\"application\/ld+json\" class=\"yoast-schema-graph\">{\"@context\":\"https:\\\/\\\/schema.org\",\"@graph\":[{\"@type\":\"WebPage\",\"@id\":\"https:\\\/\\\/piperspinuk.org\\\/it\\\/accesso-e-registrazione\\\/\",\"url\":\"https:\\\/\\\/piperspinuk.org\\\/it\\\/accesso-e-registrazione\\\/\",\"name\":\"Piperspin Login e registrazione\",\"isPartOf\":{\"@id\":\"https:\\\/\\\/piperspinuk.org\\\/it\\\/#website\"},\"datePublished\":\"2025-12-22T07:30:08+00:00\",\"dateModified\":\"2025-12-22T11:01:00+00:00\",\"description\":\"Crea, gestisci e verifica il tuo account Piperspin Casino senza alcuno sforzo. Approfitta della registrazione rapida, del facile recupero dell'account e della chiusura sicura con Piperspin Login, che protegge il tuo account 24 ore su 24.\",\"breadcrumb\":{\"@id\":\"https:\\\/\\\/piperspinuk.org\\\/it\\\/accesso-e-registrazione\\\/#breadcrumb\"},\"inLanguage\":\"it-IT\",\"potentialAction\":[{\"@type\":\"ReadAction\",\"target\":[\"https:\\\/\\\/piperspinuk.org\\\/it\\\/accesso-e-registrazione\\\/\"]}]},{\"@type\":\"BreadcrumbList\",\"@id\":\"https:\\\/\\\/piperspinuk.org\\\/it\\\/accesso-e-registrazione\\\/#breadcrumb\",\"itemListElement\":[{\"@type\":\"ListItem\",\"position\":1,\"name\":\"Piperspin\",\"item\":\"https:\\\/\\\/piperspinuk.org\\\/it\\\/\"},{\"@type\":\"ListItem\",\"position\":2,\"name\":\"Accesso e registrazione\"}]},{\"@type\":\"WebSite\",\"@id\":\"https:\\\/\\\/piperspinuk.org\\\/it\\\/#website\",\"url\":\"https:\\\/\\\/piperspinuk.org\\\/it\\\/\",\"name\":\"Piperspin\",\"description\":\"\",\"publisher\":{\"@id\":\"https:\\\/\\\/piperspinuk.org\\\/it\\\/#organization\"},\"potentialAction\":[{\"@type\":\"SearchAction\",\"target\":{\"@type\":\"EntryPoint\",\"urlTemplate\":\"https:\\\/\\\/piperspinuk.org\\\/it\\\/?s={search_term_string}\"},\"query-input\":{\"@type\":\"PropertyValueSpecification\",\"valueRequired\":true,\"valueName\":\"search_term_string\"}}],\"inLanguage\":\"it-IT\"},{\"@type\":\"Organization\",\"@id\":\"https:\\\/\\\/piperspinuk.org\\\/it\\\/#organization\",\"name\":\"Piperspin\",\"url\":\"https:\\\/\\\/piperspinuk.org\\\/it\\\/\",\"logo\":{\"@type\":\"ImageObject\",\"inLanguage\":\"it-IT\",\"@id\":\"https:\\\/\\\/piperspinuk.org\\\/it\\\/#\\\/schema\\\/logo\\\/image\\\/\",\"url\":\"https:\\\/\\\/piperspinuk.org\\\/wp-content\\\/uploads\\\/2025\\\/12\\\/Piperspin-desktop-logo.webp\",\"contentUrl\":\"https:\\\/\\\/piperspinuk.org\\\/wp-content\\\/uploads\\\/2025\\\/12\\\/Piperspin-desktop-logo.webp\",\"width\":208,\"height\":49,\"caption\":\"Piperspin\"},\"image\":{\"@id\":\"https:\\\/\\\/piperspinuk.org\\\/it\\\/#\\\/schema\\\/logo\\\/image\\\/\"}}]}<\/script>\n<!-- \/ Yoast SEO plugin. -->","yoast_head_json":{"title":"Piperspin Login e registrazione","description":"Crea, gestisci e verifica il tuo account Piperspin Casino senza alcuno sforzo. Approfitta della registrazione rapida, del facile recupero dell'account e della chiusura sicura con Piperspin Login, che protegge il tuo account 24 ore su 24.","robots":{"index":"index","follow":"follow","max-snippet":"max-snippet:-1","max-image-preview":"max-image-preview:large","max-video-preview":"max-video-preview:-1"},"canonical":"https:\/\/piperspinuk.org\/it\/accesso-e-registrazione\/","og_locale":"it_IT","og_type":"article","og_title":"Piperspin Login e registrazione","og_description":"Crea, gestisci e verifica il tuo account Piperspin Casino senza alcuno sforzo. Approfitta della registrazione rapida, del facile recupero dell'account e della chiusura sicura con Piperspin Login, che protegge il tuo account 24 ore su 24.","og_url":"https:\/\/piperspinuk.org\/it\/accesso-e-registrazione\/","og_site_name":"piperspin","article_modified_time":"2025-12-22T11:01:00+00:00","twitter_card":"summary_large_image","twitter_misc":{"Est. reading time":"1 minuto"},"schema":{"@context":"https:\/\/schema.org","@graph":[{"@type":"WebPage","@id":"https:\/\/piperspinuk.org\/it\/accesso-e-registrazione\/","url":"https:\/\/piperspinuk.org\/it\/accesso-e-registrazione\/","name":"Piperspin Login e registrazione","isPartOf":{"@id":"https:\/\/piperspinuk.org\/it\/#website"},"datePublished":"2025-12-22T07:30:08+00:00","dateModified":"2025-12-22T11:01:00+00:00","description":"Crea, gestisci e verifica il tuo account Piperspin Casino senza alcuno sforzo. Approfitta della registrazione rapida, del facile recupero dell'account e della chiusura sicura con Piperspin Login, che protegge il tuo account 24 ore su 24.","breadcrumb":{"@id":"https:\/\/piperspinuk.org\/it\/accesso-e-registrazione\/#breadcrumb"},"inLanguage":"it-IT","potentialAction":[{"@type":"ReadAction","target":["https:\/\/piperspinuk.org\/it\/accesso-e-registrazione\/"]}]},{"@type":"BreadcrumbList","@id":"https:\/\/piperspinuk.org\/it\/accesso-e-registrazione\/#breadcrumb","itemListElement":[{"@type":"ListItem","position":1,"name":"Piperspin","item":"https:\/\/piperspinuk.org\/it\/"},{"@type":"ListItem","position":2,"name":"Accesso e registrazione"}]},{"@type":"WebSite","@id":"https:\/\/piperspinuk.org\/it\/#website","url":"https:\/\/piperspinuk.org\/it\/","name":"Piperspin","description":"","publisher":{"@id":"https:\/\/piperspinuk.org\/it\/#organization"},"potentialAction":[{"@type":"SearchAction","target":{"@type":"EntryPoint","urlTemplate":"https:\/\/piperspinuk.org\/it\/?s={search_term_string}"},"query-input":{"@type":"PropertyValueSpecification","valueRequired":true,"valueName":"search_term_string"}}],"inLanguage":"it-IT"},{"@type":"Organization","@id":"https:\/\/piperspinuk.org\/it\/#organization","name":"Piperspin","url":"https:\/\/piperspinuk.org\/it\/","logo":{"@type":"ImageObject","inLanguage":"it-IT","@id":"https:\/\/piperspinuk.org\/it\/#\/schema\/logo\/image\/","url":"https:\/\/piperspinuk.org\/wp-content\/uploads\/2025\/12\/Piperspin-desktop-logo.webp","contentUrl":"https:\/\/piperspinuk.org\/wp-content\/uploads\/2025\/12\/Piperspin-desktop-logo.webp","width":208,"height":49,"caption":"Piperspin"},"image":{"@id":"https:\/\/piperspinuk.org\/it\/#\/schema\/logo\/image\/"}}]}},"_links":{"self":[{"href":"https:\/\/piperspinuk.org\/it\/wp-json\/wp\/v2\/pages\/1470","targetHints":{"allow":["GET"]}}],"collection":[{"href":"https:\/\/piperspinuk.org\/it\/wp-json\/wp\/v2\/pages"}],"about":[{"href":"https:\/\/piperspinuk.org\/it\/wp-json\/wp\/v2\/types\/page"}],"author":[{"embeddable":true,"href":"https:\/\/piperspinuk.org\/it\/wp-json\/wp\/v2\/users\/1"}],"replies":[{"embeddable":true,"href":"https:\/\/piperspinuk.org\/it\/wp-json\/wp\/v2\/comments?post=1470"}],"version-history":[{"count":1,"href":"https:\/\/piperspinuk.org\/it\/wp-json\/wp\/v2\/pages\/1470\/revisions"}],"predecessor-version":[{"id":1725,"href":"https:\/\/piperspinuk.org\/it\/wp-json\/wp\/v2\/pages\/1470\/revisions\/1725"}],"wp:attachment":[{"href":"https:\/\/piperspinuk.org\/it\/wp-json\/wp\/v2\/media?parent=1470"}],"curies":[{"name":"wp","href":"https:\/\/api.w.org\/{rel}","templated":true}]}}