{"id":1432,"date":"2025-12-22T07:27:25","date_gmt":"2025-12-22T07:27:25","guid":{"rendered":"https:\/\/piperspinuk.org\/app\/"},"modified":"2025-12-22T11:18:25","modified_gmt":"2025-12-22T11:18:25","slug":"aplikacja","status":"publish","type":"page","link":"https:\/\/piperspinuk.org\/pl\/aplikacja\/","title":{"rendered":"Aplikacja"},"content":{"rendered":"<h1>Aplikacja Piperspin: gry na iOS i Androida<\/h1>\n<p>Piperspin app to wysokiej jako\u015bci i bezpieczna gra mobilna, zaprojektowana z my\u015bl\u0105 o zaspokojeniu wymaga\u0144 polskich graczy naszego kasyna. Piperspin Casino wykorzystuje najnowsze technologie, dzi\u0119ki czemu u\u017cytkownicy mog\u0105 \u0142atwo uzyska\u0107 dost\u0119p do swoich ulubionych gier kasynowych online i automat\u00f3w, niezale\u017cnie od tego, czy korzystaj\u0105 ze smartfona, czy tabletu. Piperspin app to najnowszy trend w grach mobilnych, k\u0142ad\u0105cy nacisk na szybko\u015b\u0107, bezpiecze\u0144stwo i wygod\u0119.<\/p>\n<p>Piperspin Casino nieustannie podnosi standardy hazardu mobilnego. Dlatego po\u0142\u0105czyli\u015bmy najnowsze technologie z przyjaznym dla u\u017cytkownika interfejsem. Nasze gry dzia\u0142aj\u0105 p\u0142ynnie zar\u00f3wno w aplikacji PWA, jak i w oprogramowaniu komputerowym. Gracze maj\u0105 dost\u0119p do wci\u0105gaj\u0105cych, bezpiecznych i wydajnych gier, kt\u00f3re s\u0105 \u0142atwo kompatybilne z wybranymi przez nich urz\u0105dzeniami.<\/p>\n<div class=\"banner-wrap\" aria-label=\"Banner\"><img src=\"https:\/\/piperspinuk.org\/wp-content\/uploads\/2025\/12\/TOwKZNmxqjNhxfrdqEkN.webp\" class=\"w-100 d-none d-lg-block img-pc main-banner-img\" alt=\"Piperspin desktop banner\" fetchpriority=\"high\" decoding=\"async\"><img src=\"https:\/\/piperspinuk.org\/wp-content\/uploads\/2025\/12\/Piperspin-mobile-banner.webp\" class=\"w-100 d-none d-md-block d-lg-none main-banner-img\" alt=\"Piperspin mobile banner\" fetchpriority=\"high\" decoding=\"async\"><img src=\"https:\/\/piperspinuk.org\/wp-content\/uploads\/2025\/12\/Piperspin-mobile-banner.webp\" class=\"w-100 d-md-none\" alt=\"Piperspin mobile banner\" fetchpriority=\"high\" decoding=\"async\"><div class=\"banner-description\">\n<div class=\"banner-title\">Bonusy powitalne<\/div>\n<p class=\"banner-header-title\">1500 \u20ac<\/p>\n<div class=\"banner-header-AdditionalText\">+ 250 Darmowe spiny<\/div>\n<button data-item=\"homepage_banner_link\" class=\"goto m-button m-gradient-border m-button--primary m-button--large banner-button btn-orange\">\n            <div class=\"m-button-content\">\n                <span>Zarejestruj si\u0119 teraz<\/span>\n                <span><\/span>\n            <\/div>\n        <\/button>\n<\/div>\n<div class=\"WelcomePack\">\n<p><img loading=\"lazy\" decoding=\"async\" class=\"alignnone wp-image-1339 size-full\" src=\"https:\/\/piperspinuk.org\/wp-content\/uploads\/2025\/12\/welcome-crown.svg\" alt=\"crown\" width=\"25\" height=\"26\" \/><\/p>\n<div class=\"WelcomePack-Info\">Cotygodniowy zwrot got\u00f3wki do 25%<\/div>\n<p><img loading=\"lazy\" decoding=\"async\" class=\"alignnone wp-image-1339 size-full\" src=\"https:\/\/piperspinuk.org\/wp-content\/uploads\/2025\/12\/welcome-crown.svg\" alt=\"crown\" width=\"25\" height=\"26\" \/><\/p>\n<\/div>\n<\/div>\n<h2>Do\u015bwiadczenie mobilne w Piper Spin<\/h2>\n<p>Aplikacja Piperspin jest dost\u0119pna jako PWA i zapewnia doskona\u0142e wra\u017cenia z gry w kasynie mobilnym. Konkurujemy z tradycyjnymi aplikacjami na komputery stacjonarne (i telefony). Aplikacja posiada \u0142atwy w obs\u0142udze interfejs dostosowany do ekran\u00f3w dotykowych, dzi\u0119ki czemu u\u017cytkownik mo\u017ce z \u0142atwo\u015bci\u0105 nawigowa\u0107 i znale\u017a\u0107 wszystko, czego potrzebuje. Jej wysokowydajna architektura zapewnia szybkie \u0142adowanie, nieprzerwan\u0105 rozgrywk\u0119 i wysok\u0105 jako\u015b\u0107 grafiki, co sprawia, \u017ce aplikacja Piperspin jest najlepszym wyborem dla naszych ukochanych graczy, kt\u00f3rzy potrzebuj\u0105 ci\u0105g\u0142ej rozrywki, gdziekolwiek si\u0119 znajduj\u0105.<\/p>\n<p>Aplikacja Piperspin jest r\u00f3wnie\u017c lepsza w por\u00f3wnaniu z gr\u0105 na komputerze, poniewa\u017c jest dost\u0119pna natychmiast i nie wymaga d\u0142ugiego pobierania ani instalacji. Ma responsywny wygl\u0105d, kt\u00f3ry mo\u017cna dostosowa\u0107 do dowolnego rozmiaru wy\u015bwietlacza urz\u0105dzenia, zapewniaj\u0105c takie same wra\u017cenia zar\u00f3wno na smartfonach, jak i tabletach. Aplikacja jest r\u00f3wnie\u017c przyjazna dla u\u017cytkownika, dzi\u0119ki czemu gracze mog\u0105 dokonywa\u0107 wp\u0142at, wyp\u0142at i odbiera\u0107 bonusy na swoich telefonach kom\u00f3rkowych, korzystaj\u0105c z dodatkowych zabezpiecze\u0144, kt\u00f3re chroni\u0105 poufne informacje. Nie odczujesz \u017cadnych niedogodno\u015bci.<\/p>\n<p><div class=\"scrollable-content-wrap my-5\"><div class=\"scrollable-content-inner\"><h2>Piperspin Aplikacja kasynowa na iOS<\/h2>\n<p>Aplikacja Piperspin Casino dla systemu iOS jest r\u00f3wnie\u017c zoptymalizowana pod k\u0105tem przegl\u0105darki Safari i innych kompatybilnych przegl\u0105darek, zapewniaj\u0105c bezpieczne i satysfakcjonuj\u0105ce wra\u017cenia u\u017cytkownikom urz\u0105dze\u0144 Apple. Proces instalacji aplikacji Piperspin nie jest skomplikowany:<\/p>\n<ol>\n<li>U\u017cytkownik loguje si\u0119 na konto na stronie g\u0142\u00f3wnej;<\/li>\n<li>Klikni\u0119cia przycisku oznaczonego jako \u201eZainstaluj\u201d;<\/li>\n<li>Nast\u0119pnie, odpowiadaj\u0105c na proste pytania i polecenia, dodaj aplikacj\u0119 do ekranu g\u0142\u00f3wnego.<\/li>\n<\/ol>\n<p>Po zainstalowaniu aplikacji pierwsz\u0105 rzecz\u0105, jak\u0105 zobaczysz, b\u0119dzie ikona Piperspin Casino, za pomoc\u0105 kt\u00f3rej uzyskasz dost\u0119p do biblioteki automat\u00f3w online i gier kasynowych.<\/p>\n<p>Wersja na iOS ma wi\u0119ksze, stylowe przyciski, kt\u00f3re s\u0105 \u0142atwe w obs\u0142udze, oraz funkcje przesuwania palcem, kt\u00f3re u\u0142atwiaj\u0105 nawigacj\u0119. Gracze s\u0105 na bie\u017c\u0105co informowani o nowych grach, specjalnych bonusach i wydarzeniach w kasynie Piperspin dzi\u0119ki powiadomieniom push.<\/p>\n<p>Aplikacja jest zgodna z polityk\u0105 Apple, a \u015brodowisko jest bezpieczne; prywatno\u015b\u0107 i bezpiecze\u0144stwo u\u017cytkownika s\u0105 zagwarantowane bez wp\u0142ywu na wydajno\u015b\u0107. Dodatkowe funkcje bezpiecze\u0144stwa umo\u017cliwiaj\u0105 p\u0142ynn\u0105 rozgrywk\u0119 i zapewniaj\u0105 bezpiecze\u0144stwo.<\/p>\n<p><img loading=\"lazy\" decoding=\"async\" src=\"https:\/\/piperspinuk.org\/wp-content\/uploads\/2025\/12\/Piperspin-iOS-App.webp\" alt=\"Piperspin iOS App\" width=\"1248\" height=\"536\" \/><\/p>\n<\/div><\/div><div style=\"clear: both\"><\/div><div class=\"d-flex justify-content-center\"><button data-item=\"decouvrez_link\" data-group=\"website_links\" class=\"goto fw-bold rounded-pill btn btn-orange\" aria-label=\"Download the Piperspin App\" >Download the Piperspin App<\/button><\/div><div class=\"scrollable-content-wrap my-5\"><div class=\"scrollable-content-inner\"><h2>Kasyno Piperspin Aplikacja na Androida<\/h2>\n<p>Kasyno Piperspin posiada r\u00f3wnie\u017c aplikacj\u0119 na Androida, kt\u00f3ra ma form\u0119 progresywnej aplikacji internetowej (PWA), dzi\u0119ki czemu u\u017cytkownik mo\u017ce cieszy\u0107 si\u0119 wysokiej jako\u015bci rozgrywk\u0105 bez konieczno\u015bci pobierania du\u017cych plik\u00f3w.<\/p>\n<p>Aby zainstalowa\u0107 aplikacj\u0119 Piperspin, gracz musi klikn\u0105\u0107 na stronie g\u0142\u00f3wnej za pomoc\u0105 urz\u0105dzenia z systemem Android, przej\u015b\u0107 do sekcji aplikacji i nacisn\u0105\u0107 przycisk. Aplikacja ma nazw\u0119 \u201eCasino App\u201d.<\/p>\n<p>Po wy\u015bwietleniu monitu wystarczy przypi\u0105\u0107 aplikacj\u0119 do ekranu g\u0142\u00f3wnego, aby uzyska\u0107 ikon\u0119 umo\u017cliwiaj\u0105c\u0105 dost\u0119p do ca\u0142ej biblioteki gier i opcji zarz\u0105dzania kontem za pomoc\u0105 jednego dotkni\u0119cia.<\/p>\n<p>Funkcja Piper Spin PWA gwarantuje, \u017ce nasza fantazyjna aplikacja mo\u017ce by\u0107 i zawsze b\u0119dzie aktualizowana o najnowsze poprawki bezpiecze\u0144stwa i funkcje. Mo\u017cesz cieszy\u0107 si\u0119 naszym interfejsem dotykowym na ekranach o dowolnej wielko\u015bci, z \u0142atw\u0105 nawigacj\u0105 i responsywn\u0105 rozgrywk\u0105 na smartfonach i tabletach.<\/p>\n<p>Piperspin PWA oferuje mobilne kasyno, kt\u00f3re jest wszechstronne i naprawd\u0119 przeno\u015bne. Zapewnia graczom wspania\u0142e wra\u017cenia z gry bez konieczno\u015bci pobierania du\u017cych plik\u00f3w lub r\u0119cznego aktualizowania oprogramowania.<\/p>\n<h3>APK<\/h3>\n<p>Osobom preferuj\u0105cym pliki Piperspin APK zalecamy po\u0142\u0105czenie si\u0119 z kasynem za po\u015brednictwem PWA. Jest to bezpieczniejsze rozwi\u0105zanie, kt\u00f3re aktualizuje si\u0119 automatycznie. Dzi\u0119ki temu gracze maj\u0105 dost\u0119p do najnowszej wersji, co minimalizuje problemy techniczne i zagro\u017cenia bezpiecze\u0144stwa.<\/p>\n<p>Podej\u015bcie PWA pomaga nam eliminowa\u0107 zagro\u017cenia bezpiecze\u0144stwa i r\u0119czne aktualizacje poprzez unikanie pobierania plik\u00f3w APK i zwi\u0105zanych z tym problem\u00f3w bezpiecze\u0144stwa.<\/p>\n<p><img loading=\"lazy\" decoding=\"async\" src=\"https:\/\/piperspinuk.org\/wp-content\/uploads\/2025\/12\/Piperspin-Android-App.webp\" alt=\"Piperspin Android App\" width=\"1248\" height=\"536\" \/><\/p>\n<\/div><\/div><div style=\"clear: both\"><\/div><div class=\"d-flex justify-content-center\"><button data-item=\"decouvrez_link\" data-group=\"website_links\" class=\"goto fw-bold rounded-pill btn btn-orange\" aria-label=\"Download Piperspin\" >Download Piperspin<\/button><\/div><div class=\"scrollable-content-wrap my-5\"><div class=\"scrollable-content-inner\"><h2>Pobierz aplikacje dla system\u00f3w Windows i macOS<\/h2>\n<p>Gracze, kt\u00f3rzy lubi\u0105 gra\u0107 na komputerach stacjonarnych, mog\u0105 pobra\u0107 oprogramowanie Piperspin, kt\u00f3re dzia\u0142a w systemach Windows i Mac OS. Aplikacja na komputery stacjonarne ma wbudowane funkcje lepszej grafiki 3D, super fajnych efekt\u00f3w d\u017awi\u0119kowych oraz odpowiedni, prosty i ciemny interfejs dostosowany do du\u017cych ekran\u00f3w. Oferuje wszystkie opcje dost\u0119pne w aplikacji mobilnej. Otrzymasz dost\u0119p do czatu na \u017cywo, narz\u0119dzia do weryfikacji konta oraz dost\u0119p do ca\u0142ej gamy automat\u00f3w internetowych i gier kasynowych.<\/p>\n<p>Wersja na komputery stacjonarne mo\u017ce korzysta\u0107 z popularnych przegl\u0105darek, takich jak Google Chrome, Mozilla Firefox, Safari i Microsoft Edge. Jest to korzystne dla graczy, kt\u00f3rzy mog\u0105 cieszy\u0107 si\u0119 p\u0142ynn\u0105 rozgrywk\u0105 na wi\u0119kszo\u015bci urz\u0105dze\u0144 i system\u00f3w operacyjnych.<\/p>\n<p>Por\u00f3wnajmy:<\/p>\n<table>\n<tbody>\n<tr>\n<td>Funkcja<\/td>\n<td>PWA<\/td>\n<td>Typowe pliki APK<\/td>\n<\/tr>\n<tr>\n<td>Instalacja<\/td>\n<td>Instalacja za po\u015brednictwem przegl\u0105darki (Dodaj do ekranu g\u0142\u00f3wnego), nie wymaga sklepu z aplikacjami<\/td>\n<td>Instalowana za po\u015brednictwem Google Play lub sideloaded; wymaga zatwierdzenia przez sklep z aplikacjami<\/td>\n<\/tr>\n<tr>\n<td>Proces aktualizacji<\/td>\n<td>Automatyczna aktualizacja, bez konieczno\u015bci r\u0119cznej interwencji<\/td>\n<td>Wymaga r\u0119cznych aktualizacji lub aktualizacji ze sklepu z aplikacjami; u\u017cytkownik musi pobra\u0107 nowe wersje.<\/td>\n<\/tr>\n<tr>\n<td>Rozw\u00f3j i utrzymanie<\/td>\n<td>Jedna baza kodu dla wszystkich platform; \u0142atwiejsze aktualizacje<\/td>\n<td>Oddzielne bazy kodu dla system\u00f3w Android, iOS itp.; bardziej z\u0142o\u017cona konserwacja<\/td>\n<\/tr>\n<tr>\n<td>Dost\u0119p do urz\u0105dzenia<\/td>\n<td>Ograniczony dost\u0119p do funkcji urz\u0105dzenia (np. GPS, aparat fotograficzny, powiadomienia)<\/td>\n<td>Pe\u0142ny dost\u0119p do sprz\u0119tu urz\u0105dzenia i funkcji systemu<\/td>\n<\/tr>\n<\/tbody>\n<\/table>\n<p>Ta tabela pomo\u017ce Ci dostrzec r\u00f3\u017cnice i zalety aplikacji PWA Piper Spin.<\/p>\n<p><img loading=\"lazy\" decoding=\"async\" src=\"https:\/\/piperspinuk.org\/wp-content\/uploads\/2025\/12\/Piperspin-Desktop.webp\" alt=\"Piperspin Desktop\" width=\"1248\" height=\"536\" \/><\/p>\n<\/div><\/div><div style=\"clear: both\"><\/div><div class=\"d-flex justify-content-center\"><button data-item=\"decouvrez_link\" data-group=\"website_links\" class=\"goto fw-bold rounded-pill btn btn-orange\" aria-label=\"Download the Piperspin App\" >Download the Piperspin App<\/button><\/div><div class=\"scrollable-content-wrap my-5\"><div class=\"scrollable-content-inner\"><h2>Cz\u0119sto zadawane pytania<\/h2>\n<h3>Czy aplikacja Piper Spin Casino oferuje obs\u0142ug\u0119 klienta?<\/h3>\n<p>Kasyno Piperspin oferuje obs\u0142ug\u0119 klienta w formie czatu na \u017cywo, kt\u00f3ry jest dost\u0119pny nie tylko w aplikacji, ale tak\u017ce na oficjalnej stronie internetowej. Zesp\u00f3\u0142 pomocy technicznej jest dost\u0119pny 24 godziny na dob\u0119, 7 dni w tygodniu, aby rozwi\u0105zywa\u0107 problemy techniczne, przeprowadza\u0107 proces weryfikacji i odpowiada\u0107 na wszelkie pytania, kt\u00f3re mog\u0105 si\u0119 pojawi\u0107, tak aby nie zak\u0142\u00f3ca\u0142y one procesu gry.<\/p>\n<h3>Czy do korzystania z aplikacji Piper Spin konieczne jest utworzenie konta?<\/h3>\n<p>Aby korzysta\u0107 ze wszystkich tych funkcji, w tym wp\u0142at, wyp\u0142at i gry, wymagana jest rejestracja i weryfikacja. Jest to szybkie i bezpieczne, a jego celem jest zabezpieczenie informacji o graczach, a tak\u017ce zapewnienie \u0142atwego dost\u0119pu do us\u0142ug kasyna.<\/p>\n<h3>Czy wszystkie gry s\u0105 dost\u0119pne w aplikacji Piperspin?<\/h3>\n<p>Aplikacja mobilna umo\u017cliwia dost\u0119p do wi\u0119kszo\u015bci automat\u00f3w online i gier kasynowych dost\u0119pnych w Piper Spin Casino. Nasza platforma mobilna oferuje ogromn\u0105 bibliotek\u0119, kt\u00f3ra zaspokoi wi\u0119kszo\u015b\u0107 preferencji graczy.<\/p>\n<h3>Jak mog\u0119 zaktualizowa\u0107 aplikacj\u0119 Piperspin Casino?<\/h3>\n<p>Piperspin Casino to atrakcyjna aplikacja wykorzystuj\u0105ca technologi\u0119 PWA, kt\u00f3ra automatycznie aktualizuje si\u0119 i dostarcza najnowsze funkcje oraz ulepszenia bezpiecze\u0144stwa. Dost\u0119p do kasyna odbywa si\u0119 za po\u015brednictwem przegl\u0105darki lub zainstalowanej ikony, dzi\u0119ki czemu u\u017cytkownicy maj\u0105 zawsze dost\u0119p do najnowszej wersji.<\/p>\n<\/div><\/div><\/p>\n","protected":false},"excerpt":{"rendered":"<p>Aplikacja Piperspin: gry na iOS i Androida Piperspin app to wysokiej jako\u015bci i bezpieczna gra mobilna, zaprojektowana z my\u015bl\u0105 o zaspokojeniu wymaga\u0144 polskich graczy naszego kasyna. Piperspin Casino wykorzystuje najnowsze technologie, dzi\u0119ki czemu u\u017cytkownicy mog\u0105 \u0142atwo uzyska\u0107 dost\u0119p do swoich ulubionych gier kasynowych online i automat\u00f3w, niezale\u017cnie od tego, czy korzystaj\u0105 ze smartfona, czy tabletu. [&hellip;]<\/p>\n","protected":false},"author":1,"featured_media":0,"parent":0,"menu_order":0,"comment_status":"closed","ping_status":"closed","template":"template-builder.php","meta":{"_acf_changed":false,"inline_featured_image":false,"footnotes":""},"class_list":["post-1432","page","type-page","status-publish","hentry"],"acf":[],"yoast_head":"<!-- This site is optimized with the Yoast SEO plugin v27.3 - https:\/\/yoast.com\/product\/yoast-seo-wordpress\/ -->\n<title>Piperspin Aplikacja | Platformy iOS i Android<\/title>\n<meta name=\"description\" content=\"Aplikacja Piperspin zapewnia p\u0142ynn\u0105 rozgrywk\u0119 w kasynie na systemach Android, iOS, Windows i macOS, oferuj\u0105c zsynchronizowane konta, regularne aktualizacje i wbudowan\u0105 obs\u0142ug\u0119 klienta, co gwarantuje bezproblemowe korzystanie z aplikacji.\" \/>\n<meta name=\"robots\" content=\"index, follow, max-snippet:-1, max-image-preview:large, max-video-preview:-1\" \/>\n<link rel=\"canonical\" href=\"https:\/\/piperspinuk.org\/pl\/aplikacja\/\" \/>\n<meta property=\"og:locale\" content=\"pl_PL\" \/>\n<meta property=\"og:type\" content=\"article\" \/>\n<meta property=\"og:title\" content=\"Piperspin Aplikacja | Platformy iOS i Android\" \/>\n<meta property=\"og:description\" content=\"Aplikacja Piperspin zapewnia p\u0142ynn\u0105 rozgrywk\u0119 w kasynie na systemach Android, iOS, Windows i macOS, oferuj\u0105c zsynchronizowane konta, regularne aktualizacje i wbudowan\u0105 obs\u0142ug\u0119 klienta, co gwarantuje bezproblemowe korzystanie z aplikacji.\" \/>\n<meta property=\"og:url\" content=\"https:\/\/piperspinuk.org\/pl\/aplikacja\/\" \/>\n<meta property=\"og:site_name\" content=\"piperspin\" \/>\n<meta property=\"article:modified_time\" content=\"2025-12-22T11:18:25+00:00\" \/>\n<meta name=\"twitter:card\" content=\"summary_large_image\" \/>\n<meta name=\"twitter:label1\" content=\"Est. reading time\" \/>\n\t<meta name=\"twitter:data1\" content=\"2 minuty\" \/>\n<script type=\"application\/ld+json\" class=\"yoast-schema-graph\">{\"@context\":\"https:\\\/\\\/schema.org\",\"@graph\":[{\"@type\":\"WebPage\",\"@id\":\"https:\\\/\\\/piperspinuk.org\\\/pl\\\/aplikacja\\\/\",\"url\":\"https:\\\/\\\/piperspinuk.org\\\/pl\\\/aplikacja\\\/\",\"name\":\"Piperspin Aplikacja | Platformy iOS i Android\",\"isPartOf\":{\"@id\":\"https:\\\/\\\/piperspinuk.org\\\/pl\\\/#website\"},\"datePublished\":\"2025-12-22T07:27:25+00:00\",\"dateModified\":\"2025-12-22T11:18:25+00:00\",\"description\":\"Aplikacja Piperspin zapewnia p\u0142ynn\u0105 rozgrywk\u0119 w kasynie na systemach Android, iOS, Windows i macOS, oferuj\u0105c zsynchronizowane konta, regularne aktualizacje i wbudowan\u0105 obs\u0142ug\u0119 klienta, co gwarantuje bezproblemowe korzystanie z aplikacji.\",\"breadcrumb\":{\"@id\":\"https:\\\/\\\/piperspinuk.org\\\/pl\\\/aplikacja\\\/#breadcrumb\"},\"inLanguage\":\"pl-PL\",\"potentialAction\":[{\"@type\":\"ReadAction\",\"target\":[\"https:\\\/\\\/piperspinuk.org\\\/pl\\\/aplikacja\\\/\"]}]},{\"@type\":\"BreadcrumbList\",\"@id\":\"https:\\\/\\\/piperspinuk.org\\\/pl\\\/aplikacja\\\/#breadcrumb\",\"itemListElement\":[{\"@type\":\"ListItem\",\"position\":1,\"name\":\"Piperspin\",\"item\":\"https:\\\/\\\/piperspinuk.org\\\/pl\\\/\"},{\"@type\":\"ListItem\",\"position\":2,\"name\":\"Aplikacja\"}]},{\"@type\":\"WebSite\",\"@id\":\"https:\\\/\\\/piperspinuk.org\\\/pl\\\/#website\",\"url\":\"https:\\\/\\\/piperspinuk.org\\\/pl\\\/\",\"name\":\"Piperspin\",\"description\":\"\",\"publisher\":{\"@id\":\"https:\\\/\\\/piperspinuk.org\\\/pl\\\/#organization\"},\"potentialAction\":[{\"@type\":\"SearchAction\",\"target\":{\"@type\":\"EntryPoint\",\"urlTemplate\":\"https:\\\/\\\/piperspinuk.org\\\/pl\\\/?s={search_term_string}\"},\"query-input\":{\"@type\":\"PropertyValueSpecification\",\"valueRequired\":true,\"valueName\":\"search_term_string\"}}],\"inLanguage\":\"pl-PL\"},{\"@type\":\"Organization\",\"@id\":\"https:\\\/\\\/piperspinuk.org\\\/pl\\\/#organization\",\"name\":\"Piperspin\",\"url\":\"https:\\\/\\\/piperspinuk.org\\\/pl\\\/\",\"logo\":{\"@type\":\"ImageObject\",\"inLanguage\":\"pl-PL\",\"@id\":\"https:\\\/\\\/piperspinuk.org\\\/pl\\\/#\\\/schema\\\/logo\\\/image\\\/\",\"url\":\"https:\\\/\\\/piperspinuk.org\\\/wp-content\\\/uploads\\\/2025\\\/12\\\/Piperspin-desktop-logo.webp\",\"contentUrl\":\"https:\\\/\\\/piperspinuk.org\\\/wp-content\\\/uploads\\\/2025\\\/12\\\/Piperspin-desktop-logo.webp\",\"width\":208,\"height\":49,\"caption\":\"Piperspin\"},\"image\":{\"@id\":\"https:\\\/\\\/piperspinuk.org\\\/pl\\\/#\\\/schema\\\/logo\\\/image\\\/\"}}]}<\/script>\n<!-- \/ Yoast SEO plugin. -->","yoast_head_json":{"title":"Piperspin Aplikacja | Platformy iOS i Android","description":"Aplikacja Piperspin zapewnia p\u0142ynn\u0105 rozgrywk\u0119 w kasynie na systemach Android, iOS, Windows i macOS, oferuj\u0105c zsynchronizowane konta, regularne aktualizacje i wbudowan\u0105 obs\u0142ug\u0119 klienta, co gwarantuje bezproblemowe korzystanie z aplikacji.","robots":{"index":"index","follow":"follow","max-snippet":"max-snippet:-1","max-image-preview":"max-image-preview:large","max-video-preview":"max-video-preview:-1"},"canonical":"https:\/\/piperspinuk.org\/pl\/aplikacja\/","og_locale":"pl_PL","og_type":"article","og_title":"Piperspin Aplikacja | Platformy iOS i Android","og_description":"Aplikacja Piperspin zapewnia p\u0142ynn\u0105 rozgrywk\u0119 w kasynie na systemach Android, iOS, Windows i macOS, oferuj\u0105c zsynchronizowane konta, regularne aktualizacje i wbudowan\u0105 obs\u0142ug\u0119 klienta, co gwarantuje bezproblemowe korzystanie z aplikacji.","og_url":"https:\/\/piperspinuk.org\/pl\/aplikacja\/","og_site_name":"piperspin","article_modified_time":"2025-12-22T11:18:25+00:00","twitter_card":"summary_large_image","twitter_misc":{"Est. reading time":"2 minuty"},"schema":{"@context":"https:\/\/schema.org","@graph":[{"@type":"WebPage","@id":"https:\/\/piperspinuk.org\/pl\/aplikacja\/","url":"https:\/\/piperspinuk.org\/pl\/aplikacja\/","name":"Piperspin Aplikacja | Platformy iOS i Android","isPartOf":{"@id":"https:\/\/piperspinuk.org\/pl\/#website"},"datePublished":"2025-12-22T07:27:25+00:00","dateModified":"2025-12-22T11:18:25+00:00","description":"Aplikacja Piperspin zapewnia p\u0142ynn\u0105 rozgrywk\u0119 w kasynie na systemach Android, iOS, Windows i macOS, oferuj\u0105c zsynchronizowane konta, regularne aktualizacje i wbudowan\u0105 obs\u0142ug\u0119 klienta, co gwarantuje bezproblemowe korzystanie z aplikacji.","breadcrumb":{"@id":"https:\/\/piperspinuk.org\/pl\/aplikacja\/#breadcrumb"},"inLanguage":"pl-PL","potentialAction":[{"@type":"ReadAction","target":["https:\/\/piperspinuk.org\/pl\/aplikacja\/"]}]},{"@type":"BreadcrumbList","@id":"https:\/\/piperspinuk.org\/pl\/aplikacja\/#breadcrumb","itemListElement":[{"@type":"ListItem","position":1,"name":"Piperspin","item":"https:\/\/piperspinuk.org\/pl\/"},{"@type":"ListItem","position":2,"name":"Aplikacja"}]},{"@type":"WebSite","@id":"https:\/\/piperspinuk.org\/pl\/#website","url":"https:\/\/piperspinuk.org\/pl\/","name":"Piperspin","description":"","publisher":{"@id":"https:\/\/piperspinuk.org\/pl\/#organization"},"potentialAction":[{"@type":"SearchAction","target":{"@type":"EntryPoint","urlTemplate":"https:\/\/piperspinuk.org\/pl\/?s={search_term_string}"},"query-input":{"@type":"PropertyValueSpecification","valueRequired":true,"valueName":"search_term_string"}}],"inLanguage":"pl-PL"},{"@type":"Organization","@id":"https:\/\/piperspinuk.org\/pl\/#organization","name":"Piperspin","url":"https:\/\/piperspinuk.org\/pl\/","logo":{"@type":"ImageObject","inLanguage":"pl-PL","@id":"https:\/\/piperspinuk.org\/pl\/#\/schema\/logo\/image\/","url":"https:\/\/piperspinuk.org\/wp-content\/uploads\/2025\/12\/Piperspin-desktop-logo.webp","contentUrl":"https:\/\/piperspinuk.org\/wp-content\/uploads\/2025\/12\/Piperspin-desktop-logo.webp","width":208,"height":49,"caption":"Piperspin"},"image":{"@id":"https:\/\/piperspinuk.org\/pl\/#\/schema\/logo\/image\/"}}]}},"_links":{"self":[{"href":"https:\/\/piperspinuk.org\/pl\/wp-json\/wp\/v2\/pages\/1432","targetHints":{"allow":["GET"]}}],"collection":[{"href":"https:\/\/piperspinuk.org\/pl\/wp-json\/wp\/v2\/pages"}],"about":[{"href":"https:\/\/piperspinuk.org\/pl\/wp-json\/wp\/v2\/types\/page"}],"author":[{"embeddable":true,"href":"https:\/\/piperspinuk.org\/pl\/wp-json\/wp\/v2\/users\/1"}],"replies":[{"embeddable":true,"href":"https:\/\/piperspinuk.org\/pl\/wp-json\/wp\/v2\/comments?post=1432"}],"version-history":[{"count":2,"href":"https:\/\/piperspinuk.org\/pl\/wp-json\/wp\/v2\/pages\/1432\/revisions"}],"predecessor-version":[{"id":1778,"href":"https:\/\/piperspinuk.org\/pl\/wp-json\/wp\/v2\/pages\/1432\/revisions\/1778"}],"wp:attachment":[{"href":"https:\/\/piperspinuk.org\/pl\/wp-json\/wp\/v2\/media?parent=1432"}],"curies":[{"name":"wp","href":"https:\/\/api.w.org\/{rel}","templated":true}]}}