{"id":1471,"date":"2025-12-22T07:30:08","date_gmt":"2025-12-22T07:30:08","guid":{"rendered":"https:\/\/piperspinuk.org\/login-and-registration\/"},"modified":"2025-12-22T11:22:37","modified_gmt":"2025-12-22T11:22:37","slug":"logowanie-i-rejestracja","status":"publish","type":"page","link":"https:\/\/piperspinuk.org\/pl\/logowanie-i-rejestracja\/","title":{"rendered":"Logowanie i rejestracja"},"content":{"rendered":"<h1>Logowanie do Piperspin: szybka rejestracja<\/h1>\n<p>Piperspin login daje polskim graczom mo\u017cliwo\u015b\u0107 szybkiego i bezpiecznego dost\u0119pu do dynamicznego \u015brodowiska kasyna online. Nasza strona oferuje szeroki wyb\u00f3r gier, us\u0142ugi bezpiecze\u0144stwa i obs\u0142ug\u0119 klienta, aby zapewni\u0107 lepsz\u0105 i bezpieczn\u0105 rozrywk\u0119 hazardow\u0105. Piperspin Casino jest nastawione na zapewnienie \u0142atwej nawigacji i wysokiej jako\u015bci us\u0142ug na wszystkich poziomach dla pasjonat\u00f3w hazardu.<\/p>\n<p><div class=\"banner-wrap\" aria-label=\"Banner\"><img src=\"https:\/\/piperspinuk.org\/wp-content\/uploads\/2025\/12\/TOwKZNmxqjNhxfrdqEkN.webp\" class=\"w-100 d-none d-lg-block img-pc main-banner-img\" alt=\"Piperspin desktop banner\" fetchpriority=\"high\" decoding=\"async\"><img src=\"https:\/\/piperspinuk.org\/wp-content\/uploads\/2025\/12\/Piperspin-mobile-banner.webp\" class=\"w-100 d-none d-md-block d-lg-none main-banner-img\" alt=\"Piperspin mobile banner\" fetchpriority=\"high\" decoding=\"async\"><img src=\"https:\/\/piperspinuk.org\/wp-content\/uploads\/2025\/12\/Piperspin-mobile-banner.webp\" class=\"w-100 d-md-none\" alt=\"Piperspin mobile banner\" fetchpriority=\"high\" decoding=\"async\"><div class=\"banner-description\">\n<div class=\"banner-title\">Bonusy powitalne<\/div>\n<p class=\"banner-header-title\">1500 \u20ac<\/p>\n<div class=\"banner-header-AdditionalText\">+ 250 Darmowe spiny<\/div>\n<button data-item=\"homepage_banner_link\" class=\"goto m-button m-gradient-border m-button--primary m-button--large banner-button btn-orange\">\n            <div class=\"m-button-content\">\n                <span>Zarejestruj si\u0119 teraz<\/span>\n                <span><\/span>\n            <\/div>\n        <\/button>\n<\/div>\n<div class=\"WelcomePack\">\n<p><img loading=\"lazy\" decoding=\"async\" class=\"alignnone wp-image-1339 size-full\" src=\"https:\/\/piperspinuk.org\/wp-content\/uploads\/2025\/12\/welcome-crown.svg\" alt=\"crown\" width=\"25\" height=\"26\" \/><\/p>\n<div class=\"WelcomePack-Info\">Cotygodniowy zwrot got\u00f3wki do 25%<\/div>\n<p><img loading=\"lazy\" decoding=\"async\" class=\"alignnone wp-image-1339 size-full\" src=\"https:\/\/piperspinuk.org\/wp-content\/uploads\/2025\/12\/welcome-crown.svg\" alt=\"crown\" width=\"25\" height=\"26\" \/><\/p>\n<\/div>\n<\/div><div class=\"scrollable-content-wrap my-5\"><div class=\"scrollable-content-inner\"><h2>Piper Spin Casino rejestracja dla nowych graczy<\/h2>\n<p>Za\u0142o\u017cenie konta w naszym kasynie i pierwsze zalogowanie si\u0119 do Piperspin to ca\u0142kiem fajna sprawa! Dzi\u0119ki temu mo\u017cesz w pe\u0142ni wykorzysta\u0107 potencja\u0142 naszej strony. Nowi gracze maj\u0105 dost\u0119p do ponad 6000 automat\u00f3w, gier sto\u0142owych, drop\u00f3w i wygranych, r\u00f3\u017cnych kart i krupier\u00f3w na \u017cywo, a do tego ekskluzywnych bonus\u00f3w.<\/p>\n<p>Utworzenie konta u\u0142atwia r\u00f3wnie\u017c wp\u0142aty i wyp\u0142aty oraz zapewnia dost\u0119p do turniej\u00f3w i spersonalizowanej obs\u0142ugi konta. Zawsze starali\u015bmy si\u0119, aby proces rejestracji by\u0142 jak najprostszy, aby gracze mogli rozpocz\u0105\u0107 gr\u0119 przy minimalnym wysi\u0142ku.<\/p>\n<h2>Za\u0142\u00f3\u017c konto<\/h2>\n<p>Jeste\u015bmy pewni, \u017ce chcesz za\u0142o\u017cy\u0107 w\u0142asne konto. Nie ma nic prostszego! Proces rejestracji w Piperspin Casino jest do\u015b\u0107 prosty i zosta\u0142 zabezpieczony w najwy\u017cszym stopniu; mo\u017cna go podsumowa\u0107 w nast\u0119puj\u0105cy spos\u00f3b:<\/p>\n<ol>\n<li>Przejd\u017a do naszej strony g\u0142\u00f3wnej Piperspin Casino i znajd\u017a przycisk \u201eZarejestruj si\u0119\u201d, kt\u00f3ry znajduje si\u0119 w prawym g\u00f3rnym rogu strony g\u0142\u00f3wnej.<\/li>\n<li>Jednym klikni\u0119ciem mo\u017cna przej\u015b\u0107 do formularza rejestracyjnego, w kt\u00f3rym wystarczy wype\u0142ni\u0107 tylko dwa pola.<\/li>\n<li>Wprowad\u017a prawid\u0142owy adres e-mail oraz silne i bezpieczne has\u0142o. Aby zapewni\u0107 najwy\u017cszy poziom bezpiecze\u0144stwa, zaleca si\u0119 r\u00f3wnie\u017c u\u017cycie wielkich i ma\u0142ych liter, cyfr oraz symboli.<\/li>\n<li>Zaakceptuj warunki i upewnij si\u0119, \u017ce masz uko\u0144czone 18 lat.<\/li>\n<li>Je\u015bli chcesz, zapisz si\u0119 do naszego newslettera promocyjnego.<\/li>\n<li>Doko\u0144cz rejestracj\u0119, korzystaj\u0105c z odpowiedniego przycisku.<\/li>\n<li>Potwierd\u017a sw\u00f3j adres e-mail, klikaj\u0105c link wys\u0142any na Twoj\u0105 skrzynk\u0119 odbiorcz\u0105, co spowoduje aktywacj\u0119 konta. Teraz mo\u017cesz zalogowa\u0107 si\u0119 po raz pierwszy do serwisu Piperspin!<\/li>\n<\/ol>\n<h2>Zacznij od za\u0142o\u017cenia konta w Piperspin Casino.<\/h2>\n<p>Logowanie si\u0119 na konto w kasynie Piperspin jest skuteczne i bezpieczne:<\/p>\n<ol>\n<li>Przejd\u017a do strony g\u0142\u00f3wnej kasyna Piperspin.<\/li>\n<li>Znajd\u017a przycisk logowania w prawym g\u00f3rnym rogu strony g\u0142\u00f3wnej.<\/li>\n<li>Wpisz sw\u00f3j adres e-mail i has\u0142o.<\/li>\n<li>Zako\u0144cz proces weryfikacji, wpisuj\u0105c kod otrzymany w wiadomo\u015bci SMS lub aplikacji uwierzytelniaj\u0105cej.<\/li>\n<li>Zaloguj si\u0119 do swojego konta Piperspin login.<\/li>\n<\/ol>\n<p>P\u00f3\u017aniej, ju\u017c po zalogowaniu si\u0119 na konto, mo\u017cna r\u00f3wnie\u017c doda\u0107 wi\u0119cej danych osobowych, w tym imi\u0119 i nazwisko, dat\u0119 urodzenia oraz adres w ustawieniach (b\u0119dzie to przydatne w przysz\u0142o\u015bci do weryfikacji to\u017csamo\u015bci u\u017cytkownika). Ten dynamiczny proces logowania do Piperspin, bez \u017cadnych op\u00f3\u017anie\u0144, umo\u017cliwia ka\u017cdemu nowemu graczowi rozpocz\u0119cie gry na naszej platformie w dowolnym momencie. Mog\u0105 oni doda\u0107 dodatkowe informacje, gdy uznaj\u0105 to za stosowne, aby dokona\u0107 wp\u0142aty.<\/p>\n<p>Co mo\u017cesz zrobi\u0107 na swoim koncie w kasynie Piperspin:<\/p>\n<ul>\n<li>Ochrona danych osobowych i kontaktowych.<\/li>\n<li>Kontroluj procedury wp\u0142at i wyp\u0142at.<\/li>\n<li>W\u0142\u0105cz lub wy\u0142\u0105cz uwierzytelnianie dwusk\u0142adnikowe, aby zwi\u0119kszy\u0107 bezpiecze\u0144stwo.<\/li>\n<li>Sprawd\u017a histori\u0119 transakcji i bonus\u00f3w.<\/li>\n<li>Prze\u015blij dokumenty do weryfikacji przez zesp\u00f3\u0142 pomocy technicznej.<\/li>\n<li>We\u017a udzia\u0142 w specjalnych propozycjach i turniejach.<\/li>\n<\/ul>\n<h3>Nie pami\u0119tasz has\u0142a?<\/h3>\n<p>Kasyno Piperspin posiada bezpieczn\u0105 procedur\u0119 odzyskiwania has\u0142a na wypadek jego utraty:<\/p>\n<ol>\n<li>Wybierz link \u201eNie pami\u0119tasz has\u0142a?\u201d na stronie logowania po klikni\u0119ciu.<\/li>\n<li>Wpisz sw\u00f3j zarejestrowany adres e-mail.<\/li>\n<li>Wr\u00f3cimy do Ciebie z e-mailem resetuj\u0105cym has\u0142o.<\/li>\n<li>Post\u0119puj zgodnie z instrukcjami zawartymi w nim.<\/li>\n<li>Kliknij link dotycz\u0105cy tworzenia has\u0142a og\u00f3lnego i utw\u00f3rz nowe has\u0142o zgodne z wymogami bezpiecze\u0144stwa.<\/li>\n<\/ol>\n<p>Jest to szybkie i bezpieczne rozwi\u0105zanie, kt\u00f3re nie zak\u0142\u00f3ci Twojej rozgrywki.<\/p>\n<h2>Zabezpieczenie i potwierdzenie konta Piper Spin Casino<\/h2>\n<p>W Piperspin bezpiecze\u0144stwo jest naszym najwy\u017cszym priorytetem. Gracze s\u0105 dla nas bardzo wa\u017cni. Wszystko weryfikujemy za pomoc\u0105 autentycznych dokument\u00f3w to\u017csamo\u015bci, takich jak adres i dow\u00f3d osobisty. Walczymy z oszustwami 24 godziny na dob\u0119, 7 dni w tygodniu. Proces weryfikacji mo\u017ce trwa\u0107 do 48 godzin, a nasz zesp\u00f3\u0142 wsparcia sprawdzi przes\u0142ane dokumenty i poinformuje Ci\u0119 o wszelkich dodatkowych wymaganiach. Jest to konieczne, aby u\u0142atwi\u0107 transakcje wyp\u0142at i zwi\u0119kszy\u0107 bezpiecze\u0144stwo kont. Zapoznaj si\u0119 z tym, co robimy:<\/p>\n<table>\n<tbody>\n<tr>\n<td>Rodzaj ochrony<\/td>\n<td>\u015arodki<\/td>\n<\/tr>\n<tr>\n<td>Bezpiecze\u0144stwo platformy<\/td>\n<td>256-bitowe szyfrowanie SSL, uwierzytelnianie dwusk\u0142adnikowe, zgodno\u015b\u0107 z RODO, certyfikowany generator liczb losowych (RNG), protok\u00f3\u0142 HTTPS<\/td>\n<\/tr>\n<tr>\n<td>Obs\u0142uga klienta<\/td>\n<td>Wieloj\u0119zyczna obs\u0142uga klienta, czat na \u017cywo, pomoc przez e-mail 24 godziny na dob\u0119, 7 dni w tygodniu<\/td>\n<\/tr>\n<tr>\n<td>Wymagania dotycz\u0105ce rejestracji<\/td>\n<td>Prawid\u0142owy adres e-mail, weryfikacja wieku, opcjonalne dane osobowe<\/td>\n<\/tr>\n<tr>\n<td>Proces weryfikacji<\/td>\n<td>Przes\u0142anie dokument\u00f3w to\u017csamo\u015bci (dow\u00f3d osobisty lub prawo jazdy), weryfikacja w ci\u0105gu 2 dni<\/td>\n<\/tr>\n<\/tbody>\n<\/table>\n<h2>Cz\u0119sto zadawane pytania<\/h2>\n<h3>Jak zako\u0144czy\u0107 proces weryfikacji konta?<\/h3>\n<p>Aby potwierdzi\u0107 swoje konto Piperspin, nale\u017cy dokona\u0107 logowania do serwisu Piperspin i niezw\u0142ocznie dostarczy\u0107 wyra\u017ane kopie wa\u017cnych dokument\u00f3w to\u017csamo\u015bci (paszportu lub prawa jazdy itp.) oraz dowodu adresu zamieszkania. Zesp\u00f3\u0142 pomocy technicznej sprawdza przes\u0142ane dokumenty w ci\u0105gu 48 godzin i informuje Ci\u0119 o dalszych dzia\u0142aniach. Uwierzytelnienie zapewnia bezpiecze\u0144stwo Twojego konta i umo\u017cliwia wyp\u0142at\u0119 \u015brodk\u00f3w.<\/p>\n<h3>Jak zaktualizowa\u0107 has\u0142o lub adres e-mail?<\/h3>\n<p>Po zalogowaniu si\u0119 do serwisu Piperspin przejd\u017a do ustawie\u0144 konta i sekcji bezpiecze\u0144stwa, aby zmieni\u0107 has\u0142o lub adres e-mail. Wprowad\u017a nowe informacje i potwierd\u017a zmiany. Upewnij si\u0119, \u017ce nowe has\u0142o spe\u0142nia wymagane standardy bezpiecze\u0144stwa, aby zapewni\u0107 bezpiecze\u0144stwo konta.<\/p>\n<h3>Co mam zrobi\u0107, je\u015bli moje konto Piper Spin zosta\u0142o zablokowane?<\/h3>\n<p>Najpierw upewnij si\u0119, \u017ce wykona\u0142e\u015b logowanie do Piperspin, a nadal nie mo\u017cesz wej\u015b\u0107. Gdy Twoje konto Piperspin zostanie zablokowane, skontaktuj si\u0119 z naszym zespo\u0142em pomocy technicznej za po\u015brednictwem czatu na \u017cywo lub poczty elektronicznej. Po\u017c\u0105daj uwierzytelnienia swojej to\u017csamo\u015bci, a nasz zesp\u00f3\u0142 pomocy technicznej pomo\u017ce odblokowa\u0107 Twoje konto bez wi\u0119kszej straty czasu, je\u015bli wszystko jest w porz\u0105dku i nie pope\u0142ni\u0142e\u015b \u017cadnego oszustwa.<\/p>\n<h3>Jak zamkn\u0105\u0107 lub tymczasowo zawiesi\u0107 swoje konto?<\/h3>\n<p>Mo\u017cesz zamkn\u0105\u0107 lub zawiesi\u0107 swoje konto, sk\u0142adaj\u0105c nam odpowiedni wniosek w ustawieniach konta lub kontaktuj\u0105c si\u0119 z dzia\u0142em pomocy technicznej. Nasz zesp\u00f3\u0142 pomo\u017ce Ci przej\u015b\u0107 przez wymagane procedury, uwzgl\u0119dniaj\u0105c Twoje preferencje i zapewniaj\u0105c bezpiecze\u0144stwo Twoich danych.<\/p>\n<\/div><\/div><\/p>\n","protected":false},"excerpt":{"rendered":"<p>Logowanie do Piperspin: szybka rejestracja Piperspin login daje polskim graczom mo\u017cliwo\u015b\u0107 szybkiego i bezpiecznego dost\u0119pu do dynamicznego \u015brodowiska kasyna online. Nasza strona oferuje szeroki wyb\u00f3r gier, us\u0142ugi bezpiecze\u0144stwa i obs\u0142ug\u0119 klienta, aby zapewni\u0107 lepsz\u0105 i bezpieczn\u0105 rozrywk\u0119 hazardow\u0105. Piperspin Casino jest nastawione na zapewnienie \u0142atwej nawigacji i wysokiej jako\u015bci us\u0142ug na wszystkich poziomach dla pasjonat\u00f3w [&hellip;]<\/p>\n","protected":false},"author":1,"featured_media":0,"parent":0,"menu_order":0,"comment_status":"closed","ping_status":"closed","template":"template-builder.php","meta":{"_acf_changed":false,"inline_featured_image":false,"footnotes":""},"class_list":["post-1471","page","type-page","status-publish","hentry"],"acf":[],"yoast_head":"<!-- This site is optimized with the Yoast SEO plugin v27.3 - https:\/\/yoast.com\/product\/yoast-seo-wordpress\/ -->\n<title>Piperspin Logowanie i rejestracja<\/title>\n<meta name=\"description\" content=\"Bez wysi\u0142ku tw\u00f3rz, zarz\u0105dzaj i weryfikuj swoje konto w kasynie Piperspin. Ciesz si\u0119 szybk\u0105 rejestracj\u0105, \u0142atwym odzyskiwaniem konta i bezpiecznym zamkni\u0119ciem dzi\u0119ki Piperspin Login, zapewniaj\u0105cym ochron\u0119 Twojego konta przez ca\u0142\u0105 dob\u0119.\" \/>\n<meta name=\"robots\" content=\"index, follow, max-snippet:-1, max-image-preview:large, max-video-preview:-1\" \/>\n<link rel=\"canonical\" href=\"https:\/\/piperspinuk.org\/pl\/logowanie-i-rejestracja\/\" \/>\n<meta property=\"og:locale\" content=\"pl_PL\" \/>\n<meta property=\"og:type\" content=\"article\" \/>\n<meta property=\"og:title\" content=\"Piperspin Logowanie i rejestracja\" \/>\n<meta property=\"og:description\" content=\"Bez wysi\u0142ku tw\u00f3rz, zarz\u0105dzaj i weryfikuj swoje konto w kasynie Piperspin. Ciesz si\u0119 szybk\u0105 rejestracj\u0105, \u0142atwym odzyskiwaniem konta i bezpiecznym zamkni\u0119ciem dzi\u0119ki Piperspin Login, zapewniaj\u0105cym ochron\u0119 Twojego konta przez ca\u0142\u0105 dob\u0119.\" \/>\n<meta property=\"og:url\" content=\"https:\/\/piperspinuk.org\/pl\/logowanie-i-rejestracja\/\" \/>\n<meta property=\"og:site_name\" content=\"piperspin\" \/>\n<meta property=\"article:modified_time\" content=\"2025-12-22T11:22:37+00:00\" \/>\n<meta name=\"twitter:card\" content=\"summary_large_image\" \/>\n<meta name=\"twitter:label1\" content=\"Est. reading time\" \/>\n\t<meta name=\"twitter:data1\" content=\"1 minuta\" \/>\n<script type=\"application\/ld+json\" class=\"yoast-schema-graph\">{\"@context\":\"https:\\\/\\\/schema.org\",\"@graph\":[{\"@type\":\"WebPage\",\"@id\":\"https:\\\/\\\/piperspinuk.org\\\/pl\\\/logowanie-i-rejestracja\\\/\",\"url\":\"https:\\\/\\\/piperspinuk.org\\\/pl\\\/logowanie-i-rejestracja\\\/\",\"name\":\"Piperspin Logowanie i rejestracja\",\"isPartOf\":{\"@id\":\"https:\\\/\\\/piperspinuk.org\\\/pl\\\/#website\"},\"datePublished\":\"2025-12-22T07:30:08+00:00\",\"dateModified\":\"2025-12-22T11:22:37+00:00\",\"description\":\"Bez wysi\u0142ku tw\u00f3rz, zarz\u0105dzaj i weryfikuj swoje konto w kasynie Piperspin. Ciesz si\u0119 szybk\u0105 rejestracj\u0105, \u0142atwym odzyskiwaniem konta i bezpiecznym zamkni\u0119ciem dzi\u0119ki Piperspin Login, zapewniaj\u0105cym ochron\u0119 Twojego konta przez ca\u0142\u0105 dob\u0119.\",\"breadcrumb\":{\"@id\":\"https:\\\/\\\/piperspinuk.org\\\/pl\\\/logowanie-i-rejestracja\\\/#breadcrumb\"},\"inLanguage\":\"pl-PL\",\"potentialAction\":[{\"@type\":\"ReadAction\",\"target\":[\"https:\\\/\\\/piperspinuk.org\\\/pl\\\/logowanie-i-rejestracja\\\/\"]}]},{\"@type\":\"BreadcrumbList\",\"@id\":\"https:\\\/\\\/piperspinuk.org\\\/pl\\\/logowanie-i-rejestracja\\\/#breadcrumb\",\"itemListElement\":[{\"@type\":\"ListItem\",\"position\":1,\"name\":\"Piperspin\",\"item\":\"https:\\\/\\\/piperspinuk.org\\\/pl\\\/\"},{\"@type\":\"ListItem\",\"position\":2,\"name\":\"Logowanie i rejestracja\"}]},{\"@type\":\"WebSite\",\"@id\":\"https:\\\/\\\/piperspinuk.org\\\/pl\\\/#website\",\"url\":\"https:\\\/\\\/piperspinuk.org\\\/pl\\\/\",\"name\":\"Piperspin\",\"description\":\"\",\"publisher\":{\"@id\":\"https:\\\/\\\/piperspinuk.org\\\/pl\\\/#organization\"},\"potentialAction\":[{\"@type\":\"SearchAction\",\"target\":{\"@type\":\"EntryPoint\",\"urlTemplate\":\"https:\\\/\\\/piperspinuk.org\\\/pl\\\/?s={search_term_string}\"},\"query-input\":{\"@type\":\"PropertyValueSpecification\",\"valueRequired\":true,\"valueName\":\"search_term_string\"}}],\"inLanguage\":\"pl-PL\"},{\"@type\":\"Organization\",\"@id\":\"https:\\\/\\\/piperspinuk.org\\\/pl\\\/#organization\",\"name\":\"Piperspin\",\"url\":\"https:\\\/\\\/piperspinuk.org\\\/pl\\\/\",\"logo\":{\"@type\":\"ImageObject\",\"inLanguage\":\"pl-PL\",\"@id\":\"https:\\\/\\\/piperspinuk.org\\\/pl\\\/#\\\/schema\\\/logo\\\/image\\\/\",\"url\":\"https:\\\/\\\/piperspinuk.org\\\/wp-content\\\/uploads\\\/2025\\\/12\\\/Piperspin-desktop-logo.webp\",\"contentUrl\":\"https:\\\/\\\/piperspinuk.org\\\/wp-content\\\/uploads\\\/2025\\\/12\\\/Piperspin-desktop-logo.webp\",\"width\":208,\"height\":49,\"caption\":\"Piperspin\"},\"image\":{\"@id\":\"https:\\\/\\\/piperspinuk.org\\\/pl\\\/#\\\/schema\\\/logo\\\/image\\\/\"}}]}<\/script>\n<!-- \/ Yoast SEO plugin. -->","yoast_head_json":{"title":"Piperspin Logowanie i rejestracja","description":"Bez wysi\u0142ku tw\u00f3rz, zarz\u0105dzaj i weryfikuj swoje konto w kasynie Piperspin. Ciesz si\u0119 szybk\u0105 rejestracj\u0105, \u0142atwym odzyskiwaniem konta i bezpiecznym zamkni\u0119ciem dzi\u0119ki Piperspin Login, zapewniaj\u0105cym ochron\u0119 Twojego konta przez ca\u0142\u0105 dob\u0119.","robots":{"index":"index","follow":"follow","max-snippet":"max-snippet:-1","max-image-preview":"max-image-preview:large","max-video-preview":"max-video-preview:-1"},"canonical":"https:\/\/piperspinuk.org\/pl\/logowanie-i-rejestracja\/","og_locale":"pl_PL","og_type":"article","og_title":"Piperspin Logowanie i rejestracja","og_description":"Bez wysi\u0142ku tw\u00f3rz, zarz\u0105dzaj i weryfikuj swoje konto w kasynie Piperspin. Ciesz si\u0119 szybk\u0105 rejestracj\u0105, \u0142atwym odzyskiwaniem konta i bezpiecznym zamkni\u0119ciem dzi\u0119ki Piperspin Login, zapewniaj\u0105cym ochron\u0119 Twojego konta przez ca\u0142\u0105 dob\u0119.","og_url":"https:\/\/piperspinuk.org\/pl\/logowanie-i-rejestracja\/","og_site_name":"piperspin","article_modified_time":"2025-12-22T11:22:37+00:00","twitter_card":"summary_large_image","twitter_misc":{"Est. reading time":"1 minuta"},"schema":{"@context":"https:\/\/schema.org","@graph":[{"@type":"WebPage","@id":"https:\/\/piperspinuk.org\/pl\/logowanie-i-rejestracja\/","url":"https:\/\/piperspinuk.org\/pl\/logowanie-i-rejestracja\/","name":"Piperspin Logowanie i rejestracja","isPartOf":{"@id":"https:\/\/piperspinuk.org\/pl\/#website"},"datePublished":"2025-12-22T07:30:08+00:00","dateModified":"2025-12-22T11:22:37+00:00","description":"Bez wysi\u0142ku tw\u00f3rz, zarz\u0105dzaj i weryfikuj swoje konto w kasynie Piperspin. Ciesz si\u0119 szybk\u0105 rejestracj\u0105, \u0142atwym odzyskiwaniem konta i bezpiecznym zamkni\u0119ciem dzi\u0119ki Piperspin Login, zapewniaj\u0105cym ochron\u0119 Twojego konta przez ca\u0142\u0105 dob\u0119.","breadcrumb":{"@id":"https:\/\/piperspinuk.org\/pl\/logowanie-i-rejestracja\/#breadcrumb"},"inLanguage":"pl-PL","potentialAction":[{"@type":"ReadAction","target":["https:\/\/piperspinuk.org\/pl\/logowanie-i-rejestracja\/"]}]},{"@type":"BreadcrumbList","@id":"https:\/\/piperspinuk.org\/pl\/logowanie-i-rejestracja\/#breadcrumb","itemListElement":[{"@type":"ListItem","position":1,"name":"Piperspin","item":"https:\/\/piperspinuk.org\/pl\/"},{"@type":"ListItem","position":2,"name":"Logowanie i rejestracja"}]},{"@type":"WebSite","@id":"https:\/\/piperspinuk.org\/pl\/#website","url":"https:\/\/piperspinuk.org\/pl\/","name":"Piperspin","description":"","publisher":{"@id":"https:\/\/piperspinuk.org\/pl\/#organization"},"potentialAction":[{"@type":"SearchAction","target":{"@type":"EntryPoint","urlTemplate":"https:\/\/piperspinuk.org\/pl\/?s={search_term_string}"},"query-input":{"@type":"PropertyValueSpecification","valueRequired":true,"valueName":"search_term_string"}}],"inLanguage":"pl-PL"},{"@type":"Organization","@id":"https:\/\/piperspinuk.org\/pl\/#organization","name":"Piperspin","url":"https:\/\/piperspinuk.org\/pl\/","logo":{"@type":"ImageObject","inLanguage":"pl-PL","@id":"https:\/\/piperspinuk.org\/pl\/#\/schema\/logo\/image\/","url":"https:\/\/piperspinuk.org\/wp-content\/uploads\/2025\/12\/Piperspin-desktop-logo.webp","contentUrl":"https:\/\/piperspinuk.org\/wp-content\/uploads\/2025\/12\/Piperspin-desktop-logo.webp","width":208,"height":49,"caption":"Piperspin"},"image":{"@id":"https:\/\/piperspinuk.org\/pl\/#\/schema\/logo\/image\/"}}]}},"_links":{"self":[{"href":"https:\/\/piperspinuk.org\/pl\/wp-json\/wp\/v2\/pages\/1471","targetHints":{"allow":["GET"]}}],"collection":[{"href":"https:\/\/piperspinuk.org\/pl\/wp-json\/wp\/v2\/pages"}],"about":[{"href":"https:\/\/piperspinuk.org\/pl\/wp-json\/wp\/v2\/types\/page"}],"author":[{"embeddable":true,"href":"https:\/\/piperspinuk.org\/pl\/wp-json\/wp\/v2\/users\/1"}],"replies":[{"embeddable":true,"href":"https:\/\/piperspinuk.org\/pl\/wp-json\/wp\/v2\/comments?post=1471"}],"version-history":[{"count":1,"href":"https:\/\/piperspinuk.org\/pl\/wp-json\/wp\/v2\/pages\/1471\/revisions"}],"predecessor-version":[{"id":1779,"href":"https:\/\/piperspinuk.org\/pl\/wp-json\/wp\/v2\/pages\/1471\/revisions\/1779"}],"wp:attachment":[{"href":"https:\/\/piperspinuk.org\/pl\/wp-json\/wp\/v2\/media?parent=1471"}],"curies":[{"name":"wp","href":"https:\/\/api.w.org\/{rel}","templated":true}]}}